{"id":10,"date":"2024-06-18T17:29:02","date_gmt":"2024-06-18T17:29:02","guid":{"rendered":"http:\/\/grafio.ee\/?page_id=10"},"modified":"2024-07-19T13:54:19","modified_gmt":"2024-07-19T10:54:19","slug":"delivery_rules","status":"publish","type":"page","link":"https:\/\/grafio.ee\/en\/delivery_rules\/","title":{"rendered":"Toodete kohaletoimetamine\u00a0"},"content":{"rendered":"<div data-elementor-type=\"wp-page\" data-elementor-id=\"10\" class=\"elementor elementor-10\" data-elementor-post-type=\"page\">\n\t\t\t\t<div class=\"elementor-element elementor-element-3f7e9adf e-flex e-con-boxed e-con e-parent\" data-id=\"3f7e9adf\" data-element_type=\"container\" data-e-type=\"container\">\n\t\t\t\t\t<div class=\"e-con-inner\">\n\t\t\t\t<div class=\"elementor-element elementor-element-1a2921bc elementor-widget elementor-widget-text-editor\" data-id=\"1a2921bc\" data-element_type=\"widget\" data-e-type=\"widget\" data-widget_type=\"text-editor.default\">\n\t\t\t\t<div class=\"elementor-widget-container\">\n\t\t\t\t\t\t\t\t\t<p><\/p>\n<p>Toodete<strong> kohaletoimetamine\u00a0<\/strong><br \/>1. Laos olevaid tooted postitame kliendile hiljemalt 7-10 t\u00f6\u00f6p\u00e4eva jooksul. Kui toode on laost otsas, kuvatake tellimusel orienteeruv saabumisaeg.\u00a0<span style=\"font-style: inherit; font-weight: inherit; text-align: var(--text-align); background-color: var(--ast-global-color-5); color: var(--ast-global-color-3);\">Antud tarneaegadele tuleb juurde Eestisisese postiliikumise aeg 3-7\u00a0t\u00f6\u00f6p\u00e4eva. Grafio Sisustus ei kohustu Kliendile tooteid teele panema n\u00e4dalavahetustel ja p\u00fchadel.\u00a0<\/span><span style=\"font-style: inherit; font-weight: inherit; text-align: var(--text-align); background-color: var(--ast-global-color-5); color: var(--ast-global-color-3);\">Grafio Sisustuse toodete eeldatavad tarneajad m\u00e4rgitud igal tootekaardil ja neile lisandub Eestisisene postiliikumise aeg 3-7 t\u00f6\u00f6p\u00e4eva.<\/span><\/p>\n<p><span style=\"font-style: inherit; font-weight: inherit; text-align: var(--text-align); background-color: var(--ast-global-color-5); color: var(--ast-global-color-3);\">2. Tellimuses esitatud andmete t\u00e4psusest ja \u00f5igsusest s\u00f5ltub viivituste ja arusaamatuste v\u00e4ltimine kauba kohaletoimetamisel.<\/span><\/p>\n<p><span style=\"font-style: inherit; font-weight: inherit; text-align: var(--text-align); background-color: var(--ast-global-color-5); color: var(--ast-global-color-3);\">3. \u201eTulen ise j\u00e4rele\u201c tarneviisi valimisel saab kauba k\u00e4tteT\u00e4nassilma tee 33, Saku vald 74606, Harjumaa, \u00a0Teisip\u00e4eval ja Neljap\u00e4eval kell 9.00-15.00, muudel aegadel palume \/ise j\u00e4rgi tulemine\/ t\u00e4psustada telefoni teel <a href=\"tel:+372 50 41180\">+372 50 41180<\/a> Mati Stroom<br \/><\/span><span style=\"font-style: inherit; font-weight: inherit; text-align: var(--text-align); background-color: var(--ast-global-color-5); color: var(--ast-global-color-3);\">Palume j\u00e4rgi tulla peale teavitust 5-p\u00e4eva jooksul.<br \/><\/span><span style=\"font-style: inherit; font-weight: inherit; text-align: var(--text-align); background-color: var(--ast-global-color-5); color: var(--ast-global-color-3);\">Juhul kui klient ei tule kaubale j\u00e4rgi 2 n\u00e4dala jooksul peale teavituse saatmist, on meil \u00f5igus k\u00fcsida m3 p\u00f5hist ladustamistasu 12\u20ac\/m3 kuus.<\/span><\/p>\n<p>Oluline info! Kui kaupa ei \u00f5nnestu Kliendile k\u00e4tte toimetada varasemalt kokkulepitud kuup\u00e4eval\u00a0Kliendist s\u00f5ltuvatel p\u00f5hjustel (kliendi kontakttelefon ei vasta, klienti ei ole kohal kauba kohaletoimetamise hetkel, klient soovib hilisemat kauba k\u00e4ttetoimetamise aega kui varem kokku lepitud). Sellisel juhul transporditasu ei kuulu tagastamisele, kuna\u00a0vedaja on kauba meie laost peale laadinud ja veo korraldanud.<\/p>\n<p><strong>Tagastamis\u00f5igus<\/strong><br \/>1. Peale tellimuse k\u00e4ttetoimetamist on Kliendil \u00f5igus tellitud tooted 14 p\u00e4eva jooksul tagastada. Taganemis\u00f5igus kehtib ainult eratarbijatele, juriidilistele isikutele seda ei kohaldata.<\/p>\n<p><span style=\"font-style: inherit; font-weight: inherit; text-align: var(--text-align); background-color: var(--ast-global-color-5); color: var(--ast-global-color-3);\">2. Tagastataval tootel peab alles olema Grafio Sisustuse poolt kinnitatud kleebis-tootekood.<\/span><\/p>\n<p><span style=\"font-style: inherit; font-weight: inherit; text-align: var(--text-align); background-color: var(--ast-global-color-5); color: var(--ast-global-color-3);\">3. Kauba tagastamiseks tuleb esitada Kauba tagastamise avaldus 14 p\u00e4eva jooksul peale tellimuse k\u00e4ttesaamist, Grafio Sisustus\u00a0kodulehel reklamatsiooni vormina<a href=\"https:\/\/grafio.ee\/en\/\">\u00a0https:\/\/www.grafio.ee\/<\/a><\/span><\/p>\n<p><span style=\"font-style: inherit; text-align: var(--text-align); background-color: var(--ast-global-color-5); color: var(--ast-global-color-3);\">4.\u00a0<\/span><strong style=\"font-style: inherit; text-align: var(--text-align); background-color: var(--ast-global-color-5); color: var(--ast-global-color-3);\">Kaup tuleb Kliendil Grafio Sisustuse lattu tagastad hiljemalt 14 p\u00e4eva jooksul alates tagastusavalduse esitamisest.\u00a0<\/strong><strong style=\"font-style: inherit; text-align: var(--text-align); background-color: var(--ast-global-color-5); color: var(--ast-global-color-3);\">Kaup tuleb antud aja jooksul tuua ise aadressile T\u00e4nassilma tee 33, Saku vald 74606.<\/strong><\/p>\n<p><span style=\"font-style: inherit; text-align: var(--text-align); background-color: var(--ast-global-color-5); color: var(--ast-global-color-3);\">5.\u00a0<\/span><span style=\"font-style: inherit; font-weight: inherit; text-align: var(--text-align); background-color: var(--ast-global-color-5); color: var(--ast-global-color-3);\">Tagasikanne teostatakse p\u00e4rast toote tagasitoomist Grafio Sisustuse lattu kuni 14 p\u00e4eva jooksul.\u00a0Raha tagastame ainult arveldusarvele, kust on tehtud \u00fclekanne tellimuse eest.<\/span><\/p>\n<p><strong>Tagastuse puhul palume t\u00e4ita reklamatsiooni vorm:<\/strong> <a href=\"\/en\/reklamatsiooni-vorm\/\">grafio.ee\/reklamatsiooni-vorm\/<\/a><\/p>\n<p><\/p>\t\t\t\t\t\t\t\t<\/div>\n\t\t\t\t<\/div>\n\t\t\t\t\t<\/div>\n\t\t\t\t<\/div>\n\t\t\t\t<\/div>","protected":false},"excerpt":{"rendered":"<p>Toodete kohaletoimetamine\u00a01. Laos olevaid tooted postitame kliendile hiljemalt 7-10 t\u00f6\u00f6p\u00e4eva jooksul. Kui toode on laost otsas, kuvatake tellimusel orienteeruv saabumisaeg.\u00a0Antud tarneaegadele tuleb juurde Eestisisese postiliikumise aeg 3-7\u00a0t\u00f6\u00f6p\u00e4eva. Grafio Sisustus ei kohustu Kliendile tooteid teele panema n\u00e4dalavahetustel ja p\u00fchadel.\u00a0Grafio Sisustuse toodete eeldatavad tarneajad m\u00e4rgitud igal tootekaardil ja neile lisandub Eestisisene postiliikumise aeg 3-7 t\u00f6\u00f6p\u00e4eva. 2. Tellimuses [&hellip;]<\/p>\n","protected":false},"author":1,"featured_media":0,"parent":0,"menu_order":0,"comment_status":"closed","ping_status":"closed","template":"","meta":{"site-sidebar-layout":"no-sidebar","site-content-layout":"","ast-site-content-layout":"full-width-container","site-content-style":"unboxed","site-sidebar-style":"default","ast-global-header-display":"","ast-banner-title-visibility":"","ast-main-header-display":"","ast-hfb-above-header-display":"","ast-hfb-below-header-display":"","ast-hfb-mobile-header-display":"","site-post-title":"disabled","ast-breadcrumbs-content":"disabled","ast-featured-img":"disabled","footer-sml-layout":"","ast-disable-related-posts":"","theme-transparent-header-meta":"default","adv-header-id-meta":"","stick-header-meta":"","header-above-stick-meta":"","header-main-stick-meta":"","header-below-stick-meta":"","astra-migrate-meta-layouts":"set","ast-page-background-enabled":"default","ast-page-background-meta":{"desktop":{"background-color":"var(--ast-global-color-4)","background-image":"","background-repeat":"repeat","background-position":"center center","background-size":"auto","background-attachment":"scroll","background-type":"","background-media":"","overlay-type":"","overlay-color":"","overlay-opacity":"","overlay-gradient":""},"tablet":{"background-color":"","background-image":"","background-repeat":"repeat","background-position":"center center","background-size":"auto","background-attachment":"scroll","background-type":"","background-media":"","overlay-type":"","overlay-color":"","overlay-opacity":"","overlay-gradient":""},"mobile":{"background-color":"","background-image":"","background-repeat":"repeat","background-position":"center center","background-size":"auto","background-attachment":"scroll","background-type":"","background-media":"","overlay-type":"","overlay-color":"","overlay-opacity":"","overlay-gradient":""}},"ast-content-background-meta":{"desktop":{"background-color":"var(--ast-global-color-5)","background-image":"","background-repeat":"repeat","background-position":"center center","background-size":"auto","background-attachment":"scroll","background-type":"","background-media":"","overlay-type":"","overlay-color":"","overlay-opacity":"","overlay-gradient":""},"tablet":{"background-color":"var(--ast-global-color-5)","background-image":"","background-repeat":"repeat","background-position":"center center","background-size":"auto","background-attachment":"scroll","background-type":"","background-media":"","overlay-type":"","overlay-color":"","overlay-opacity":"","overlay-gradient":""},"mobile":{"background-color":"var(--ast-global-color-5)","background-image":"","background-repeat":"repeat","background-position":"center center","background-size":"auto","background-attachment":"scroll","background-type":"","background-media":"","overlay-type":"","overlay-color":"","overlay-opacity":"","overlay-gradient":""}},"footnotes":""},"class_list":["post-10","page","type-page","status-publish","hentry"],"yoast_head":"<!-- This site is optimized with the Yoast SEO plugin v27.2 - https:\/\/yoast.com\/product\/yoast-seo-wordpress\/ -->\n<title>Toodete kohaletoimetamine\u00a0 - Grafio.ee<\/title>\n<meta name=\"robots\" content=\"index, follow, max-snippet:-1, max-image-preview:large, max-video-preview:-1\" \/>\n<link rel=\"canonical\" href=\"https:\/\/www.grafio.ee\/delivery_rules\/\" \/>\n<meta property=\"og:locale\" content=\"en_GB\" \/>\n<meta property=\"og:type\" content=\"article\" \/>\n<meta property=\"og:title\" content=\"Toodete kohaletoimetamine\u00a0 - Grafio.ee\" \/>\n<meta property=\"og:description\" content=\"Toodete kohaletoimetamine\u00a01. Laos olevaid tooted postitame kliendile hiljemalt 7-10 t\u00f6\u00f6p\u00e4eva jooksul. Kui toode on laost otsas, kuvatake tellimusel orienteeruv saabumisaeg.\u00a0Antud tarneaegadele tuleb juurde Eestisisese postiliikumise aeg 3-7\u00a0t\u00f6\u00f6p\u00e4eva. Grafio Sisustus ei kohustu Kliendile tooteid teele panema n\u00e4dalavahetustel ja p\u00fchadel.\u00a0Grafio Sisustuse toodete eeldatavad tarneajad m\u00e4rgitud igal tootekaardil ja neile lisandub Eestisisene postiliikumise aeg 3-7 t\u00f6\u00f6p\u00e4eva. 2. Tellimuses [&hellip;]\" \/>\n<meta property=\"og:url\" content=\"https:\/\/www.grafio.ee\/delivery_rules\/\" \/>\n<meta property=\"og:site_name\" content=\"Grafio.ee\" \/>\n<meta property=\"article:modified_time\" content=\"2024-07-19T10:54:19+00:00\" \/>\n<meta name=\"twitter:card\" content=\"summary_large_image\" \/>\n<meta name=\"twitter:label1\" content=\"Estimated reading time\" \/>\n\t<meta name=\"twitter:data1\" content=\"2 minutes\" \/>\n<script type=\"application\/ld+json\" class=\"yoast-schema-graph\">{\"@context\":\"https:\/\/schema.org\",\"@graph\":[{\"@type\":\"WebPage\",\"@id\":\"https:\/\/www.grafio.ee\/delivery_rules\/\",\"url\":\"https:\/\/www.grafio.ee\/delivery_rules\/\",\"name\":\"Toodete kohaletoimetamine\u00a0 - Grafio.ee\",\"isPartOf\":{\"@id\":\"https:\/\/grafio.ee\/#website\"},\"datePublished\":\"2024-06-18T17:29:02+00:00\",\"dateModified\":\"2024-07-19T10:54:19+00:00\",\"breadcrumb\":{\"@id\":\"https:\/\/www.grafio.ee\/delivery_rules\/#breadcrumb\"},\"inLanguage\":\"en-GB\",\"potentialAction\":[{\"@type\":\"ReadAction\",\"target\":[\"https:\/\/www.grafio.ee\/delivery_rules\/\"]}]},{\"@type\":\"BreadcrumbList\",\"@id\":\"https:\/\/www.grafio.ee\/delivery_rules\/#breadcrumb\",\"itemListElement\":[{\"@type\":\"ListItem\",\"position\":1,\"name\":\"Home\",\"item\":\"https:\/\/grafio.ee\/\"},{\"@type\":\"ListItem\",\"position\":2,\"name\":\"Toodete kohaletoimetamine\u00a0\"}]},{\"@type\":\"WebSite\",\"@id\":\"https:\/\/grafio.ee\/#website\",\"url\":\"https:\/\/grafio.ee\/\",\"name\":\"Grafio.ee\",\"description\":\"sisustus\",\"publisher\":{\"@id\":\"https:\/\/grafio.ee\/#organization\"},\"potentialAction\":[{\"@type\":\"SearchAction\",\"target\":{\"@type\":\"EntryPoint\",\"urlTemplate\":\"https:\/\/grafio.ee\/?s={search_term_string}\"},\"query-input\":{\"@type\":\"PropertyValueSpecification\",\"valueRequired\":true,\"valueName\":\"search_term_string\"}}],\"inLanguage\":\"en-GB\"},{\"@type\":\"Organization\",\"@id\":\"https:\/\/grafio.ee\/#organization\",\"name\":\"Grafio.ee\",\"url\":\"https:\/\/grafio.ee\/\",\"logo\":{\"@type\":\"ImageObject\",\"inLanguage\":\"en-GB\",\"@id\":\"https:\/\/grafio.ee\/#\/schema\/logo\/image\/\",\"url\":\"https:\/\/grafio.ee\/wp-content\/uploads\/2024\/06\/grafio-logo-black-01b-01.svg\",\"contentUrl\":\"https:\/\/grafio.ee\/wp-content\/uploads\/2024\/06\/grafio-logo-black-01b-01.svg\",\"width\":1000,\"height\":413,\"caption\":\"Grafio.ee\"},\"image\":{\"@id\":\"https:\/\/grafio.ee\/#\/schema\/logo\/image\/\"}}]}<\/script>\n<!-- \/ Yoast SEO plugin. -->","yoast_head_json":{"title":"Toodete kohaletoimetamine\u00a0 - Grafio.ee","robots":{"index":"index","follow":"follow","max-snippet":"max-snippet:-1","max-image-preview":"max-image-preview:large","max-video-preview":"max-video-preview:-1"},"canonical":"https:\/\/www.grafio.ee\/delivery_rules\/","og_locale":"en_GB","og_type":"article","og_title":"Toodete kohaletoimetamine\u00a0 - Grafio.ee","og_description":"Toodete kohaletoimetamine\u00a01. Laos olevaid tooted postitame kliendile hiljemalt 7-10 t\u00f6\u00f6p\u00e4eva jooksul. Kui toode on laost otsas, kuvatake tellimusel orienteeruv saabumisaeg.\u00a0Antud tarneaegadele tuleb juurde Eestisisese postiliikumise aeg 3-7\u00a0t\u00f6\u00f6p\u00e4eva. Grafio Sisustus ei kohustu Kliendile tooteid teele panema n\u00e4dalavahetustel ja p\u00fchadel.\u00a0Grafio Sisustuse toodete eeldatavad tarneajad m\u00e4rgitud igal tootekaardil ja neile lisandub Eestisisene postiliikumise aeg 3-7 t\u00f6\u00f6p\u00e4eva. 2. Tellimuses [&hellip;]","og_url":"https:\/\/www.grafio.ee\/delivery_rules\/","og_site_name":"Grafio.ee","article_modified_time":"2024-07-19T10:54:19+00:00","twitter_card":"summary_large_image","twitter_misc":{"Estimated reading time":"2 minutes"},"schema":{"@context":"https:\/\/schema.org","@graph":[{"@type":"WebPage","@id":"https:\/\/www.grafio.ee\/delivery_rules\/","url":"https:\/\/www.grafio.ee\/delivery_rules\/","name":"Toodete kohaletoimetamine\u00a0 - Grafio.ee","isPartOf":{"@id":"https:\/\/grafio.ee\/#website"},"datePublished":"2024-06-18T17:29:02+00:00","dateModified":"2024-07-19T10:54:19+00:00","breadcrumb":{"@id":"https:\/\/www.grafio.ee\/delivery_rules\/#breadcrumb"},"inLanguage":"en-GB","potentialAction":[{"@type":"ReadAction","target":["https:\/\/www.grafio.ee\/delivery_rules\/"]}]},{"@type":"BreadcrumbList","@id":"https:\/\/www.grafio.ee\/delivery_rules\/#breadcrumb","itemListElement":[{"@type":"ListItem","position":1,"name":"Home","item":"https:\/\/grafio.ee\/"},{"@type":"ListItem","position":2,"name":"Toodete kohaletoimetamine\u00a0"}]},{"@type":"WebSite","@id":"https:\/\/grafio.ee\/#website","url":"https:\/\/grafio.ee\/","name":"Grafio.ee","description":"sisustus","publisher":{"@id":"https:\/\/grafio.ee\/#organization"},"potentialAction":[{"@type":"SearchAction","target":{"@type":"EntryPoint","urlTemplate":"https:\/\/grafio.ee\/?s={search_term_string}"},"query-input":{"@type":"PropertyValueSpecification","valueRequired":true,"valueName":"search_term_string"}}],"inLanguage":"en-GB"},{"@type":"Organization","@id":"https:\/\/grafio.ee\/#organization","name":"Grafio.ee","url":"https:\/\/grafio.ee\/","logo":{"@type":"ImageObject","inLanguage":"en-GB","@id":"https:\/\/grafio.ee\/#\/schema\/logo\/image\/","url":"https:\/\/grafio.ee\/wp-content\/uploads\/2024\/06\/grafio-logo-black-01b-01.svg","contentUrl":"https:\/\/grafio.ee\/wp-content\/uploads\/2024\/06\/grafio-logo-black-01b-01.svg","width":1000,"height":413,"caption":"Grafio.ee"},"image":{"@id":"https:\/\/grafio.ee\/#\/schema\/logo\/image\/"}}]}},"_links":{"self":[{"href":"https:\/\/grafio.ee\/en\/wp-json\/wp\/v2\/pages\/10","targetHints":{"allow":["GET"]}}],"collection":[{"href":"https:\/\/grafio.ee\/en\/wp-json\/wp\/v2\/pages"}],"about":[{"href":"https:\/\/grafio.ee\/en\/wp-json\/wp\/v2\/types\/page"}],"author":[{"embeddable":true,"href":"https:\/\/grafio.ee\/en\/wp-json\/wp\/v2\/users\/1"}],"replies":[{"embeddable":true,"href":"https:\/\/grafio.ee\/en\/wp-json\/wp\/v2\/comments?post=10"}],"version-history":[{"count":5,"href":"https:\/\/grafio.ee\/en\/wp-json\/wp\/v2\/pages\/10\/revisions"}],"predecessor-version":[{"id":1189,"href":"https:\/\/grafio.ee\/en\/wp-json\/wp\/v2\/pages\/10\/revisions\/1189"}],"wp:attachment":[{"href":"https:\/\/grafio.ee\/en\/wp-json\/wp\/v2\/media?parent=10"}],"curies":[{"name":"wp","href":"https:\/\/api.w.org\/{rel}","templated":true}]}}