{"id":1031,"date":"2024-07-02T18:45:52","date_gmt":"2024-07-02T18:45:52","guid":{"rendered":"https:\/\/grafio.ee\/?page_id=1031"},"modified":"2024-07-19T13:55:52","modified_gmt":"2024-07-19T10:55:52","slug":"tellimuste-transport","status":"publish","type":"page","link":"https:\/\/grafio.ee\/en\/tellimuste-transport\/","title":{"rendered":"Transport of orders"},"content":{"rendered":"<div data-elementor-type=\"wp-page\" data-elementor-id=\"1031\" class=\"elementor elementor-1031\" data-elementor-post-type=\"page\">\n\t\t\t\t<div class=\"elementor-element elementor-element-c61aa0a e-flex e-con-boxed e-con e-parent\" data-id=\"c61aa0a\" data-element_type=\"container\" data-e-type=\"container\">\n\t\t\t\t\t<div class=\"e-con-inner\">\n\t\t\t\t<div class=\"elementor-element elementor-element-257787d elementor-widget elementor-widget-text-editor\" data-id=\"257787d\" data-element_type=\"widget\" data-e-type=\"widget\" data-widget_type=\"text-editor.default\">\n\t\t\t\t<div class=\"elementor-widget-container\">\n\t\t\t\t\t\t\t\t\t<h4>Transport of orders<\/h4>\n<p><b>Transport of orders<\/b><\/p>\n<p>Prices as follows:<\/p>\n<p>Up to 5 kg - 5 euros<\/p>\n<p>Up to 10 kg - 7 euros<\/p>\n<p>Up to 20 kg - 10 euros<\/p>\n<p>Up to 30 kg - 12 euros<\/p>\n<p>Up to 50 kg - 16 euros<\/p>\n<p>Up to 75 kg - 18 euros<\/p>\n<p>Up to 100 kg - 20 euros<\/p>\n<p>The prices shown are valid for orders with a maximum weight and volume of 100kg.Additional fees may apply if the order exceeds these limits.In such cases, we will contact you to discuss additional costs and find the best solution for your needs.<\/p>\n<p>Our cooperation partners carry out transport all over Estonia, and the products are delivered to the front of the house. Within Tallinn, we can also help with delivery to the room, but this must be coordinated in advance via email info@grafio.ee <a href=\"mailto:info@grafio.ee\">info@grafio.ee<\/a><\/p>\n<p>By Telephone 55635853-Tiina Holter <a href=\"tel:55635853\">55635853<\/a>-Tiina Hotler<\/p>\n<p>L\u00c4TI,LEEDU- kehtivad samad hinnad<\/p>\n<p>SOOME-hinnad t\u00e4psustame iga tellimusega eraldi<\/p>\t\t\t\t\t\t\t\t<\/div>\n\t\t\t\t<\/div>\n\t\t\t\t\t<\/div>\n\t\t\t\t<\/div>\n\t\t\t\t<\/div>","protected":false},"excerpt":{"rendered":"<p>Tellimuste transport Hinnad allj\u00e4rgnevalt \u00dcle Eesti: Kuni 5kg-5eurot Kuni 10kg-7eurot Kuni 20kg-10eurot Kuni 30kg-12eurot Kuni 50kg-16eurot Kuni 75kg-18eurot Kuni 100kg-20eurot Hinnad kehtivad tellimuste puhul, mis j\u00e4\u00e4vad maksimaalselt 100 kg kaalu mahu piiridesse. Kui tellimus \u00fcletab neid piirm\u00e4\u00e4rasid, v\u00f5ib lisanduda t\u00e4iendav tasu. Sellistel juhtudel v\u00f5tame teiega \u00fchendust, et arutada t\u00e4iendavaid kulusid ja leida parim lahendus teie [&hellip;]<\/p>\n","protected":false},"author":1,"featured_media":0,"parent":0,"menu_order":0,"comment_status":"closed","ping_status":"closed","template":"","meta":{"site-sidebar-layout":"no-sidebar","site-content-layout":"page-builder","ast-site-content-layout":"full-width-container","site-content-style":"unboxed","site-sidebar-style":"unboxed","ast-global-header-display":"","ast-banner-title-visibility":"","ast-main-header-display":"","ast-hfb-above-header-display":"","ast-hfb-below-header-display":"","ast-hfb-mobile-header-display":"","site-post-title":"disabled","ast-breadcrumbs-content":"disabled","ast-featured-img":"disabled","footer-sml-layout":"","ast-disable-related-posts":"","theme-transparent-header-meta":"default","adv-header-id-meta":"","stick-header-meta":"","header-above-stick-meta":"","header-main-stick-meta":"","header-below-stick-meta":"","astra-migrate-meta-layouts":"set","ast-page-background-enabled":"default","ast-page-background-meta":{"desktop":{"background-color":"var(--ast-global-color-4)","background-image":"","background-repeat":"repeat","background-position":"center center","background-size":"auto","background-attachment":"scroll","background-type":"","background-media":"","overlay-type":"","overlay-color":"","overlay-opacity":"","overlay-gradient":""},"tablet":{"background-color":"","background-image":"","background-repeat":"repeat","background-position":"center center","background-size":"auto","background-attachment":"scroll","background-type":"","background-media":"","overlay-type":"","overlay-color":"","overlay-opacity":"","overlay-gradient":""},"mobile":{"background-color":"","background-image":"","background-repeat":"repeat","background-position":"center center","background-size":"auto","background-attachment":"scroll","background-type":"","background-media":"","overlay-type":"","overlay-color":"","overlay-opacity":"","overlay-gradient":""}},"ast-content-background-meta":{"desktop":{"background-color":"var(--ast-global-color-5)","background-image":"","background-repeat":"repeat","background-position":"center center","background-size":"auto","background-attachment":"scroll","background-type":"","background-media":"","overlay-type":"","overlay-color":"","overlay-opacity":"","overlay-gradient":""},"tablet":{"background-color":"var(--ast-global-color-5)","background-image":"","background-repeat":"repeat","background-position":"center center","background-size":"auto","background-attachment":"scroll","background-type":"","background-media":"","overlay-type":"","overlay-color":"","overlay-opacity":"","overlay-gradient":""},"mobile":{"background-color":"var(--ast-global-color-5)","background-image":"","background-repeat":"repeat","background-position":"center center","background-size":"auto","background-attachment":"scroll","background-type":"","background-media":"","overlay-type":"","overlay-color":"","overlay-opacity":"","overlay-gradient":""}},"footnotes":""},"class_list":["post-1031","page","type-page","status-publish","hentry"],"yoast_head":"<!-- This site is optimized with the Yoast SEO plugin v27.4 - https:\/\/yoast.com\/product\/yoast-seo-wordpress\/ -->\n<title>Tellimuste transport - Grafio.ee<\/title>\n<meta name=\"robots\" content=\"index, follow, max-snippet:-1, max-image-preview:large, max-video-preview:-1\" \/>\n<link rel=\"canonical\" href=\"https:\/\/www.grafio.ee\/tellimuste-transport\/\" \/>\n<meta property=\"og:locale\" content=\"en_GB\" \/>\n<meta property=\"og:type\" content=\"article\" \/>\n<meta property=\"og:title\" content=\"Tellimuste transport - Grafio.ee\" \/>\n<meta property=\"og:description\" content=\"Tellimuste transport Hinnad allj\u00e4rgnevalt \u00dcle Eesti: Kuni 5kg-5eurot Kuni 10kg-7eurot Kuni 20kg-10eurot Kuni 30kg-12eurot Kuni 50kg-16eurot Kuni 75kg-18eurot Kuni 100kg-20eurot Hinnad kehtivad tellimuste puhul, mis j\u00e4\u00e4vad maksimaalselt 100 kg kaalu mahu piiridesse. Kui tellimus \u00fcletab neid piirm\u00e4\u00e4rasid, v\u00f5ib lisanduda t\u00e4iendav tasu. Sellistel juhtudel v\u00f5tame teiega \u00fchendust, et arutada t\u00e4iendavaid kulusid ja leida parim lahendus teie [&hellip;]\" \/>\n<meta property=\"og:url\" content=\"https:\/\/www.grafio.ee\/tellimuste-transport\/\" \/>\n<meta property=\"og:site_name\" content=\"Grafio.ee\" \/>\n<meta property=\"article:modified_time\" content=\"2024-07-19T10:55:52+00:00\" \/>\n<meta name=\"twitter:card\" content=\"summary_large_image\" \/>\n<meta name=\"twitter:label1\" content=\"Estimated reading time\" \/>\n\t<meta name=\"twitter:data1\" content=\"1 minute\" \/>\n<script type=\"application\/ld+json\" class=\"yoast-schema-graph\">{\"@context\":\"https:\\\/\\\/schema.org\",\"@graph\":[{\"@type\":\"WebPage\",\"@id\":\"https:\\\/\\\/www.grafio.ee\\\/tellimuste-transport\\\/\",\"url\":\"https:\\\/\\\/www.grafio.ee\\\/tellimuste-transport\\\/\",\"name\":\"Tellimuste transport - Grafio.ee\",\"isPartOf\":{\"@id\":\"https:\\\/\\\/grafio.ee\\\/#website\"},\"datePublished\":\"2024-07-02T18:45:52+00:00\",\"dateModified\":\"2024-07-19T10:55:52+00:00\",\"breadcrumb\":{\"@id\":\"https:\\\/\\\/www.grafio.ee\\\/tellimuste-transport\\\/#breadcrumb\"},\"inLanguage\":\"en-GB\",\"potentialAction\":[{\"@type\":\"ReadAction\",\"target\":[\"https:\\\/\\\/www.grafio.ee\\\/tellimuste-transport\\\/\"]}]},{\"@type\":\"BreadcrumbList\",\"@id\":\"https:\\\/\\\/www.grafio.ee\\\/tellimuste-transport\\\/#breadcrumb\",\"itemListElement\":[{\"@type\":\"ListItem\",\"position\":1,\"name\":\"Home\",\"item\":\"https:\\\/\\\/grafio.ee\\\/\"},{\"@type\":\"ListItem\",\"position\":2,\"name\":\"Tellimuste transport\"}]},{\"@type\":\"WebSite\",\"@id\":\"https:\\\/\\\/grafio.ee\\\/#website\",\"url\":\"https:\\\/\\\/grafio.ee\\\/\",\"name\":\"Grafio.ee\",\"description\":\"sisustus\",\"publisher\":{\"@id\":\"https:\\\/\\\/grafio.ee\\\/#organization\"},\"potentialAction\":[{\"@type\":\"SearchAction\",\"target\":{\"@type\":\"EntryPoint\",\"urlTemplate\":\"https:\\\/\\\/grafio.ee\\\/?s={search_term_string}\"},\"query-input\":{\"@type\":\"PropertyValueSpecification\",\"valueRequired\":true,\"valueName\":\"search_term_string\"}}],\"inLanguage\":\"en-GB\"},{\"@type\":\"Organization\",\"@id\":\"https:\\\/\\\/grafio.ee\\\/#organization\",\"name\":\"Grafio.ee\",\"url\":\"https:\\\/\\\/grafio.ee\\\/\",\"logo\":{\"@type\":\"ImageObject\",\"inLanguage\":\"en-GB\",\"@id\":\"https:\\\/\\\/grafio.ee\\\/#\\\/schema\\\/logo\\\/image\\\/\",\"url\":\"https:\\\/\\\/www.grafio.ee\\\/wp-content\\\/uploads\\\/2024\\\/06\\\/grafio-logo-black-01b-01.svg\",\"contentUrl\":\"https:\\\/\\\/www.grafio.ee\\\/wp-content\\\/uploads\\\/2024\\\/06\\\/grafio-logo-black-01b-01.svg\",\"width\":1000,\"height\":413,\"caption\":\"Grafio.ee\"},\"image\":{\"@id\":\"https:\\\/\\\/grafio.ee\\\/#\\\/schema\\\/logo\\\/image\\\/\"}}]}<\/script>\n<!-- \/ Yoast SEO plugin. -->","yoast_head_json":{"title":"Tellimuste transport - Grafio.ee","robots":{"index":"index","follow":"follow","max-snippet":"max-snippet:-1","max-image-preview":"max-image-preview:large","max-video-preview":"max-video-preview:-1"},"canonical":"https:\/\/www.grafio.ee\/tellimuste-transport\/","og_locale":"en_GB","og_type":"article","og_title":"Tellimuste transport - Grafio.ee","og_description":"Tellimuste transport Hinnad allj\u00e4rgnevalt \u00dcle Eesti: Kuni 5kg-5eurot Kuni 10kg-7eurot Kuni 20kg-10eurot Kuni 30kg-12eurot Kuni 50kg-16eurot Kuni 75kg-18eurot Kuni 100kg-20eurot Hinnad kehtivad tellimuste puhul, mis j\u00e4\u00e4vad maksimaalselt 100 kg kaalu mahu piiridesse. Kui tellimus \u00fcletab neid piirm\u00e4\u00e4rasid, v\u00f5ib lisanduda t\u00e4iendav tasu. Sellistel juhtudel v\u00f5tame teiega \u00fchendust, et arutada t\u00e4iendavaid kulusid ja leida parim lahendus teie [&hellip;]","og_url":"https:\/\/www.grafio.ee\/tellimuste-transport\/","og_site_name":"Grafio.ee","article_modified_time":"2024-07-19T10:55:52+00:00","twitter_card":"summary_large_image","twitter_misc":{"Estimated reading time":"1 minute"},"schema":{"@context":"https:\/\/schema.org","@graph":[{"@type":"WebPage","@id":"https:\/\/www.grafio.ee\/tellimuste-transport\/","url":"https:\/\/www.grafio.ee\/tellimuste-transport\/","name":"Tellimuste transport - Grafio.ee","isPartOf":{"@id":"https:\/\/grafio.ee\/#website"},"datePublished":"2024-07-02T18:45:52+00:00","dateModified":"2024-07-19T10:55:52+00:00","breadcrumb":{"@id":"https:\/\/www.grafio.ee\/tellimuste-transport\/#breadcrumb"},"inLanguage":"en-GB","potentialAction":[{"@type":"ReadAction","target":["https:\/\/www.grafio.ee\/tellimuste-transport\/"]}]},{"@type":"BreadcrumbList","@id":"https:\/\/www.grafio.ee\/tellimuste-transport\/#breadcrumb","itemListElement":[{"@type":"ListItem","position":1,"name":"Home","item":"https:\/\/grafio.ee\/"},{"@type":"ListItem","position":2,"name":"Tellimuste transport"}]},{"@type":"WebSite","@id":"https:\/\/grafio.ee\/#website","url":"https:\/\/grafio.ee\/","name":"Grafio.ee","description":"sisustus","publisher":{"@id":"https:\/\/grafio.ee\/#organization"},"potentialAction":[{"@type":"SearchAction","target":{"@type":"EntryPoint","urlTemplate":"https:\/\/grafio.ee\/?s={search_term_string}"},"query-input":{"@type":"PropertyValueSpecification","valueRequired":true,"valueName":"search_term_string"}}],"inLanguage":"en-GB"},{"@type":"Organization","@id":"https:\/\/grafio.ee\/#organization","name":"Grafio.ee","url":"https:\/\/grafio.ee\/","logo":{"@type":"ImageObject","inLanguage":"en-GB","@id":"https:\/\/grafio.ee\/#\/schema\/logo\/image\/","url":"https:\/\/www.grafio.ee\/wp-content\/uploads\/2024\/06\/grafio-logo-black-01b-01.svg","contentUrl":"https:\/\/www.grafio.ee\/wp-content\/uploads\/2024\/06\/grafio-logo-black-01b-01.svg","width":1000,"height":413,"caption":"Grafio.ee"},"image":{"@id":"https:\/\/grafio.ee\/#\/schema\/logo\/image\/"}}]}},"_links":{"self":[{"href":"https:\/\/grafio.ee\/en\/wp-json\/wp\/v2\/pages\/1031","targetHints":{"allow":["GET"]}}],"collection":[{"href":"https:\/\/grafio.ee\/en\/wp-json\/wp\/v2\/pages"}],"about":[{"href":"https:\/\/grafio.ee\/en\/wp-json\/wp\/v2\/types\/page"}],"author":[{"embeddable":true,"href":"https:\/\/grafio.ee\/en\/wp-json\/wp\/v2\/users\/1"}],"replies":[{"embeddable":true,"href":"https:\/\/grafio.ee\/en\/wp-json\/wp\/v2\/comments?post=1031"}],"version-history":[{"count":5,"href":"https:\/\/grafio.ee\/en\/wp-json\/wp\/v2\/pages\/1031\/revisions"}],"predecessor-version":[{"id":1192,"href":"https:\/\/grafio.ee\/en\/wp-json\/wp\/v2\/pages\/1031\/revisions\/1192"}],"wp:attachment":[{"href":"https:\/\/grafio.ee\/en\/wp-json\/wp\/v2\/media?parent=1031"}],"curies":[{"name":"wp","href":"https:\/\/api.w.org\/{rel}","templated":true}]}}