{"id":1043,"date":"2024-07-02T19:09:42","date_gmt":"2024-07-02T19:09:42","guid":{"rendered":"https:\/\/grafio.ee\/?page_id=1043"},"modified":"2024-07-02T19:12:20","modified_gmt":"2024-07-02T19:12:20","slug":"tagastus","status":"publish","type":"page","link":"https:\/\/grafio.ee\/en\/tagastus\/","title":{"rendered":"Order &amp; Returns"},"content":{"rendered":"<div data-elementor-type=\"wp-page\" data-elementor-id=\"1043\" class=\"elementor elementor-1043\" data-elementor-post-type=\"page\">\n\t\t\t\t<div class=\"elementor-element elementor-element-5924448 e-flex e-con-boxed e-con e-parent\" data-id=\"5924448\" data-element_type=\"container\" data-e-type=\"container\">\n\t\t\t\t\t<div class=\"e-con-inner\">\n\t\t\t\t<div class=\"elementor-element elementor-element-4800202 elementor-widget elementor-widget-text-editor\" data-id=\"4800202\" data-element_type=\"widget\" data-e-type=\"widget\" data-widget_type=\"text-editor.default\">\n\t\t\t\t<div class=\"elementor-widget-container\">\n\t\t\t\t\t\t\t\t\t<h4><strong>Tagastus &#8211; raha tagasi garantii<\/strong><\/h4><p>Kui ostetud kaup Teile mingil p\u00f5hjusel ei sobi, siis on tarbijal V\u00d5S m\u00f5istes v\u00f5imalus 14 p\u00e4eva jooksul toode tagastada ja Te saate 100% raha tagasi (ka transpordikulu). Kauba tagastamisega kaasnevad transpordikulud katab tarbija juhul kui ta valib tagastamiseks kauba k\u00e4ttesaamisest erineva transpordiviisi (N\u00e4iteks: tellimuse esitamisel valib tarbija k\u00e4ttesaamiseks &#8220;Ise j\u00e4rgi &#8221; teenuse, kuid tagastamisel soovib transpordiviisiks kasutada &#8220;Kullerteenust&#8221;).<\/p><p>Toote tagastamiseks palun saatke vabas vormis avaldus info@grafio.ee<\/p><p>Raha kanname tagastatud toote eest tagasi Tellija arveldusarvele 14 p\u00e4eva jooksul alates tagastamisavalduse tegemisest.<\/p><p>Toote tagastamiseks 14 p\u00e4eva jooksul peab toode olema kasutamata ja kahjustamata originaalpakendis (v\u00f5i originaalpakendiga v\u00f5rdv\u00e4\u00e4rses pakendis), ehk tagastatav toode peab v\u00e4lja n\u00e4gema t\u00e4pselt selline, nagu see oli kauba k\u00e4ttesaamisel. Juhul kui toode ei vasta tagastuse tingimustele ning Grafio Sisustuse jaoks lisandub toote kokkupaneku ja\/v\u00f5i \u00fcmberpakendamise lisakulu, on Grafio Sisustusel \u00f5igus n\u00f5uda kliendilt toote lisakulude v\u00f5i v\u00e4\u00e4rtuse v\u00e4henemise h\u00fcvitamist.<\/p>\t\t\t\t\t\t\t\t<\/div>\n\t\t\t\t<\/div>\n\t\t\t\t<div class=\"elementor-element elementor-element-4460e44 elementor-widget elementor-widget-text-editor\" data-id=\"4460e44\" data-element_type=\"widget\" data-e-type=\"widget\" data-widget_type=\"text-editor.default\">\n\t\t\t\t<div class=\"elementor-widget-container\">\n\t\t\t\t\t\t\t\t\t<h4>Toote garantii<\/h4><p>M\u00fc\u00fcja vastutab asja lepingutingimustele mittevastavuse eest, mis ilmneb kahe aasta jooksul asja \u00fcleandmisest tarbijale.<\/p><p>Tarbijale m\u00fc\u00fcgi puhul eeldatakse, et \u00fche aasta jooksul asja ostjale \u00fcleandmise p\u00e4evast ilmnenud lepingutingimustele mittevastavus oli olemas asja \u00fcleandmise ajal, kui selline eeldus ei ole vastuolus asja v\u00f5i puuduse olemusega. (V\u00d5S \u00a7 218)<\/p>\t\t\t\t\t\t\t\t<\/div>\n\t\t\t\t<\/div>\n\t\t\t\t<div class=\"elementor-element elementor-element-52e0002 elementor-widget elementor-widget-text-editor\" data-id=\"52e0002\" data-element_type=\"widget\" data-e-type=\"widget\" data-widget_type=\"text-editor.default\">\n\t\t\t\t<div class=\"elementor-widget-container\">\n\t\t\t\t\t\t\t\t\t<h4>Tarbijakaitse<\/h4><p>Kui m\u00fc\u00fcjal on p\u00f5hjust kahelda, kas kaubal ilmnenud puudus on tingitud tootmispraagist v\u00f5i olete Teie selle p\u00f5hjustanud, t\u00f5endavad vea tekkep\u00f5hjuseid asjatundjad:<\/p><p>\u00b7 puuduse tekkimise p\u00f5hjuste t\u00f5endamise kohustus 1. aasta jooksul p\u00e4rast ostu tegemist m\u00fc\u00fcjal, hiljem tuleb t\u00f5endamisega seonduv m\u00fc\u00fcjaga kokku leppida.<\/p><p>\u00b7 Toote garantiitunnistuseks on Teile e-postiga saadetud arve.<\/p>\t\t\t\t\t\t\t\t<\/div>\n\t\t\t\t<\/div>\n\t\t\t\t\t<\/div>\n\t\t\t\t<\/div>\n\t\t\t\t<\/div>","protected":false},"excerpt":{"rendered":"<p>Tagastus &#8211; raha tagasi garantii Kui ostetud kaup Teile mingil p\u00f5hjusel ei sobi, siis on tarbijal V\u00d5S m\u00f5istes v\u00f5imalus 14 p\u00e4eva jooksul toode tagastada ja Te saate 100% raha tagasi (ka transpordikulu). Kauba tagastamisega kaasnevad transpordikulud katab tarbija juhul kui ta valib tagastamiseks kauba k\u00e4ttesaamisest erineva transpordiviisi (N\u00e4iteks: tellimuse esitamisel valib tarbija k\u00e4ttesaamiseks &#8220;Ise j\u00e4rgi [&hellip;]<\/p>\n","protected":false},"author":1,"featured_media":0,"parent":0,"menu_order":0,"comment_status":"closed","ping_status":"closed","template":"","meta":{"site-sidebar-layout":"no-sidebar","site-content-layout":"page-builder","ast-site-content-layout":"full-width-container","site-content-style":"unboxed","site-sidebar-style":"unboxed","ast-global-header-display":"","ast-banner-title-visibility":"","ast-main-header-display":"","ast-hfb-above-header-display":"","ast-hfb-below-header-display":"","ast-hfb-mobile-header-display":"","site-post-title":"disabled","ast-breadcrumbs-content":"disabled","ast-featured-img":"disabled","footer-sml-layout":"","ast-disable-related-posts":"","theme-transparent-header-meta":"default","adv-header-id-meta":"","stick-header-meta":"","header-above-stick-meta":"","header-main-stick-meta":"","header-below-stick-meta":"","astra-migrate-meta-layouts":"set","ast-page-background-enabled":"default","ast-page-background-meta":{"desktop":{"background-color":"var(--ast-global-color-4)","background-image":"","background-repeat":"repeat","background-position":"center center","background-size":"auto","background-attachment":"scroll","background-type":"","background-media":"","overlay-type":"","overlay-color":"","overlay-opacity":"","overlay-gradient":""},"tablet":{"background-color":"","background-image":"","background-repeat":"repeat","background-position":"center center","background-size":"auto","background-attachment":"scroll","background-type":"","background-media":"","overlay-type":"","overlay-color":"","overlay-opacity":"","overlay-gradient":""},"mobile":{"background-color":"","background-image":"","background-repeat":"repeat","background-position":"center center","background-size":"auto","background-attachment":"scroll","background-type":"","background-media":"","overlay-type":"","overlay-color":"","overlay-opacity":"","overlay-gradient":""}},"ast-content-background-meta":{"desktop":{"background-color":"var(--ast-global-color-5)","background-image":"","background-repeat":"repeat","background-position":"center center","background-size":"auto","background-attachment":"scroll","background-type":"","background-media":"","overlay-type":"","overlay-color":"","overlay-opacity":"","overlay-gradient":""},"tablet":{"background-color":"var(--ast-global-color-5)","background-image":"","background-repeat":"repeat","background-position":"center center","background-size":"auto","background-attachment":"scroll","background-type":"","background-media":"","overlay-type":"","overlay-color":"","overlay-opacity":"","overlay-gradient":""},"mobile":{"background-color":"var(--ast-global-color-5)","background-image":"","background-repeat":"repeat","background-position":"center center","background-size":"auto","background-attachment":"scroll","background-type":"","background-media":"","overlay-type":"","overlay-color":"","overlay-opacity":"","overlay-gradient":""}},"footnotes":""},"class_list":["post-1043","page","type-page","status-publish","hentry"],"yoast_head":"<!-- This site is optimized with the Yoast SEO plugin v27.2 - https:\/\/yoast.com\/product\/yoast-seo-wordpress\/ -->\n<title>Tagastus - Grafio.ee<\/title>\n<meta name=\"robots\" content=\"index, follow, max-snippet:-1, max-image-preview:large, max-video-preview:-1\" \/>\n<link rel=\"canonical\" href=\"https:\/\/www.grafio.ee\/en\/tagastus\/\" \/>\n<meta property=\"og:locale\" content=\"en_GB\" \/>\n<meta property=\"og:type\" content=\"article\" \/>\n<meta property=\"og:title\" content=\"Tagastus - Grafio.ee\" \/>\n<meta property=\"og:description\" content=\"Tagastus &#8211; raha tagasi garantii Kui ostetud kaup Teile mingil p\u00f5hjusel ei sobi, siis on tarbijal V\u00d5S m\u00f5istes v\u00f5imalus 14 p\u00e4eva jooksul toode tagastada ja Te saate 100% raha tagasi (ka transpordikulu). Kauba tagastamisega kaasnevad transpordikulud katab tarbija juhul kui ta valib tagastamiseks kauba k\u00e4ttesaamisest erineva transpordiviisi (N\u00e4iteks: tellimuse esitamisel valib tarbija k\u00e4ttesaamiseks &#8220;Ise j\u00e4rgi [&hellip;]\" \/>\n<meta property=\"og:url\" content=\"https:\/\/www.grafio.ee\/en\/tagastus\/\" \/>\n<meta property=\"og:site_name\" content=\"Grafio.ee\" \/>\n<meta property=\"article:modified_time\" content=\"2024-07-02T19:12:20+00:00\" \/>\n<meta name=\"twitter:card\" content=\"summary_large_image\" \/>\n<meta name=\"twitter:label1\" content=\"Estimated reading time\" \/>\n\t<meta name=\"twitter:data1\" content=\"2 minutes\" \/>\n<script type=\"application\/ld+json\" class=\"yoast-schema-graph\">{\"@context\":\"https:\/\/schema.org\",\"@graph\":[{\"@type\":\"WebPage\",\"@id\":\"https:\/\/www.grafio.ee\/en\/tagastus\/\",\"url\":\"https:\/\/www.grafio.ee\/en\/tagastus\/\",\"name\":\"Tagastus - Grafio.ee\",\"isPartOf\":{\"@id\":\"https:\/\/grafio.ee\/#website\"},\"datePublished\":\"2024-07-02T19:09:42+00:00\",\"dateModified\":\"2024-07-02T19:12:20+00:00\",\"breadcrumb\":{\"@id\":\"https:\/\/www.grafio.ee\/en\/tagastus\/#breadcrumb\"},\"inLanguage\":\"en-GB\",\"potentialAction\":[{\"@type\":\"ReadAction\",\"target\":[\"https:\/\/www.grafio.ee\/en\/tagastus\/\"]}]},{\"@type\":\"BreadcrumbList\",\"@id\":\"https:\/\/www.grafio.ee\/en\/tagastus\/#breadcrumb\",\"itemListElement\":[{\"@type\":\"ListItem\",\"position\":1,\"name\":\"Home\",\"item\":\"https:\/\/grafio.ee\/\"},{\"@type\":\"ListItem\",\"position\":2,\"name\":\"Tagastus\"}]},{\"@type\":\"WebSite\",\"@id\":\"https:\/\/grafio.ee\/#website\",\"url\":\"https:\/\/grafio.ee\/\",\"name\":\"Grafio.ee\",\"description\":\"sisustus\",\"publisher\":{\"@id\":\"https:\/\/grafio.ee\/#organization\"},\"potentialAction\":[{\"@type\":\"SearchAction\",\"target\":{\"@type\":\"EntryPoint\",\"urlTemplate\":\"https:\/\/grafio.ee\/?s={search_term_string}\"},\"query-input\":{\"@type\":\"PropertyValueSpecification\",\"valueRequired\":true,\"valueName\":\"search_term_string\"}}],\"inLanguage\":\"en-GB\"},{\"@type\":\"Organization\",\"@id\":\"https:\/\/grafio.ee\/#organization\",\"name\":\"Grafio.ee\",\"url\":\"https:\/\/grafio.ee\/\",\"logo\":{\"@type\":\"ImageObject\",\"inLanguage\":\"en-GB\",\"@id\":\"https:\/\/grafio.ee\/#\/schema\/logo\/image\/\",\"url\":\"https:\/\/grafio.ee\/wp-content\/uploads\/2024\/06\/grafio-logo-black-01b-01.svg\",\"contentUrl\":\"https:\/\/grafio.ee\/wp-content\/uploads\/2024\/06\/grafio-logo-black-01b-01.svg\",\"width\":1000,\"height\":413,\"caption\":\"Grafio.ee\"},\"image\":{\"@id\":\"https:\/\/grafio.ee\/#\/schema\/logo\/image\/\"}}]}<\/script>\n<!-- \/ Yoast SEO plugin. -->","yoast_head_json":{"title":"Tagastus - Grafio.ee","robots":{"index":"index","follow":"follow","max-snippet":"max-snippet:-1","max-image-preview":"max-image-preview:large","max-video-preview":"max-video-preview:-1"},"canonical":"https:\/\/www.grafio.ee\/en\/tagastus\/","og_locale":"en_GB","og_type":"article","og_title":"Tagastus - Grafio.ee","og_description":"Tagastus &#8211; raha tagasi garantii Kui ostetud kaup Teile mingil p\u00f5hjusel ei sobi, siis on tarbijal V\u00d5S m\u00f5istes v\u00f5imalus 14 p\u00e4eva jooksul toode tagastada ja Te saate 100% raha tagasi (ka transpordikulu). Kauba tagastamisega kaasnevad transpordikulud katab tarbija juhul kui ta valib tagastamiseks kauba k\u00e4ttesaamisest erineva transpordiviisi (N\u00e4iteks: tellimuse esitamisel valib tarbija k\u00e4ttesaamiseks &#8220;Ise j\u00e4rgi [&hellip;]","og_url":"https:\/\/www.grafio.ee\/en\/tagastus\/","og_site_name":"Grafio.ee","article_modified_time":"2024-07-02T19:12:20+00:00","twitter_card":"summary_large_image","twitter_misc":{"Estimated reading time":"2 minutes"},"schema":{"@context":"https:\/\/schema.org","@graph":[{"@type":"WebPage","@id":"https:\/\/www.grafio.ee\/en\/tagastus\/","url":"https:\/\/www.grafio.ee\/en\/tagastus\/","name":"Tagastus - Grafio.ee","isPartOf":{"@id":"https:\/\/grafio.ee\/#website"},"datePublished":"2024-07-02T19:09:42+00:00","dateModified":"2024-07-02T19:12:20+00:00","breadcrumb":{"@id":"https:\/\/www.grafio.ee\/en\/tagastus\/#breadcrumb"},"inLanguage":"en-GB","potentialAction":[{"@type":"ReadAction","target":["https:\/\/www.grafio.ee\/en\/tagastus\/"]}]},{"@type":"BreadcrumbList","@id":"https:\/\/www.grafio.ee\/en\/tagastus\/#breadcrumb","itemListElement":[{"@type":"ListItem","position":1,"name":"Home","item":"https:\/\/grafio.ee\/"},{"@type":"ListItem","position":2,"name":"Tagastus"}]},{"@type":"WebSite","@id":"https:\/\/grafio.ee\/#website","url":"https:\/\/grafio.ee\/","name":"Grafio.ee","description":"sisustus","publisher":{"@id":"https:\/\/grafio.ee\/#organization"},"potentialAction":[{"@type":"SearchAction","target":{"@type":"EntryPoint","urlTemplate":"https:\/\/grafio.ee\/?s={search_term_string}"},"query-input":{"@type":"PropertyValueSpecification","valueRequired":true,"valueName":"search_term_string"}}],"inLanguage":"en-GB"},{"@type":"Organization","@id":"https:\/\/grafio.ee\/#organization","name":"Grafio.ee","url":"https:\/\/grafio.ee\/","logo":{"@type":"ImageObject","inLanguage":"en-GB","@id":"https:\/\/grafio.ee\/#\/schema\/logo\/image\/","url":"https:\/\/grafio.ee\/wp-content\/uploads\/2024\/06\/grafio-logo-black-01b-01.svg","contentUrl":"https:\/\/grafio.ee\/wp-content\/uploads\/2024\/06\/grafio-logo-black-01b-01.svg","width":1000,"height":413,"caption":"Grafio.ee"},"image":{"@id":"https:\/\/grafio.ee\/#\/schema\/logo\/image\/"}}]}},"_links":{"self":[{"href":"https:\/\/grafio.ee\/en\/wp-json\/wp\/v2\/pages\/1043","targetHints":{"allow":["GET"]}}],"collection":[{"href":"https:\/\/grafio.ee\/en\/wp-json\/wp\/v2\/pages"}],"about":[{"href":"https:\/\/grafio.ee\/en\/wp-json\/wp\/v2\/types\/page"}],"author":[{"embeddable":true,"href":"https:\/\/grafio.ee\/en\/wp-json\/wp\/v2\/users\/1"}],"replies":[{"embeddable":true,"href":"https:\/\/grafio.ee\/en\/wp-json\/wp\/v2\/comments?post=1043"}],"version-history":[{"count":4,"href":"https:\/\/grafio.ee\/en\/wp-json\/wp\/v2\/pages\/1043\/revisions"}],"predecessor-version":[{"id":1047,"href":"https:\/\/grafio.ee\/en\/wp-json\/wp\/v2\/pages\/1043\/revisions\/1047"}],"wp:attachment":[{"href":"https:\/\/grafio.ee\/en\/wp-json\/wp\/v2\/media?parent=1043"}],"curies":[{"name":"wp","href":"https:\/\/api.w.org\/{rel}","templated":true}]}}