{"id":1537,"date":"2024-12-02T20:52:03","date_gmt":"2024-12-02T17:52:03","guid":{"rendered":"https:\/\/grafio.ee\/?post_type=product&#038;p=1537"},"modified":"2025-09-16T08:54:16","modified_gmt":"2025-09-16T05:54:16","slug":"soogitoakomplekt-sorrento-valge-pook","status":"publish","type":"product","link":"https:\/\/grafio.ee\/en\/product\/soogitoakomplekt-sorrento-valge-pook\/","title":{"rendered":"S\u00f6\u00f6gitoakomplekt Sorrento valge p\u00f6\u00f6k"},"content":{"rendered":"<p>Komplekti kuulub laud Sorrento ja 4 Lusia tooli<\/p>\n<p>Komplekt koosneb 3-st pakist<\/p>","protected":false},"excerpt":{"rendered":"<p>S\u00f6\u00f6gitoakomplekt Sorrento valge p\u00f6\u00f6k<\/p>\n<p>Komplekti kuulub s\u00f6\u00f6gilaud Sorrento valge p\u00f6\u00f6k L.150cm<\/p>\n<p>Toolid Lusia 4tk karkass valge p\u00f6\u00f6k<\/p>\n<p>Laua top MDF marmor imitatsioon, laua ja toolijalad t\u00e4ispuit, valge p\u00f6\u00f6k<\/p>\n<p>Tooli istme pehmenduseks poroloon, kaetud halli kangaga.<\/p>\n<p>Tooli m\u00f5\u00f5t:L-48*51*H.48\/83cm<\/p>\n<p>Laua m\u00f5\u00f5t: L.90*150*H.75cm<\/p>","protected":false},"featured_media":885,"template":"","meta":{"site-sidebar-layout":"default","site-content-layout":"","ast-site-content-layout":"default","site-content-style":"default","site-sidebar-style":"default","ast-global-header-display":"","ast-banner-title-visibility":"","ast-main-header-display":"","ast-hfb-above-header-display":"","ast-hfb-below-header-display":"","ast-hfb-mobile-header-display":"","site-post-title":"","ast-breadcrumbs-content":"","ast-featured-img":"","footer-sml-layout":"","ast-disable-related-posts":"","theme-transparent-header-meta":"default","adv-header-id-meta":"","stick-header-meta":"","header-above-stick-meta":"","header-main-stick-meta":"","header-below-stick-meta":"","astra-migrate-meta-layouts":"set","ast-page-background-enabled":"default","ast-page-background-meta":{"desktop":{"background-color":"var(--ast-global-color-4)","background-image":"","background-repeat":"repeat","background-position":"center center","background-size":"auto","background-attachment":"scroll","background-type":"","background-media":"","overlay-type":"","overlay-color":"","overlay-opacity":"","overlay-gradient":""},"tablet":{"background-color":"","background-image":"","background-repeat":"repeat","background-position":"center center","background-size":"auto","background-attachment":"scroll","background-type":"","background-media":"","overlay-type":"","overlay-color":"","overlay-opacity":"","overlay-gradient":""},"mobile":{"background-color":"","background-image":"","background-repeat":"repeat","background-position":"center center","background-size":"auto","background-attachment":"scroll","background-type":"","background-media":"","overlay-type":"","overlay-color":"","overlay-opacity":"","overlay-gradient":""}},"ast-content-background-meta":{"desktop":{"background-color":"var(--ast-global-color-5)","background-image":"","background-repeat":"repeat","background-position":"center center","background-size":"auto","background-attachment":"scroll","background-type":"","background-media":"","overlay-type":"","overlay-color":"","overlay-opacity":"","overlay-gradient":""},"tablet":{"background-color":"var(--ast-global-color-5)","background-image":"","background-repeat":"repeat","background-position":"center center","background-size":"auto","background-attachment":"scroll","background-type":"","background-media":"","overlay-type":"","overlay-color":"","overlay-opacity":"","overlay-gradient":""},"mobile":{"background-color":"var(--ast-global-color-5)","background-image":"","background-repeat":"repeat","background-position":"center center","background-size":"auto","background-attachment":"scroll","background-type":"","background-media":"","overlay-type":"","overlay-color":"","overlay-opacity":"","overlay-gradient":""}}},"product_brand":[],"product_cat":[16,43,27,22,18],"product_tag":[],"class_list":{"0":"post-1537","1":"product","2":"type-product","3":"status-publish","4":"has-post-thumbnail","6":"product_cat-koik-tooted","7":"product_cat-komplektid","8":"product_cat-lauad","9":"product_cat-sooduspakkumised","10":"product_cat-soogituba","11":"product_shipping_class-up-to-30kg","12":"desktop-align-left","13":"tablet-align-left","14":"mobile-align-left","16":"first","17":"instock","18":"sale","19":"shipping-taxable","20":"purchasable","21":"product-type-simple"},"yoast_head":"<!-- This site is optimized with the Yoast SEO plugin v27.4 - https:\/\/yoast.com\/product\/yoast-seo-wordpress\/ -->\n<title>S\u00f6\u00f6gitoakomplekt Sorrento valge p\u00f6\u00f6k - Grafio.ee<\/title>\n<meta name=\"robots\" content=\"index, follow, max-snippet:-1, max-image-preview:large, max-video-preview:-1\" \/>\n<link rel=\"canonical\" href=\"https:\/\/grafio.ee\/en\/product\/soogitoakomplekt-sorrento-valge-pook\/\" \/>\n<meta property=\"og:locale\" content=\"en_GB\" \/>\n<meta property=\"og:type\" content=\"article\" \/>\n<meta property=\"og:title\" content=\"S\u00f6\u00f6gitoakomplekt Sorrento valge p\u00f6\u00f6k - Grafio.ee\" \/>\n<meta property=\"og:description\" content=\"S\u00f6\u00f6gitoakomplekt Sorrento valge p\u00f6\u00f6k  Komplekti kuulub s\u00f6\u00f6gilaud Sorrento valge p\u00f6\u00f6k L.150cm  Toolid Lusia 4tk karkass valge p\u00f6\u00f6k  Laua top MDF marmor imitatsioon, laua ja toolijalad t\u00e4ispuit, valge p\u00f6\u00f6k  Tooli istme pehmenduseks poroloon, kaetud halli kangaga.  Tooli m\u00f5\u00f5t:L-48*51*H.48\/83cm  Laua m\u00f5\u00f5t: L.90*150*H.75cm\" \/>\n<meta property=\"og:url\" content=\"https:\/\/grafio.ee\/en\/product\/soogitoakomplekt-sorrento-valge-pook\/\" \/>\n<meta property=\"og:site_name\" content=\"Grafio.ee\" \/>\n<meta property=\"article:modified_time\" content=\"2025-09-16T05:54:16+00:00\" \/>\n<meta property=\"og:image\" content=\"https:\/\/grafio.ee\/wp-content\/uploads\/2024\/06\/SorrentoLusia-scaled.jpg\" \/>\n\t<meta property=\"og:image:width\" content=\"2560\" \/>\n\t<meta property=\"og:image:height\" content=\"1920\" \/>\n\t<meta property=\"og:image:type\" content=\"image\/jpeg\" \/>\n<meta name=\"twitter:card\" content=\"summary_large_image\" \/>\n<meta name=\"twitter:label1\" content=\"Estimated reading time\" \/>\n\t<meta name=\"twitter:data1\" content=\"1 minute\" \/>\n<script type=\"application\/ld+json\" class=\"yoast-schema-graph\">{\"@context\":\"https:\\\/\\\/schema.org\",\"@graph\":[{\"@type\":\"WebPage\",\"@id\":\"https:\\\/\\\/grafio.ee\\\/en\\\/product\\\/soogitoakomplekt-sorrento-valge-pook\\\/\",\"url\":\"https:\\\/\\\/grafio.ee\\\/en\\\/product\\\/soogitoakomplekt-sorrento-valge-pook\\\/\",\"name\":\"S\u00f6\u00f6gitoakomplekt Sorrento valge p\u00f6\u00f6k - Grafio.ee\",\"isPartOf\":{\"@id\":\"https:\\\/\\\/grafio.ee\\\/#website\"},\"primaryImageOfPage\":{\"@id\":\"https:\\\/\\\/grafio.ee\\\/en\\\/product\\\/soogitoakomplekt-sorrento-valge-pook\\\/#primaryimage\"},\"image\":{\"@id\":\"https:\\\/\\\/grafio.ee\\\/en\\\/product\\\/soogitoakomplekt-sorrento-valge-pook\\\/#primaryimage\"},\"thumbnailUrl\":\"https:\\\/\\\/grafio.ee\\\/wp-content\\\/uploads\\\/2024\\\/06\\\/SorrentoLusia-scaled.jpg\",\"datePublished\":\"2024-12-02T17:52:03+00:00\",\"dateModified\":\"2025-09-16T05:54:16+00:00\",\"breadcrumb\":{\"@id\":\"https:\\\/\\\/grafio.ee\\\/en\\\/product\\\/soogitoakomplekt-sorrento-valge-pook\\\/#breadcrumb\"},\"inLanguage\":\"en-GB\",\"potentialAction\":[{\"@type\":\"ReadAction\",\"target\":[\"https:\\\/\\\/grafio.ee\\\/en\\\/product\\\/soogitoakomplekt-sorrento-valge-pook\\\/\"]}]},{\"@type\":\"ImageObject\",\"inLanguage\":\"en-GB\",\"@id\":\"https:\\\/\\\/grafio.ee\\\/en\\\/product\\\/soogitoakomplekt-sorrento-valge-pook\\\/#primaryimage\",\"url\":\"https:\\\/\\\/grafio.ee\\\/wp-content\\\/uploads\\\/2024\\\/06\\\/SorrentoLusia-scaled.jpg\",\"contentUrl\":\"https:\\\/\\\/grafio.ee\\\/wp-content\\\/uploads\\\/2024\\\/06\\\/SorrentoLusia-scaled.jpg\",\"width\":2560,\"height\":1920},{\"@type\":\"BreadcrumbList\",\"@id\":\"https:\\\/\\\/grafio.ee\\\/en\\\/product\\\/soogitoakomplekt-sorrento-valge-pook\\\/#breadcrumb\",\"itemListElement\":[{\"@type\":\"ListItem\",\"position\":1,\"name\":\"Home\",\"item\":\"https:\\\/\\\/grafio.ee\\\/\"},{\"@type\":\"ListItem\",\"position\":2,\"name\":\"K\u00f5ik tooted\",\"item\":\"https:\\\/\\\/grafio.ee\\\/shop\\\/\"},{\"@type\":\"ListItem\",\"position\":3,\"name\":\"S\u00f6\u00f6gitoakomplekt Sorrento valge p\u00f6\u00f6k\"}]},{\"@type\":\"WebSite\",\"@id\":\"https:\\\/\\\/grafio.ee\\\/#website\",\"url\":\"https:\\\/\\\/grafio.ee\\\/\",\"name\":\"Grafio.ee\",\"description\":\"sisustus\",\"publisher\":{\"@id\":\"https:\\\/\\\/grafio.ee\\\/#organization\"},\"potentialAction\":[{\"@type\":\"SearchAction\",\"target\":{\"@type\":\"EntryPoint\",\"urlTemplate\":\"https:\\\/\\\/grafio.ee\\\/?s={search_term_string}\"},\"query-input\":{\"@type\":\"PropertyValueSpecification\",\"valueRequired\":true,\"valueName\":\"search_term_string\"}}],\"inLanguage\":\"en-GB\"},{\"@type\":\"Organization\",\"@id\":\"https:\\\/\\\/grafio.ee\\\/#organization\",\"name\":\"Grafio.ee\",\"url\":\"https:\\\/\\\/grafio.ee\\\/\",\"logo\":{\"@type\":\"ImageObject\",\"inLanguage\":\"en-GB\",\"@id\":\"https:\\\/\\\/grafio.ee\\\/#\\\/schema\\\/logo\\\/image\\\/\",\"url\":\"https:\\\/\\\/grafio.ee\\\/wp-content\\\/uploads\\\/2024\\\/06\\\/grafio-logo-black-01b-01.svg\",\"contentUrl\":\"https:\\\/\\\/grafio.ee\\\/wp-content\\\/uploads\\\/2024\\\/06\\\/grafio-logo-black-01b-01.svg\",\"width\":1000,\"height\":413,\"caption\":\"Grafio.ee\"},\"image\":{\"@id\":\"https:\\\/\\\/grafio.ee\\\/#\\\/schema\\\/logo\\\/image\\\/\"}}]}<\/script>\n<!-- \/ Yoast SEO plugin. -->","yoast_head_json":{"title":"S\u00f6\u00f6gitoakomplekt Sorrento valge p\u00f6\u00f6k - Grafio.ee","robots":{"index":"index","follow":"follow","max-snippet":"max-snippet:-1","max-image-preview":"max-image-preview:large","max-video-preview":"max-video-preview:-1"},"canonical":"https:\/\/grafio.ee\/en\/product\/soogitoakomplekt-sorrento-valge-pook\/","og_locale":"en_GB","og_type":"article","og_title":"S\u00f6\u00f6gitoakomplekt Sorrento valge p\u00f6\u00f6k - Grafio.ee","og_description":"S\u00f6\u00f6gitoakomplekt Sorrento valge p\u00f6\u00f6k  Komplekti kuulub s\u00f6\u00f6gilaud Sorrento valge p\u00f6\u00f6k L.150cm  Toolid Lusia 4tk karkass valge p\u00f6\u00f6k  Laua top MDF marmor imitatsioon, laua ja toolijalad t\u00e4ispuit, valge p\u00f6\u00f6k  Tooli istme pehmenduseks poroloon, kaetud halli kangaga.  Tooli m\u00f5\u00f5t:L-48*51*H.48\/83cm  Laua m\u00f5\u00f5t: L.90*150*H.75cm","og_url":"https:\/\/grafio.ee\/en\/product\/soogitoakomplekt-sorrento-valge-pook\/","og_site_name":"Grafio.ee","article_modified_time":"2025-09-16T05:54:16+00:00","og_image":[{"width":2560,"height":1920,"url":"https:\/\/grafio.ee\/wp-content\/uploads\/2024\/06\/SorrentoLusia-scaled.jpg","type":"image\/jpeg"}],"twitter_card":"summary_large_image","twitter_misc":{"Estimated reading time":"1 minute"},"schema":{"@context":"https:\/\/schema.org","@graph":[{"@type":"WebPage","@id":"https:\/\/grafio.ee\/en\/product\/soogitoakomplekt-sorrento-valge-pook\/","url":"https:\/\/grafio.ee\/en\/product\/soogitoakomplekt-sorrento-valge-pook\/","name":"S\u00f6\u00f6gitoakomplekt Sorrento valge p\u00f6\u00f6k - Grafio.ee","isPartOf":{"@id":"https:\/\/grafio.ee\/#website"},"primaryImageOfPage":{"@id":"https:\/\/grafio.ee\/en\/product\/soogitoakomplekt-sorrento-valge-pook\/#primaryimage"},"image":{"@id":"https:\/\/grafio.ee\/en\/product\/soogitoakomplekt-sorrento-valge-pook\/#primaryimage"},"thumbnailUrl":"https:\/\/grafio.ee\/wp-content\/uploads\/2024\/06\/SorrentoLusia-scaled.jpg","datePublished":"2024-12-02T17:52:03+00:00","dateModified":"2025-09-16T05:54:16+00:00","breadcrumb":{"@id":"https:\/\/grafio.ee\/en\/product\/soogitoakomplekt-sorrento-valge-pook\/#breadcrumb"},"inLanguage":"en-GB","potentialAction":[{"@type":"ReadAction","target":["https:\/\/grafio.ee\/en\/product\/soogitoakomplekt-sorrento-valge-pook\/"]}]},{"@type":"ImageObject","inLanguage":"en-GB","@id":"https:\/\/grafio.ee\/en\/product\/soogitoakomplekt-sorrento-valge-pook\/#primaryimage","url":"https:\/\/grafio.ee\/wp-content\/uploads\/2024\/06\/SorrentoLusia-scaled.jpg","contentUrl":"https:\/\/grafio.ee\/wp-content\/uploads\/2024\/06\/SorrentoLusia-scaled.jpg","width":2560,"height":1920},{"@type":"BreadcrumbList","@id":"https:\/\/grafio.ee\/en\/product\/soogitoakomplekt-sorrento-valge-pook\/#breadcrumb","itemListElement":[{"@type":"ListItem","position":1,"name":"Home","item":"https:\/\/grafio.ee\/"},{"@type":"ListItem","position":2,"name":"K\u00f5ik tooted","item":"https:\/\/grafio.ee\/shop\/"},{"@type":"ListItem","position":3,"name":"S\u00f6\u00f6gitoakomplekt Sorrento valge p\u00f6\u00f6k"}]},{"@type":"WebSite","@id":"https:\/\/grafio.ee\/#website","url":"https:\/\/grafio.ee\/","name":"Grafio.ee","description":"sisustus","publisher":{"@id":"https:\/\/grafio.ee\/#organization"},"potentialAction":[{"@type":"SearchAction","target":{"@type":"EntryPoint","urlTemplate":"https:\/\/grafio.ee\/?s={search_term_string}"},"query-input":{"@type":"PropertyValueSpecification","valueRequired":true,"valueName":"search_term_string"}}],"inLanguage":"en-GB"},{"@type":"Organization","@id":"https:\/\/grafio.ee\/#organization","name":"Grafio.ee","url":"https:\/\/grafio.ee\/","logo":{"@type":"ImageObject","inLanguage":"en-GB","@id":"https:\/\/grafio.ee\/#\/schema\/logo\/image\/","url":"https:\/\/grafio.ee\/wp-content\/uploads\/2024\/06\/grafio-logo-black-01b-01.svg","contentUrl":"https:\/\/grafio.ee\/wp-content\/uploads\/2024\/06\/grafio-logo-black-01b-01.svg","width":1000,"height":413,"caption":"Grafio.ee"},"image":{"@id":"https:\/\/grafio.ee\/#\/schema\/logo\/image\/"}}]}},"_links":{"self":[{"href":"https:\/\/grafio.ee\/en\/wp-json\/wp\/v2\/product\/1537","targetHints":{"allow":["GET"]}}],"collection":[{"href":"https:\/\/grafio.ee\/en\/wp-json\/wp\/v2\/product"}],"about":[{"href":"https:\/\/grafio.ee\/en\/wp-json\/wp\/v2\/types\/product"}],"wp:featuredmedia":[{"embeddable":true,"href":"https:\/\/grafio.ee\/en\/wp-json\/wp\/v2\/media\/885"}],"wp:attachment":[{"href":"https:\/\/grafio.ee\/en\/wp-json\/wp\/v2\/media?parent=1537"}],"wp:term":[{"taxonomy":"product_brand","embeddable":true,"href":"https:\/\/grafio.ee\/en\/wp-json\/wp\/v2\/product_brand?post=1537"},{"taxonomy":"product_cat","embeddable":true,"href":"https:\/\/grafio.ee\/en\/wp-json\/wp\/v2\/product_cat?post=1537"},{"taxonomy":"product_tag","embeddable":true,"href":"https:\/\/grafio.ee\/en\/wp-json\/wp\/v2\/product_tag?post=1537"}],"curies":[{"name":"wp","href":"https:\/\/api.w.org\/{rel}","templated":true}]}}