{"id":1559,"date":"2025-04-21T22:29:22","date_gmt":"2025-04-21T19:29:22","guid":{"rendered":"https:\/\/grafio.ee\/?post_type=product&#038;p=1559"},"modified":"2025-09-16T09:44:17","modified_gmt":"2025-09-16T06:44:17","slug":"pukk-loreta-naturaalne-60cm","status":"publish","type":"product","link":"https:\/\/grafio.ee\/en\/product\/pukk-loreta-naturaalne-60cm\/","title":{"rendered":"Pukk Loreta naturaalne 60cm"},"content":{"rendered":"<p>*Puki Loreta karkass t\u00e4ispuidust, v\u00e4rvus naturaalne<\/p>\n<p>*Puki iste MDF,v\u00e4rvus naturaalne<\/p>\n<p>Toote m\u00f5\u00f5dud.L.40:S.44.K.60\/96cm<\/p>\n<p>1tk pakis\/4tk kastis<\/p>","protected":false},"excerpt":{"rendered":"<p>*Puki Loreta karkass t\u00e4ispuidust, v\u00e4rvus naturaalne *Puki iste MDF,v\u00e4rvus naturaalne Toote m\u00f5\u00f5dud.L.40:S.44.K.60\/96cm 1tk pakis\/4tk kastis<\/p>","protected":false},"featured_media":1616,"template":"","meta":{"site-sidebar-layout":"default","site-content-layout":"","ast-site-content-layout":"default","site-content-style":"default","site-sidebar-style":"default","ast-global-header-display":"","ast-banner-title-visibility":"","ast-main-header-display":"","ast-hfb-above-header-display":"","ast-hfb-below-header-display":"","ast-hfb-mobile-header-display":"","site-post-title":"","ast-breadcrumbs-content":"","ast-featured-img":"","footer-sml-layout":"","ast-disable-related-posts":"","theme-transparent-header-meta":"default","adv-header-id-meta":"","stick-header-meta":"","header-above-stick-meta":"","header-main-stick-meta":"","header-below-stick-meta":"","astra-migrate-meta-layouts":"set","ast-page-background-enabled":"default","ast-page-background-meta":{"desktop":{"background-color":"var(--ast-global-color-4)","background-image":"","background-repeat":"repeat","background-position":"center center","background-size":"auto","background-attachment":"scroll","background-type":"","background-media":"","overlay-type":"","overlay-color":"","overlay-opacity":"","overlay-gradient":""},"tablet":{"background-color":"","background-image":"","background-repeat":"repeat","background-position":"center center","background-size":"auto","background-attachment":"scroll","background-type":"","background-media":"","overlay-type":"","overlay-color":"","overlay-opacity":"","overlay-gradient":""},"mobile":{"background-color":"","background-image":"","background-repeat":"repeat","background-position":"center center","background-size":"auto","background-attachment":"scroll","background-type":"","background-media":"","overlay-type":"","overlay-color":"","overlay-opacity":"","overlay-gradient":""}},"ast-content-background-meta":{"desktop":{"background-color":"var(--ast-global-color-5)","background-image":"","background-repeat":"repeat","background-position":"center center","background-size":"auto","background-attachment":"scroll","background-type":"","background-media":"","overlay-type":"","overlay-color":"","overlay-opacity":"","overlay-gradient":""},"tablet":{"background-color":"var(--ast-global-color-5)","background-image":"","background-repeat":"repeat","background-position":"center center","background-size":"auto","background-attachment":"scroll","background-type":"","background-media":"","overlay-type":"","overlay-color":"","overlay-opacity":"","overlay-gradient":""},"mobile":{"background-color":"var(--ast-global-color-5)","background-image":"","background-repeat":"repeat","background-position":"center center","background-size":"auto","background-attachment":"scroll","background-type":"","background-media":"","overlay-type":"","overlay-color":"","overlay-opacity":"","overlay-gradient":""}}},"product_brand":[],"product_cat":[16,30,22,18],"product_tag":[],"class_list":{"0":"post-1559","1":"product","2":"type-product","3":"status-publish","4":"has-post-thumbnail","6":"product_cat-koik-tooted","7":"product_cat-pukid-tumbad","8":"product_cat-sooduspakkumised","9":"product_cat-soogituba","10":"product_shipping_class-up-to-5kg","11":"desktop-align-left","12":"tablet-align-left","13":"mobile-align-left","15":"first","16":"instock","17":"sale","18":"shipping-taxable","19":"purchasable","20":"product-type-simple"},"yoast_head":"<!-- This site is optimized with the Yoast SEO plugin v27.4 - https:\/\/yoast.com\/product\/yoast-seo-wordpress\/ -->\n<title>Pukk Loreta naturaalne 60cm - Grafio.ee<\/title>\n<meta name=\"robots\" content=\"index, follow, max-snippet:-1, max-image-preview:large, max-video-preview:-1\" \/>\n<link rel=\"canonical\" href=\"https:\/\/grafio.ee\/en\/product\/pukk-loreta-naturaalne-60cm\/\" \/>\n<meta property=\"og:locale\" content=\"en_GB\" \/>\n<meta property=\"og:type\" content=\"article\" \/>\n<meta property=\"og:title\" content=\"Pukk Loreta naturaalne 60cm - Grafio.ee\" \/>\n<meta property=\"og:description\" content=\"*Puki Loreta karkass t\u00e4ispuidust, v\u00e4rvus naturaalne *Puki iste MDF,v\u00e4rvus naturaalne Toote m\u00f5\u00f5dud.L.40:S.44.K.60\/96cm 1tk pakis\/4tk kastis\" \/>\n<meta property=\"og:url\" content=\"https:\/\/grafio.ee\/en\/product\/pukk-loreta-naturaalne-60cm\/\" \/>\n<meta property=\"og:site_name\" content=\"Grafio.ee\" \/>\n<meta property=\"article:modified_time\" content=\"2025-09-16T06:44:17+00:00\" \/>\n<meta property=\"og:image\" content=\"https:\/\/grafio.ee\/wp-content\/uploads\/2025\/04\/Loreta-pukk-nat-scaled.jpg\" \/>\n\t<meta property=\"og:image:width\" content=\"1707\" \/>\n\t<meta property=\"og:image:height\" content=\"2560\" \/>\n\t<meta property=\"og:image:type\" content=\"image\/jpeg\" \/>\n<meta name=\"twitter:card\" content=\"summary_large_image\" \/>\n<meta name=\"twitter:label1\" content=\"Estimated reading time\" \/>\n\t<meta name=\"twitter:data1\" content=\"1 minute\" \/>\n<script type=\"application\/ld+json\" class=\"yoast-schema-graph\">{\"@context\":\"https:\\\/\\\/schema.org\",\"@graph\":[{\"@type\":\"WebPage\",\"@id\":\"https:\\\/\\\/grafio.ee\\\/en\\\/product\\\/pukk-loreta-naturaalne-60cm\\\/\",\"url\":\"https:\\\/\\\/grafio.ee\\\/en\\\/product\\\/pukk-loreta-naturaalne-60cm\\\/\",\"name\":\"Pukk Loreta naturaalne 60cm - Grafio.ee\",\"isPartOf\":{\"@id\":\"https:\\\/\\\/grafio.ee\\\/#website\"},\"primaryImageOfPage\":{\"@id\":\"https:\\\/\\\/grafio.ee\\\/en\\\/product\\\/pukk-loreta-naturaalne-60cm\\\/#primaryimage\"},\"image\":{\"@id\":\"https:\\\/\\\/grafio.ee\\\/en\\\/product\\\/pukk-loreta-naturaalne-60cm\\\/#primaryimage\"},\"thumbnailUrl\":\"https:\\\/\\\/grafio.ee\\\/wp-content\\\/uploads\\\/2025\\\/04\\\/Loreta-pukk-nat-scaled.jpg\",\"datePublished\":\"2025-04-21T19:29:22+00:00\",\"dateModified\":\"2025-09-16T06:44:17+00:00\",\"breadcrumb\":{\"@id\":\"https:\\\/\\\/grafio.ee\\\/en\\\/product\\\/pukk-loreta-naturaalne-60cm\\\/#breadcrumb\"},\"inLanguage\":\"en-GB\",\"potentialAction\":[{\"@type\":\"ReadAction\",\"target\":[\"https:\\\/\\\/grafio.ee\\\/en\\\/product\\\/pukk-loreta-naturaalne-60cm\\\/\"]}]},{\"@type\":\"ImageObject\",\"inLanguage\":\"en-GB\",\"@id\":\"https:\\\/\\\/grafio.ee\\\/en\\\/product\\\/pukk-loreta-naturaalne-60cm\\\/#primaryimage\",\"url\":\"https:\\\/\\\/grafio.ee\\\/wp-content\\\/uploads\\\/2025\\\/04\\\/Loreta-pukk-nat-scaled.jpg\",\"contentUrl\":\"https:\\\/\\\/grafio.ee\\\/wp-content\\\/uploads\\\/2025\\\/04\\\/Loreta-pukk-nat-scaled.jpg\",\"width\":1707,\"height\":2560},{\"@type\":\"BreadcrumbList\",\"@id\":\"https:\\\/\\\/grafio.ee\\\/en\\\/product\\\/pukk-loreta-naturaalne-60cm\\\/#breadcrumb\",\"itemListElement\":[{\"@type\":\"ListItem\",\"position\":1,\"name\":\"Home\",\"item\":\"https:\\\/\\\/grafio.ee\\\/\"},{\"@type\":\"ListItem\",\"position\":2,\"name\":\"K\u00f5ik tooted\",\"item\":\"https:\\\/\\\/grafio.ee\\\/shop\\\/\"},{\"@type\":\"ListItem\",\"position\":3,\"name\":\"Pukk Loreta naturaalne 60cm\"}]},{\"@type\":\"WebSite\",\"@id\":\"https:\\\/\\\/grafio.ee\\\/#website\",\"url\":\"https:\\\/\\\/grafio.ee\\\/\",\"name\":\"Grafio.ee\",\"description\":\"sisustus\",\"publisher\":{\"@id\":\"https:\\\/\\\/grafio.ee\\\/#organization\"},\"potentialAction\":[{\"@type\":\"SearchAction\",\"target\":{\"@type\":\"EntryPoint\",\"urlTemplate\":\"https:\\\/\\\/grafio.ee\\\/?s={search_term_string}\"},\"query-input\":{\"@type\":\"PropertyValueSpecification\",\"valueRequired\":true,\"valueName\":\"search_term_string\"}}],\"inLanguage\":\"en-GB\"},{\"@type\":\"Organization\",\"@id\":\"https:\\\/\\\/grafio.ee\\\/#organization\",\"name\":\"Grafio.ee\",\"url\":\"https:\\\/\\\/grafio.ee\\\/\",\"logo\":{\"@type\":\"ImageObject\",\"inLanguage\":\"en-GB\",\"@id\":\"https:\\\/\\\/grafio.ee\\\/#\\\/schema\\\/logo\\\/image\\\/\",\"url\":\"https:\\\/\\\/grafio.ee\\\/wp-content\\\/uploads\\\/2024\\\/06\\\/grafio-logo-black-01b-01.svg\",\"contentUrl\":\"https:\\\/\\\/grafio.ee\\\/wp-content\\\/uploads\\\/2024\\\/06\\\/grafio-logo-black-01b-01.svg\",\"width\":1000,\"height\":413,\"caption\":\"Grafio.ee\"},\"image\":{\"@id\":\"https:\\\/\\\/grafio.ee\\\/#\\\/schema\\\/logo\\\/image\\\/\"}}]}<\/script>\n<!-- \/ Yoast SEO plugin. -->","yoast_head_json":{"title":"Pukk Loreta naturaalne 60cm - Grafio.ee","robots":{"index":"index","follow":"follow","max-snippet":"max-snippet:-1","max-image-preview":"max-image-preview:large","max-video-preview":"max-video-preview:-1"},"canonical":"https:\/\/grafio.ee\/en\/product\/pukk-loreta-naturaalne-60cm\/","og_locale":"en_GB","og_type":"article","og_title":"Pukk Loreta naturaalne 60cm - Grafio.ee","og_description":"*Puki Loreta karkass t\u00e4ispuidust, v\u00e4rvus naturaalne *Puki iste MDF,v\u00e4rvus naturaalne Toote m\u00f5\u00f5dud.L.40:S.44.K.60\/96cm 1tk pakis\/4tk kastis","og_url":"https:\/\/grafio.ee\/en\/product\/pukk-loreta-naturaalne-60cm\/","og_site_name":"Grafio.ee","article_modified_time":"2025-09-16T06:44:17+00:00","og_image":[{"width":1707,"height":2560,"url":"https:\/\/grafio.ee\/wp-content\/uploads\/2025\/04\/Loreta-pukk-nat-scaled.jpg","type":"image\/jpeg"}],"twitter_card":"summary_large_image","twitter_misc":{"Estimated reading time":"1 minute"},"schema":{"@context":"https:\/\/schema.org","@graph":[{"@type":"WebPage","@id":"https:\/\/grafio.ee\/en\/product\/pukk-loreta-naturaalne-60cm\/","url":"https:\/\/grafio.ee\/en\/product\/pukk-loreta-naturaalne-60cm\/","name":"Pukk Loreta naturaalne 60cm - Grafio.ee","isPartOf":{"@id":"https:\/\/grafio.ee\/#website"},"primaryImageOfPage":{"@id":"https:\/\/grafio.ee\/en\/product\/pukk-loreta-naturaalne-60cm\/#primaryimage"},"image":{"@id":"https:\/\/grafio.ee\/en\/product\/pukk-loreta-naturaalne-60cm\/#primaryimage"},"thumbnailUrl":"https:\/\/grafio.ee\/wp-content\/uploads\/2025\/04\/Loreta-pukk-nat-scaled.jpg","datePublished":"2025-04-21T19:29:22+00:00","dateModified":"2025-09-16T06:44:17+00:00","breadcrumb":{"@id":"https:\/\/grafio.ee\/en\/product\/pukk-loreta-naturaalne-60cm\/#breadcrumb"},"inLanguage":"en-GB","potentialAction":[{"@type":"ReadAction","target":["https:\/\/grafio.ee\/en\/product\/pukk-loreta-naturaalne-60cm\/"]}]},{"@type":"ImageObject","inLanguage":"en-GB","@id":"https:\/\/grafio.ee\/en\/product\/pukk-loreta-naturaalne-60cm\/#primaryimage","url":"https:\/\/grafio.ee\/wp-content\/uploads\/2025\/04\/Loreta-pukk-nat-scaled.jpg","contentUrl":"https:\/\/grafio.ee\/wp-content\/uploads\/2025\/04\/Loreta-pukk-nat-scaled.jpg","width":1707,"height":2560},{"@type":"BreadcrumbList","@id":"https:\/\/grafio.ee\/en\/product\/pukk-loreta-naturaalne-60cm\/#breadcrumb","itemListElement":[{"@type":"ListItem","position":1,"name":"Home","item":"https:\/\/grafio.ee\/"},{"@type":"ListItem","position":2,"name":"K\u00f5ik tooted","item":"https:\/\/grafio.ee\/shop\/"},{"@type":"ListItem","position":3,"name":"Pukk Loreta naturaalne 60cm"}]},{"@type":"WebSite","@id":"https:\/\/grafio.ee\/#website","url":"https:\/\/grafio.ee\/","name":"Grafio.ee","description":"sisustus","publisher":{"@id":"https:\/\/grafio.ee\/#organization"},"potentialAction":[{"@type":"SearchAction","target":{"@type":"EntryPoint","urlTemplate":"https:\/\/grafio.ee\/?s={search_term_string}"},"query-input":{"@type":"PropertyValueSpecification","valueRequired":true,"valueName":"search_term_string"}}],"inLanguage":"en-GB"},{"@type":"Organization","@id":"https:\/\/grafio.ee\/#organization","name":"Grafio.ee","url":"https:\/\/grafio.ee\/","logo":{"@type":"ImageObject","inLanguage":"en-GB","@id":"https:\/\/grafio.ee\/#\/schema\/logo\/image\/","url":"https:\/\/grafio.ee\/wp-content\/uploads\/2024\/06\/grafio-logo-black-01b-01.svg","contentUrl":"https:\/\/grafio.ee\/wp-content\/uploads\/2024\/06\/grafio-logo-black-01b-01.svg","width":1000,"height":413,"caption":"Grafio.ee"},"image":{"@id":"https:\/\/grafio.ee\/#\/schema\/logo\/image\/"}}]}},"_links":{"self":[{"href":"https:\/\/grafio.ee\/en\/wp-json\/wp\/v2\/product\/1559","targetHints":{"allow":["GET"]}}],"collection":[{"href":"https:\/\/grafio.ee\/en\/wp-json\/wp\/v2\/product"}],"about":[{"href":"https:\/\/grafio.ee\/en\/wp-json\/wp\/v2\/types\/product"}],"wp:featuredmedia":[{"embeddable":true,"href":"https:\/\/grafio.ee\/en\/wp-json\/wp\/v2\/media\/1616"}],"wp:attachment":[{"href":"https:\/\/grafio.ee\/en\/wp-json\/wp\/v2\/media?parent=1559"}],"wp:term":[{"taxonomy":"product_brand","embeddable":true,"href":"https:\/\/grafio.ee\/en\/wp-json\/wp\/v2\/product_brand?post=1559"},{"taxonomy":"product_cat","embeddable":true,"href":"https:\/\/grafio.ee\/en\/wp-json\/wp\/v2\/product_cat?post=1559"},{"taxonomy":"product_tag","embeddable":true,"href":"https:\/\/grafio.ee\/en\/wp-json\/wp\/v2\/product_tag?post=1559"}],"curies":[{"name":"wp","href":"https:\/\/api.w.org\/{rel}","templated":true}]}}