{"id":1619,"date":"2025-08-12T07:27:41","date_gmt":"2025-08-12T04:27:41","guid":{"rendered":"https:\/\/grafio.ee\/?post_type=product&#038;p=1619"},"modified":"2025-09-17T11:25:42","modified_gmt":"2025-09-17T08:25:42","slug":"kontoritool-dolores-helesinine-vorkkangas","status":"publish","type":"product","link":"https:\/\/grafio.ee\/en\/product\/kontoritool-dolores-helesinine-vorkkangas\/","title":{"rendered":"Kontoritool Dolores helesinine v\u00f5rkkangas"},"content":{"rendered":"<p>Maksimaalne kandev\u00f5ime 120kg<\/p>","protected":false},"excerpt":{"rendered":"<p>*Seat foam covered with black mesh fabric, backrest black mesh<\/p>\n<p>*frame metal<\/p>\n<p>*armrest black plastic<\/p>\n<p>*black perforated plastic on the backrest<\/p>\n<p>*seat height is adjustable using a gas pump mechanism<\/p>\n<p>*headrest black plastic with foam, covered with black mesh fabric<\/p>\n<p>* footrest chrome<\/p>\n<p>*load capacity 120 kg<\/p>","protected":false},"featured_media":1620,"template":"","meta":{"site-sidebar-layout":"default","site-content-layout":"","ast-site-content-layout":"default","site-content-style":"default","site-sidebar-style":"default","ast-global-header-display":"","ast-banner-title-visibility":"","ast-main-header-display":"","ast-hfb-above-header-display":"","ast-hfb-below-header-display":"","ast-hfb-mobile-header-display":"","site-post-title":"","ast-breadcrumbs-content":"","ast-featured-img":"","footer-sml-layout":"","ast-disable-related-posts":"","theme-transparent-header-meta":"default","adv-header-id-meta":"","stick-header-meta":"","header-above-stick-meta":"","header-main-stick-meta":"","header-below-stick-meta":"","astra-migrate-meta-layouts":"set","ast-page-background-enabled":"default","ast-page-background-meta":{"desktop":{"background-color":"var(--ast-global-color-4)","background-image":"","background-repeat":"repeat","background-position":"center center","background-size":"auto","background-attachment":"scroll","background-type":"","background-media":"","overlay-type":"","overlay-color":"","overlay-opacity":"","overlay-gradient":""},"tablet":{"background-color":"","background-image":"","background-repeat":"repeat","background-position":"center center","background-size":"auto","background-attachment":"scroll","background-type":"","background-media":"","overlay-type":"","overlay-color":"","overlay-opacity":"","overlay-gradient":""},"mobile":{"background-color":"","background-image":"","background-repeat":"repeat","background-position":"center center","background-size":"auto","background-attachment":"scroll","background-type":"","background-media":"","overlay-type":"","overlay-color":"","overlay-opacity":"","overlay-gradient":""}},"ast-content-background-meta":{"desktop":{"background-color":"var(--ast-global-color-5)","background-image":"","background-repeat":"repeat","background-position":"center center","background-size":"auto","background-attachment":"scroll","background-type":"","background-media":"","overlay-type":"","overlay-color":"","overlay-opacity":"","overlay-gradient":""},"tablet":{"background-color":"var(--ast-global-color-5)","background-image":"","background-repeat":"repeat","background-position":"center center","background-size":"auto","background-attachment":"scroll","background-type":"","background-media":"","overlay-type":"","overlay-color":"","overlay-opacity":"","overlay-gradient":""},"mobile":{"background-color":"var(--ast-global-color-5)","background-image":"","background-repeat":"repeat","background-position":"center center","background-size":"auto","background-attachment":"scroll","background-type":"","background-media":"","overlay-type":"","overlay-color":"","overlay-opacity":"","overlay-gradient":""}}},"product_brand":[],"product_cat":[16,17,25,24,20],"product_tag":[],"class_list":{"0":"post-1619","1":"product","2":"type-product","3":"status-publish","4":"has-post-thumbnail","6":"product_cat-koik-tooted","7":"product_cat-kontor","8":"product_cat-kontoritoolid","9":"product_cat-lastetoolid","10":"product_cat-uued-tooted","11":"product_shipping_class-up-to-20kg","12":"desktop-align-left","13":"tablet-align-left","14":"mobile-align-left","16":"first","17":"instock","18":"shipping-taxable","19":"purchasable","20":"product-type-simple"},"yoast_head":"<!-- This site is optimized with the Yoast SEO plugin v27.2 - https:\/\/yoast.com\/product\/yoast-seo-wordpress\/ -->\n<title>Kontoritool Dolores helesinine v\u00f5rkkangas - Grafio.ee<\/title>\n<meta name=\"robots\" content=\"index, follow, max-snippet:-1, max-image-preview:large, max-video-preview:-1\" \/>\n<link rel=\"canonical\" href=\"https:\/\/www.grafio.ee\/toode\/kontoritool-dolores-helesinine-vorkkangas\/\" \/>\n<meta property=\"og:locale\" content=\"en_GB\" \/>\n<meta property=\"og:type\" content=\"article\" \/>\n<meta property=\"og:title\" content=\"Kontoritool Dolores helesinine v\u00f5rkkangas - Grafio.ee\" \/>\n<meta property=\"og:description\" content=\"*Tool Dolores iste must kangas, seljatugi must v\u00f5rk  *raam metallist  *k\u00e4etoed must plastik  *seljatoel must perforeeritud plastik  *istme k\u00f5rgus on reguleeritav gaaspumpmehhanismi abil  *peatugi must plastik, kaetud musta v\u00f5rkkangaga  *jalarist kroom  *kandev\u00f5ime 120kg\" \/>\n<meta property=\"og:url\" content=\"https:\/\/www.grafio.ee\/toode\/kontoritool-dolores-helesinine-vorkkangas\/\" \/>\n<meta property=\"og:site_name\" content=\"Grafio.ee\" \/>\n<meta property=\"article:modified_time\" content=\"2025-09-17T08:25:42+00:00\" \/>\n<meta property=\"og:image\" content=\"https:\/\/www.grafio.ee\/wp-content\/uploads\/2025\/08\/Dolores-helesinine-scaled.jpg\" \/>\n\t<meta property=\"og:image:width\" content=\"1707\" \/>\n\t<meta property=\"og:image:height\" content=\"2560\" \/>\n\t<meta property=\"og:image:type\" content=\"image\/jpeg\" \/>\n<meta name=\"twitter:card\" content=\"summary_large_image\" \/>\n<meta name=\"twitter:label1\" content=\"Estimated reading time\" \/>\n\t<meta name=\"twitter:data1\" content=\"1 minute\" \/>\n<script type=\"application\/ld+json\" class=\"yoast-schema-graph\">{\"@context\":\"https:\/\/schema.org\",\"@graph\":[{\"@type\":\"WebPage\",\"@id\":\"https:\/\/www.grafio.ee\/toode\/kontoritool-dolores-helesinine-vorkkangas\/\",\"url\":\"https:\/\/www.grafio.ee\/toode\/kontoritool-dolores-helesinine-vorkkangas\/\",\"name\":\"Kontoritool Dolores helesinine v\u00f5rkkangas - Grafio.ee\",\"isPartOf\":{\"@id\":\"https:\/\/www.grafio.ee\/#website\"},\"primaryImageOfPage\":{\"@id\":\"https:\/\/www.grafio.ee\/toode\/kontoritool-dolores-helesinine-vorkkangas\/#primaryimage\"},\"image\":{\"@id\":\"https:\/\/www.grafio.ee\/toode\/kontoritool-dolores-helesinine-vorkkangas\/#primaryimage\"},\"thumbnailUrl\":\"https:\/\/grafio.ee\/wp-content\/uploads\/2025\/08\/Dolores-helesinine-scaled.jpg\",\"datePublished\":\"2025-08-12T04:27:41+00:00\",\"dateModified\":\"2025-09-17T08:25:42+00:00\",\"breadcrumb\":{\"@id\":\"https:\/\/www.grafio.ee\/toode\/kontoritool-dolores-helesinine-vorkkangas\/#breadcrumb\"},\"inLanguage\":\"en-GB\",\"potentialAction\":[{\"@type\":\"ReadAction\",\"target\":[\"https:\/\/www.grafio.ee\/toode\/kontoritool-dolores-helesinine-vorkkangas\/\"]}]},{\"@type\":\"ImageObject\",\"inLanguage\":\"en-GB\",\"@id\":\"https:\/\/www.grafio.ee\/toode\/kontoritool-dolores-helesinine-vorkkangas\/#primaryimage\",\"url\":\"https:\/\/grafio.ee\/wp-content\/uploads\/2025\/08\/Dolores-helesinine-scaled.jpg\",\"contentUrl\":\"https:\/\/grafio.ee\/wp-content\/uploads\/2025\/08\/Dolores-helesinine-scaled.jpg\",\"width\":1707,\"height\":2560},{\"@type\":\"BreadcrumbList\",\"@id\":\"https:\/\/www.grafio.ee\/toode\/kontoritool-dolores-helesinine-vorkkangas\/#breadcrumb\",\"itemListElement\":[{\"@type\":\"ListItem\",\"position\":1,\"name\":\"Home\",\"item\":\"https:\/\/www.grafio.ee\/\"},{\"@type\":\"ListItem\",\"position\":2,\"name\":\"K\u00f5ik tooted\",\"item\":\"https:\/\/www.grafio.ee\/shop\/\"},{\"@type\":\"ListItem\",\"position\":3,\"name\":\"Kontoritool Dolores helesinine v\u00f5rkkangas\"}]},{\"@type\":\"WebSite\",\"@id\":\"https:\/\/www.grafio.ee\/#website\",\"url\":\"https:\/\/www.grafio.ee\/\",\"name\":\"Grafio.ee\",\"description\":\"sisustus\",\"publisher\":{\"@id\":\"https:\/\/www.grafio.ee\/#organization\"},\"potentialAction\":[{\"@type\":\"SearchAction\",\"target\":{\"@type\":\"EntryPoint\",\"urlTemplate\":\"https:\/\/www.grafio.ee\/?s={search_term_string}\"},\"query-input\":{\"@type\":\"PropertyValueSpecification\",\"valueRequired\":true,\"valueName\":\"search_term_string\"}}],\"inLanguage\":\"en-GB\"},{\"@type\":\"Organization\",\"@id\":\"https:\/\/www.grafio.ee\/#organization\",\"name\":\"Grafio.ee\",\"url\":\"https:\/\/www.grafio.ee\/\",\"logo\":{\"@type\":\"ImageObject\",\"inLanguage\":\"en-GB\",\"@id\":\"https:\/\/www.grafio.ee\/#\/schema\/logo\/image\/\",\"url\":\"https:\/\/grafio.ee\/wp-content\/uploads\/2024\/06\/grafio-logo-black-01b-01.svg\",\"contentUrl\":\"https:\/\/grafio.ee\/wp-content\/uploads\/2024\/06\/grafio-logo-black-01b-01.svg\",\"width\":1000,\"height\":413,\"caption\":\"Grafio.ee\"},\"image\":{\"@id\":\"https:\/\/www.grafio.ee\/#\/schema\/logo\/image\/\"}}]}<\/script>\n<!-- \/ Yoast SEO plugin. -->","yoast_head_json":{"title":"Kontoritool Dolores helesinine v\u00f5rkkangas - Grafio.ee","robots":{"index":"index","follow":"follow","max-snippet":"max-snippet:-1","max-image-preview":"max-image-preview:large","max-video-preview":"max-video-preview:-1"},"canonical":"https:\/\/www.grafio.ee\/toode\/kontoritool-dolores-helesinine-vorkkangas\/","og_locale":"en_GB","og_type":"article","og_title":"Kontoritool Dolores helesinine v\u00f5rkkangas - Grafio.ee","og_description":"*Tool Dolores iste must kangas, seljatugi must v\u00f5rk  *raam metallist  *k\u00e4etoed must plastik  *seljatoel must perforeeritud plastik  *istme k\u00f5rgus on reguleeritav gaaspumpmehhanismi abil  *peatugi must plastik, kaetud musta v\u00f5rkkangaga  *jalarist kroom  *kandev\u00f5ime 120kg","og_url":"https:\/\/www.grafio.ee\/toode\/kontoritool-dolores-helesinine-vorkkangas\/","og_site_name":"Grafio.ee","article_modified_time":"2025-09-17T08:25:42+00:00","og_image":[{"width":1707,"height":2560,"url":"https:\/\/www.grafio.ee\/wp-content\/uploads\/2025\/08\/Dolores-helesinine-scaled.jpg","type":"image\/jpeg"}],"twitter_card":"summary_large_image","twitter_misc":{"Estimated reading time":"1 minute"},"schema":{"@context":"https:\/\/schema.org","@graph":[{"@type":"WebPage","@id":"https:\/\/www.grafio.ee\/toode\/kontoritool-dolores-helesinine-vorkkangas\/","url":"https:\/\/www.grafio.ee\/toode\/kontoritool-dolores-helesinine-vorkkangas\/","name":"Kontoritool Dolores helesinine v\u00f5rkkangas - Grafio.ee","isPartOf":{"@id":"https:\/\/www.grafio.ee\/#website"},"primaryImageOfPage":{"@id":"https:\/\/www.grafio.ee\/toode\/kontoritool-dolores-helesinine-vorkkangas\/#primaryimage"},"image":{"@id":"https:\/\/www.grafio.ee\/toode\/kontoritool-dolores-helesinine-vorkkangas\/#primaryimage"},"thumbnailUrl":"https:\/\/grafio.ee\/wp-content\/uploads\/2025\/08\/Dolores-helesinine-scaled.jpg","datePublished":"2025-08-12T04:27:41+00:00","dateModified":"2025-09-17T08:25:42+00:00","breadcrumb":{"@id":"https:\/\/www.grafio.ee\/toode\/kontoritool-dolores-helesinine-vorkkangas\/#breadcrumb"},"inLanguage":"en-GB","potentialAction":[{"@type":"ReadAction","target":["https:\/\/www.grafio.ee\/toode\/kontoritool-dolores-helesinine-vorkkangas\/"]}]},{"@type":"ImageObject","inLanguage":"en-GB","@id":"https:\/\/www.grafio.ee\/toode\/kontoritool-dolores-helesinine-vorkkangas\/#primaryimage","url":"https:\/\/grafio.ee\/wp-content\/uploads\/2025\/08\/Dolores-helesinine-scaled.jpg","contentUrl":"https:\/\/grafio.ee\/wp-content\/uploads\/2025\/08\/Dolores-helesinine-scaled.jpg","width":1707,"height":2560},{"@type":"BreadcrumbList","@id":"https:\/\/www.grafio.ee\/toode\/kontoritool-dolores-helesinine-vorkkangas\/#breadcrumb","itemListElement":[{"@type":"ListItem","position":1,"name":"Home","item":"https:\/\/www.grafio.ee\/"},{"@type":"ListItem","position":2,"name":"K\u00f5ik tooted","item":"https:\/\/www.grafio.ee\/shop\/"},{"@type":"ListItem","position":3,"name":"Kontoritool Dolores helesinine v\u00f5rkkangas"}]},{"@type":"WebSite","@id":"https:\/\/www.grafio.ee\/#website","url":"https:\/\/www.grafio.ee\/","name":"Grafio.ee","description":"sisustus","publisher":{"@id":"https:\/\/www.grafio.ee\/#organization"},"potentialAction":[{"@type":"SearchAction","target":{"@type":"EntryPoint","urlTemplate":"https:\/\/www.grafio.ee\/?s={search_term_string}"},"query-input":{"@type":"PropertyValueSpecification","valueRequired":true,"valueName":"search_term_string"}}],"inLanguage":"en-GB"},{"@type":"Organization","@id":"https:\/\/www.grafio.ee\/#organization","name":"Grafio.ee","url":"https:\/\/www.grafio.ee\/","logo":{"@type":"ImageObject","inLanguage":"en-GB","@id":"https:\/\/www.grafio.ee\/#\/schema\/logo\/image\/","url":"https:\/\/grafio.ee\/wp-content\/uploads\/2024\/06\/grafio-logo-black-01b-01.svg","contentUrl":"https:\/\/grafio.ee\/wp-content\/uploads\/2024\/06\/grafio-logo-black-01b-01.svg","width":1000,"height":413,"caption":"Grafio.ee"},"image":{"@id":"https:\/\/www.grafio.ee\/#\/schema\/logo\/image\/"}}]}},"_links":{"self":[{"href":"https:\/\/grafio.ee\/en\/wp-json\/wp\/v2\/product\/1619","targetHints":{"allow":["GET"]}}],"collection":[{"href":"https:\/\/grafio.ee\/en\/wp-json\/wp\/v2\/product"}],"about":[{"href":"https:\/\/grafio.ee\/en\/wp-json\/wp\/v2\/types\/product"}],"wp:featuredmedia":[{"embeddable":true,"href":"https:\/\/grafio.ee\/en\/wp-json\/wp\/v2\/media\/1620"}],"wp:attachment":[{"href":"https:\/\/grafio.ee\/en\/wp-json\/wp\/v2\/media?parent=1619"}],"wp:term":[{"taxonomy":"product_brand","embeddable":true,"href":"https:\/\/grafio.ee\/en\/wp-json\/wp\/v2\/product_brand?post=1619"},{"taxonomy":"product_cat","embeddable":true,"href":"https:\/\/grafio.ee\/en\/wp-json\/wp\/v2\/product_cat?post=1619"},{"taxonomy":"product_tag","embeddable":true,"href":"https:\/\/grafio.ee\/en\/wp-json\/wp\/v2\/product_tag?post=1619"}],"curies":[{"name":"wp","href":"https:\/\/api.w.org\/{rel}","templated":true}]}}