{"id":1621,"date":"2025-08-12T14:50:02","date_gmt":"2025-08-12T11:50:02","guid":{"rendered":"https:\/\/grafio.ee\/?post_type=product&#038;p=1621"},"modified":"2026-04-13T22:26:49","modified_gmt":"2026-04-13T19:26:49","slug":"kontoritool-concord-pruun","status":"publish","type":"product","link":"https:\/\/grafio.ee\/en\/product\/kontoritool-concord-pruun\/","title":{"rendered":"Kontoritool Concord pruun"},"content":{"rendered":"<p>Kontoritool Concord \u00fchendab ajatu klassikalise disaini kaasaegse funktsionaalsusega.<\/p>\n<p>Toolil on vastupidav metallist raam, mis tagab stabiilsuse ja pikaealisuse. Tooli istme ja seljatoe ergonoomilise mugavuse tagab kvaliteetne m\u00e4luvaht (memory foam), mis kohandub kasutaja kehakujuga ja pakub optimaalset toestust. Kattematerjaliks on elegantne pruun kangas, mis lisab sisekujundusele soojust ja stiili. Tooli servades paiknevad dekoratiivsed h\u00f5bedased neetidega detailid, mis annavad m\u00f6\u00f6bliesemele modernse ja pilkup\u00fc\u00fcdva viimistluse.<\/p>\n<p>Tooli k\u00f5rgus on reguleeritav gaaspumpmehhanismi abil<\/p>\n<p>Toode vajab monteerimist<\/p>\n<p>Toodetud Hiinas<\/p>\n<p>Toote m\u00f5\u00f5t:L51x42xK.89-100cm<\/p>\n<p>Istme k\u00f5rgus:44-56cm<\/p>\n<p>Seljatoe k\u00f5rgus istmest:46cm<\/p>","protected":false},"excerpt":{"rendered":"<p>Kontoritool Concord \u00fchendab ajatu klassikalise disaini kaasaegse funktsionaalsusega. Toolil on vastupidav metallist raam, mis tagab stabiilsuse ja pikaealisuse. Tooli istme ja seljatoe ergonoomilise mugavuse tagab kvaliteetne m\u00e4luvaht (memory foam), mis kohandub kasutaja kehakujuga ja pakub optimaalset toestust. Kattematerjaliks on elegantne pruun kangas, mis lisab sisekujundusele soojust ja stiili. Tooli servades paiknevad dekoratiivsed h\u00f5bedased neetidega detailid, [&hellip;]<\/p>\n","protected":false},"featured_media":1622,"template":"","meta":{"site-sidebar-layout":"default","site-content-layout":"","ast-site-content-layout":"default","site-content-style":"default","site-sidebar-style":"default","ast-global-header-display":"","ast-banner-title-visibility":"","ast-main-header-display":"","ast-hfb-above-header-display":"","ast-hfb-below-header-display":"","ast-hfb-mobile-header-display":"","site-post-title":"","ast-breadcrumbs-content":"","ast-featured-img":"","footer-sml-layout":"","ast-disable-related-posts":"","theme-transparent-header-meta":"default","adv-header-id-meta":"","stick-header-meta":"","header-above-stick-meta":"","header-main-stick-meta":"","header-below-stick-meta":"","astra-migrate-meta-layouts":"set","ast-page-background-enabled":"default","ast-page-background-meta":{"desktop":{"background-color":"var(--ast-global-color-4)","background-image":"","background-repeat":"repeat","background-position":"center center","background-size":"auto","background-attachment":"scroll","background-type":"","background-media":"","overlay-type":"","overlay-color":"","overlay-opacity":"","overlay-gradient":""},"tablet":{"background-color":"","background-image":"","background-repeat":"repeat","background-position":"center center","background-size":"auto","background-attachment":"scroll","background-type":"","background-media":"","overlay-type":"","overlay-color":"","overlay-opacity":"","overlay-gradient":""},"mobile":{"background-color":"","background-image":"","background-repeat":"repeat","background-position":"center center","background-size":"auto","background-attachment":"scroll","background-type":"","background-media":"","overlay-type":"","overlay-color":"","overlay-opacity":"","overlay-gradient":""}},"ast-content-background-meta":{"desktop":{"background-color":"var(--ast-global-color-5)","background-image":"","background-repeat":"repeat","background-position":"center center","background-size":"auto","background-attachment":"scroll","background-type":"","background-media":"","overlay-type":"","overlay-color":"","overlay-opacity":"","overlay-gradient":""},"tablet":{"background-color":"var(--ast-global-color-5)","background-image":"","background-repeat":"repeat","background-position":"center center","background-size":"auto","background-attachment":"scroll","background-type":"","background-media":"","overlay-type":"","overlay-color":"","overlay-opacity":"","overlay-gradient":""},"mobile":{"background-color":"var(--ast-global-color-5)","background-image":"","background-repeat":"repeat","background-position":"center center","background-size":"auto","background-attachment":"scroll","background-type":"","background-media":"","overlay-type":"","overlay-color":"","overlay-opacity":"","overlay-gradient":""}}},"product_brand":[],"product_cat":[16,17,25],"product_tag":[],"class_list":{"0":"post-1621","1":"product","2":"type-product","3":"status-publish","4":"has-post-thumbnail","6":"product_cat-koik-tooted","7":"product_cat-kontor","8":"product_cat-kontoritoolid","9":"product_shipping_class-up-to-10kg","10":"desktop-align-left","11":"tablet-align-left","12":"mobile-align-left","14":"first","15":"instock","16":"shipping-taxable","17":"purchasable","18":"product-type-simple"},"yoast_head":"<!-- This site is optimized with the Yoast SEO plugin v27.4 - https:\/\/yoast.com\/product\/yoast-seo-wordpress\/ -->\n<title>Kontoritool Concord pruun - Grafio.ee<\/title>\n<meta name=\"robots\" content=\"index, follow, max-snippet:-1, max-image-preview:large, max-video-preview:-1\" \/>\n<link rel=\"canonical\" href=\"https:\/\/grafio.ee\/en\/product\/kontoritool-concord-pruun\/\" \/>\n<meta property=\"og:locale\" content=\"en_GB\" \/>\n<meta property=\"og:type\" content=\"article\" \/>\n<meta property=\"og:title\" content=\"Kontoritool Concord pruun - Grafio.ee\" \/>\n<meta property=\"og:description\" content=\"Kontoritool Concord \u00fchendab ajatu klassikalise disaini kaasaegse funktsionaalsusega. Toolil on vastupidav metallist raam, mis tagab stabiilsuse ja pikaealisuse. Tooli istme ja seljatoe ergonoomilise mugavuse tagab kvaliteetne m\u00e4luvaht (memory foam), mis kohandub kasutaja kehakujuga ja pakub optimaalset toestust. Kattematerjaliks on elegantne pruun kangas, mis lisab sisekujundusele soojust ja stiili. Tooli servades paiknevad dekoratiivsed h\u00f5bedased neetidega detailid, [&hellip;]\" \/>\n<meta property=\"og:url\" content=\"https:\/\/grafio.ee\/en\/product\/kontoritool-concord-pruun\/\" \/>\n<meta property=\"og:site_name\" content=\"Grafio.ee\" \/>\n<meta property=\"article:modified_time\" content=\"2026-04-13T19:26:49+00:00\" \/>\n<meta property=\"og:image\" content=\"https:\/\/grafio.ee\/wp-content\/uploads\/2025\/08\/Conrad-pruun-scaled.jpg\" \/>\n\t<meta property=\"og:image:width\" content=\"1707\" \/>\n\t<meta property=\"og:image:height\" content=\"2560\" \/>\n\t<meta property=\"og:image:type\" content=\"image\/jpeg\" \/>\n<meta name=\"twitter:card\" content=\"summary_large_image\" \/>\n<meta name=\"twitter:label1\" content=\"Estimated reading time\" \/>\n\t<meta name=\"twitter:data1\" content=\"1 minute\" \/>\n<script type=\"application\/ld+json\" class=\"yoast-schema-graph\">{\"@context\":\"https:\\\/\\\/schema.org\",\"@graph\":[{\"@type\":\"WebPage\",\"@id\":\"https:\\\/\\\/grafio.ee\\\/toode\\\/kontoritool-concord-pruun\\\/\",\"url\":\"https:\\\/\\\/grafio.ee\\\/toode\\\/kontoritool-concord-pruun\\\/\",\"name\":\"Kontoritool Concord pruun - Grafio.ee\",\"isPartOf\":{\"@id\":\"https:\\\/\\\/grafio.ee\\\/#website\"},\"primaryImageOfPage\":{\"@id\":\"https:\\\/\\\/grafio.ee\\\/toode\\\/kontoritool-concord-pruun\\\/#primaryimage\"},\"image\":{\"@id\":\"https:\\\/\\\/grafio.ee\\\/toode\\\/kontoritool-concord-pruun\\\/#primaryimage\"},\"thumbnailUrl\":\"https:\\\/\\\/grafio.ee\\\/wp-content\\\/uploads\\\/2025\\\/08\\\/Conrad-pruun-scaled.jpg\",\"datePublished\":\"2025-08-12T11:50:02+00:00\",\"dateModified\":\"2026-04-13T19:26:49+00:00\",\"breadcrumb\":{\"@id\":\"https:\\\/\\\/grafio.ee\\\/toode\\\/kontoritool-concord-pruun\\\/#breadcrumb\"},\"inLanguage\":\"en-GB\",\"potentialAction\":[{\"@type\":\"ReadAction\",\"target\":[\"https:\\\/\\\/grafio.ee\\\/toode\\\/kontoritool-concord-pruun\\\/\"]}]},{\"@type\":\"ImageObject\",\"inLanguage\":\"en-GB\",\"@id\":\"https:\\\/\\\/grafio.ee\\\/toode\\\/kontoritool-concord-pruun\\\/#primaryimage\",\"url\":\"https:\\\/\\\/grafio.ee\\\/wp-content\\\/uploads\\\/2025\\\/08\\\/Conrad-pruun-scaled.jpg\",\"contentUrl\":\"https:\\\/\\\/grafio.ee\\\/wp-content\\\/uploads\\\/2025\\\/08\\\/Conrad-pruun-scaled.jpg\",\"width\":1707,\"height\":2560},{\"@type\":\"BreadcrumbList\",\"@id\":\"https:\\\/\\\/grafio.ee\\\/toode\\\/kontoritool-concord-pruun\\\/#breadcrumb\",\"itemListElement\":[{\"@type\":\"ListItem\",\"position\":1,\"name\":\"Home\",\"item\":\"https:\\\/\\\/grafio.ee\\\/\"},{\"@type\":\"ListItem\",\"position\":2,\"name\":\"K\u00f5ik tooted\",\"item\":\"https:\\\/\\\/grafio.ee\\\/shop\\\/\"},{\"@type\":\"ListItem\",\"position\":3,\"name\":\"Kontoritool Concord pruun\"}]},{\"@type\":\"WebSite\",\"@id\":\"https:\\\/\\\/grafio.ee\\\/#website\",\"url\":\"https:\\\/\\\/grafio.ee\\\/\",\"name\":\"Grafio.ee\",\"description\":\"sisustus\",\"publisher\":{\"@id\":\"https:\\\/\\\/grafio.ee\\\/#organization\"},\"potentialAction\":[{\"@type\":\"SearchAction\",\"target\":{\"@type\":\"EntryPoint\",\"urlTemplate\":\"https:\\\/\\\/grafio.ee\\\/?s={search_term_string}\"},\"query-input\":{\"@type\":\"PropertyValueSpecification\",\"valueRequired\":true,\"valueName\":\"search_term_string\"}}],\"inLanguage\":\"en-GB\"},{\"@type\":\"Organization\",\"@id\":\"https:\\\/\\\/grafio.ee\\\/#organization\",\"name\":\"Grafio.ee\",\"url\":\"https:\\\/\\\/grafio.ee\\\/\",\"logo\":{\"@type\":\"ImageObject\",\"inLanguage\":\"en-GB\",\"@id\":\"https:\\\/\\\/grafio.ee\\\/#\\\/schema\\\/logo\\\/image\\\/\",\"url\":\"https:\\\/\\\/grafio.ee\\\/wp-content\\\/uploads\\\/2024\\\/06\\\/grafio-logo-black-01b-01.svg\",\"contentUrl\":\"https:\\\/\\\/grafio.ee\\\/wp-content\\\/uploads\\\/2024\\\/06\\\/grafio-logo-black-01b-01.svg\",\"width\":1000,\"height\":413,\"caption\":\"Grafio.ee\"},\"image\":{\"@id\":\"https:\\\/\\\/grafio.ee\\\/#\\\/schema\\\/logo\\\/image\\\/\"}}]}<\/script>\n<!-- \/ Yoast SEO plugin. -->","yoast_head_json":{"title":"Kontoritool Concord pruun - Grafio.ee","robots":{"index":"index","follow":"follow","max-snippet":"max-snippet:-1","max-image-preview":"max-image-preview:large","max-video-preview":"max-video-preview:-1"},"canonical":"https:\/\/grafio.ee\/en\/product\/kontoritool-concord-pruun\/","og_locale":"en_GB","og_type":"article","og_title":"Kontoritool Concord pruun - Grafio.ee","og_description":"Kontoritool Concord \u00fchendab ajatu klassikalise disaini kaasaegse funktsionaalsusega. Toolil on vastupidav metallist raam, mis tagab stabiilsuse ja pikaealisuse. Tooli istme ja seljatoe ergonoomilise mugavuse tagab kvaliteetne m\u00e4luvaht (memory foam), mis kohandub kasutaja kehakujuga ja pakub optimaalset toestust. Kattematerjaliks on elegantne pruun kangas, mis lisab sisekujundusele soojust ja stiili. Tooli servades paiknevad dekoratiivsed h\u00f5bedased neetidega detailid, [&hellip;]","og_url":"https:\/\/grafio.ee\/en\/product\/kontoritool-concord-pruun\/","og_site_name":"Grafio.ee","article_modified_time":"2026-04-13T19:26:49+00:00","og_image":[{"width":1707,"height":2560,"url":"https:\/\/grafio.ee\/wp-content\/uploads\/2025\/08\/Conrad-pruun-scaled.jpg","type":"image\/jpeg"}],"twitter_card":"summary_large_image","twitter_misc":{"Estimated reading time":"1 minute"},"schema":{"@context":"https:\/\/schema.org","@graph":[{"@type":"WebPage","@id":"https:\/\/grafio.ee\/toode\/kontoritool-concord-pruun\/","url":"https:\/\/grafio.ee\/toode\/kontoritool-concord-pruun\/","name":"Kontoritool Concord pruun - Grafio.ee","isPartOf":{"@id":"https:\/\/grafio.ee\/#website"},"primaryImageOfPage":{"@id":"https:\/\/grafio.ee\/toode\/kontoritool-concord-pruun\/#primaryimage"},"image":{"@id":"https:\/\/grafio.ee\/toode\/kontoritool-concord-pruun\/#primaryimage"},"thumbnailUrl":"https:\/\/grafio.ee\/wp-content\/uploads\/2025\/08\/Conrad-pruun-scaled.jpg","datePublished":"2025-08-12T11:50:02+00:00","dateModified":"2026-04-13T19:26:49+00:00","breadcrumb":{"@id":"https:\/\/grafio.ee\/toode\/kontoritool-concord-pruun\/#breadcrumb"},"inLanguage":"en-GB","potentialAction":[{"@type":"ReadAction","target":["https:\/\/grafio.ee\/toode\/kontoritool-concord-pruun\/"]}]},{"@type":"ImageObject","inLanguage":"en-GB","@id":"https:\/\/grafio.ee\/toode\/kontoritool-concord-pruun\/#primaryimage","url":"https:\/\/grafio.ee\/wp-content\/uploads\/2025\/08\/Conrad-pruun-scaled.jpg","contentUrl":"https:\/\/grafio.ee\/wp-content\/uploads\/2025\/08\/Conrad-pruun-scaled.jpg","width":1707,"height":2560},{"@type":"BreadcrumbList","@id":"https:\/\/grafio.ee\/toode\/kontoritool-concord-pruun\/#breadcrumb","itemListElement":[{"@type":"ListItem","position":1,"name":"Home","item":"https:\/\/grafio.ee\/"},{"@type":"ListItem","position":2,"name":"K\u00f5ik tooted","item":"https:\/\/grafio.ee\/shop\/"},{"@type":"ListItem","position":3,"name":"Kontoritool Concord pruun"}]},{"@type":"WebSite","@id":"https:\/\/grafio.ee\/#website","url":"https:\/\/grafio.ee\/","name":"Grafio.ee","description":"sisustus","publisher":{"@id":"https:\/\/grafio.ee\/#organization"},"potentialAction":[{"@type":"SearchAction","target":{"@type":"EntryPoint","urlTemplate":"https:\/\/grafio.ee\/?s={search_term_string}"},"query-input":{"@type":"PropertyValueSpecification","valueRequired":true,"valueName":"search_term_string"}}],"inLanguage":"en-GB"},{"@type":"Organization","@id":"https:\/\/grafio.ee\/#organization","name":"Grafio.ee","url":"https:\/\/grafio.ee\/","logo":{"@type":"ImageObject","inLanguage":"en-GB","@id":"https:\/\/grafio.ee\/#\/schema\/logo\/image\/","url":"https:\/\/grafio.ee\/wp-content\/uploads\/2024\/06\/grafio-logo-black-01b-01.svg","contentUrl":"https:\/\/grafio.ee\/wp-content\/uploads\/2024\/06\/grafio-logo-black-01b-01.svg","width":1000,"height":413,"caption":"Grafio.ee"},"image":{"@id":"https:\/\/grafio.ee\/#\/schema\/logo\/image\/"}}]}},"_links":{"self":[{"href":"https:\/\/grafio.ee\/en\/wp-json\/wp\/v2\/product\/1621","targetHints":{"allow":["GET"]}}],"collection":[{"href":"https:\/\/grafio.ee\/en\/wp-json\/wp\/v2\/product"}],"about":[{"href":"https:\/\/grafio.ee\/en\/wp-json\/wp\/v2\/types\/product"}],"wp:featuredmedia":[{"embeddable":true,"href":"https:\/\/grafio.ee\/en\/wp-json\/wp\/v2\/media\/1622"}],"wp:attachment":[{"href":"https:\/\/grafio.ee\/en\/wp-json\/wp\/v2\/media?parent=1621"}],"wp:term":[{"taxonomy":"product_brand","embeddable":true,"href":"https:\/\/grafio.ee\/en\/wp-json\/wp\/v2\/product_brand?post=1621"},{"taxonomy":"product_cat","embeddable":true,"href":"https:\/\/grafio.ee\/en\/wp-json\/wp\/v2\/product_cat?post=1621"},{"taxonomy":"product_tag","embeddable":true,"href":"https:\/\/grafio.ee\/en\/wp-json\/wp\/v2\/product_tag?post=1621"}],"curies":[{"name":"wp","href":"https:\/\/api.w.org\/{rel}","templated":true}]}}