{"id":609,"date":"2024-05-28T15:23:02","date_gmt":"2024-05-28T15:23:02","guid":{"rendered":"https:\/\/grafio.ee\/?post_type=product&#038;p=609"},"modified":"2025-10-03T15:15:54","modified_gmt":"2025-10-03T12:15:54","slug":"riidenagi-hanoi-valge","status":"publish","type":"product","link":"https:\/\/grafio.ee\/en\/product\/riidenagi-hanoi-valge\/","title":{"rendered":"Riidenagi Hanoi valge"},"content":{"rendered":"<p>*Riidenagi Hanoi toru metallist, v\u00e4rvitud valgeks<\/p>\n<p>*konksud metallist,v\u00e4rvitud valgeks, puitnupud, v\u00e4rvitud valgeks,lakitud<\/p>\n<p>*vihmavarjuhoidja kroomitud, puitnupp v\u00e4rvitud valgeks, lakitud<\/p>\n<p>*marmorkivi, v\u00e4rvus valge<\/p>\n<p>&nbsp;<\/p>\n<p>Toote m\u00f5\u00f5t:dm.38*K.174cm<\/p>\n<p>Pakendi m\u00f5\u00f5t:L.51*S.42*K.8cm,<\/p>","protected":false},"excerpt":{"rendered":"<p>*Riidenagi Hanoi toru metallist, v\u00e4rvitud valgeks *konksud metallist,v\u00e4rvitud valgeks, puitnupud, v\u00e4rvitud valgeks,lakitud *vihmavarjuhoidja kroomitud, puitnupp v\u00e4rvitud valgeks, lakitud *marmorkivi, v\u00e4rvus valge &nbsp; Toote m\u00f5\u00f5t:dm.38*K.174cm Pakendi m\u00f5\u00f5t:L.51*S.42*K.8cm,<\/p>","protected":false},"featured_media":610,"template":"","meta":{"site-sidebar-layout":"default","site-content-layout":"","ast-site-content-layout":"default","site-content-style":"default","site-sidebar-style":"default","ast-global-header-display":"","ast-banner-title-visibility":"","ast-main-header-display":"","ast-hfb-above-header-display":"","ast-hfb-below-header-display":"","ast-hfb-mobile-header-display":"","site-post-title":"","ast-breadcrumbs-content":"","ast-featured-img":"","footer-sml-layout":"","ast-disable-related-posts":"","theme-transparent-header-meta":"default","adv-header-id-meta":"","stick-header-meta":"","header-above-stick-meta":"","header-main-stick-meta":"","header-below-stick-meta":"","astra-migrate-meta-layouts":"set","ast-page-background-enabled":"default","ast-page-background-meta":{"desktop":{"background-color":"var(--ast-global-color-4)","background-image":"","background-repeat":"repeat","background-position":"center center","background-size":"auto","background-attachment":"scroll","background-type":"","background-media":"","overlay-type":"","overlay-color":"","overlay-opacity":"","overlay-gradient":""},"tablet":{"background-color":"","background-image":"","background-repeat":"repeat","background-position":"center center","background-size":"auto","background-attachment":"scroll","background-type":"","background-media":"","overlay-type":"","overlay-color":"","overlay-opacity":"","overlay-gradient":""},"mobile":{"background-color":"","background-image":"","background-repeat":"repeat","background-position":"center center","background-size":"auto","background-attachment":"scroll","background-type":"","background-media":"","overlay-type":"","overlay-color":"","overlay-opacity":"","overlay-gradient":""}},"ast-content-background-meta":{"desktop":{"background-color":"var(--ast-global-color-5)","background-image":"","background-repeat":"repeat","background-position":"center center","background-size":"auto","background-attachment":"scroll","background-type":"","background-media":"","overlay-type":"","overlay-color":"","overlay-opacity":"","overlay-gradient":""},"tablet":{"background-color":"var(--ast-global-color-5)","background-image":"","background-repeat":"repeat","background-position":"center center","background-size":"auto","background-attachment":"scroll","background-type":"","background-media":"","overlay-type":"","overlay-color":"","overlay-opacity":"","overlay-gradient":""},"mobile":{"background-color":"var(--ast-global-color-5)","background-image":"","background-repeat":"repeat","background-position":"center center","background-size":"auto","background-attachment":"scroll","background-type":"","background-media":"","overlay-type":"","overlay-color":"","overlay-opacity":"","overlay-gradient":""}}},"product_brand":[],"product_cat":[34,16,31],"product_tag":[],"class_list":{"0":"post-609","1":"product","2":"type-product","3":"status-publish","4":"has-post-thumbnail","6":"product_cat-esik","7":"product_cat-koik-tooted","8":"product_cat-nagid","9":"product_shipping_class-up-to-10kg","10":"desktop-align-left","11":"tablet-align-left","12":"mobile-align-left","14":"first","15":"instock","16":"shipping-taxable","17":"purchasable","18":"product-type-simple"},"yoast_head":"<!-- This site is optimized with the Yoast SEO plugin v27.2 - https:\/\/yoast.com\/product\/yoast-seo-wordpress\/ -->\n<title>Riidenagi Hanoi valge - Grafio.ee<\/title>\n<meta name=\"robots\" content=\"index, follow, max-snippet:-1, max-image-preview:large, max-video-preview:-1\" \/>\n<link rel=\"canonical\" href=\"https:\/\/www.grafio.ee\/toode\/riidenagi-hanoi-valge\/\" \/>\n<meta property=\"og:locale\" content=\"en_GB\" \/>\n<meta property=\"og:type\" content=\"article\" \/>\n<meta property=\"og:title\" content=\"Riidenagi Hanoi valge - Grafio.ee\" \/>\n<meta property=\"og:description\" content=\"*Riidenagi Hanoi toru metallist, v\u00e4rvitud valgeks *konksud metallist,v\u00e4rvitud valgeks, puitnupud, v\u00e4rvitud valgeks,lakitud *vihmavarjuhoidja kroomitud, puitnupp v\u00e4rvitud valgeks, lakitud *marmorkivi, v\u00e4rvus valge &nbsp; Toote m\u00f5\u00f5t:dm.38*K.174cm Pakendi m\u00f5\u00f5t:L.51*S.42*K.8cm,\" \/>\n<meta property=\"og:url\" content=\"https:\/\/www.grafio.ee\/toode\/riidenagi-hanoi-valge\/\" \/>\n<meta property=\"og:site_name\" content=\"Grafio.ee\" \/>\n<meta property=\"article:modified_time\" content=\"2025-10-03T12:15:54+00:00\" \/>\n<meta property=\"og:image\" content=\"https:\/\/grafio.ee\/wp-content\/uploads\/2024\/05\/hanoi-valge.jpeg\" \/>\n\t<meta property=\"og:image:width\" content=\"1200\" \/>\n\t<meta property=\"og:image:height\" content=\"1600\" \/>\n\t<meta property=\"og:image:type\" content=\"image\/jpeg\" \/>\n<meta name=\"twitter:card\" content=\"summary_large_image\" \/>\n<meta name=\"twitter:label1\" content=\"Estimated reading time\" \/>\n\t<meta name=\"twitter:data1\" content=\"1 minute\" \/>\n<script type=\"application\/ld+json\" class=\"yoast-schema-graph\">{\"@context\":\"https:\/\/schema.org\",\"@graph\":[{\"@type\":\"WebPage\",\"@id\":\"https:\/\/www.grafio.ee\/toode\/riidenagi-hanoi-valge\/\",\"url\":\"https:\/\/www.grafio.ee\/toode\/riidenagi-hanoi-valge\/\",\"name\":\"Riidenagi Hanoi valge - Grafio.ee\",\"isPartOf\":{\"@id\":\"https:\/\/www.grafio.ee\/#website\"},\"primaryImageOfPage\":{\"@id\":\"https:\/\/www.grafio.ee\/toode\/riidenagi-hanoi-valge\/#primaryimage\"},\"image\":{\"@id\":\"https:\/\/www.grafio.ee\/toode\/riidenagi-hanoi-valge\/#primaryimage\"},\"thumbnailUrl\":\"https:\/\/www.grafio.ee\/wp-content\/uploads\/2024\/05\/hanoi-valge.jpeg\",\"datePublished\":\"2024-05-28T15:23:02+00:00\",\"dateModified\":\"2025-10-03T12:15:54+00:00\",\"breadcrumb\":{\"@id\":\"https:\/\/www.grafio.ee\/toode\/riidenagi-hanoi-valge\/#breadcrumb\"},\"inLanguage\":\"en-GB\",\"potentialAction\":[{\"@type\":\"ReadAction\",\"target\":[\"https:\/\/www.grafio.ee\/toode\/riidenagi-hanoi-valge\/\"]}]},{\"@type\":\"ImageObject\",\"inLanguage\":\"en-GB\",\"@id\":\"https:\/\/www.grafio.ee\/toode\/riidenagi-hanoi-valge\/#primaryimage\",\"url\":\"https:\/\/www.grafio.ee\/wp-content\/uploads\/2024\/05\/hanoi-valge.jpeg\",\"contentUrl\":\"https:\/\/www.grafio.ee\/wp-content\/uploads\/2024\/05\/hanoi-valge.jpeg\",\"width\":1200,\"height\":1600},{\"@type\":\"BreadcrumbList\",\"@id\":\"https:\/\/www.grafio.ee\/toode\/riidenagi-hanoi-valge\/#breadcrumb\",\"itemListElement\":[{\"@type\":\"ListItem\",\"position\":1,\"name\":\"Home\",\"item\":\"https:\/\/www.grafio.ee\/\"},{\"@type\":\"ListItem\",\"position\":2,\"name\":\"K\u00f5ik tooted\",\"item\":\"https:\/\/www.grafio.ee\/shop\/\"},{\"@type\":\"ListItem\",\"position\":3,\"name\":\"Riidenagi Hanoi valge\"}]},{\"@type\":\"WebSite\",\"@id\":\"https:\/\/www.grafio.ee\/#website\",\"url\":\"https:\/\/www.grafio.ee\/\",\"name\":\"Grafio.ee\",\"description\":\"sisustus\",\"publisher\":{\"@id\":\"https:\/\/www.grafio.ee\/#organization\"},\"potentialAction\":[{\"@type\":\"SearchAction\",\"target\":{\"@type\":\"EntryPoint\",\"urlTemplate\":\"https:\/\/www.grafio.ee\/?s={search_term_string}\"},\"query-input\":{\"@type\":\"PropertyValueSpecification\",\"valueRequired\":true,\"valueName\":\"search_term_string\"}}],\"inLanguage\":\"en-GB\"},{\"@type\":\"Organization\",\"@id\":\"https:\/\/www.grafio.ee\/#organization\",\"name\":\"Grafio.ee\",\"url\":\"https:\/\/www.grafio.ee\/\",\"logo\":{\"@type\":\"ImageObject\",\"inLanguage\":\"en-GB\",\"@id\":\"https:\/\/www.grafio.ee\/#\/schema\/logo\/image\/\",\"url\":\"https:\/\/www.grafio.ee\/wp-content\/uploads\/2024\/06\/grafio-logo-black-01b-01.svg\",\"contentUrl\":\"https:\/\/www.grafio.ee\/wp-content\/uploads\/2024\/06\/grafio-logo-black-01b-01.svg\",\"width\":1000,\"height\":413,\"caption\":\"Grafio.ee\"},\"image\":{\"@id\":\"https:\/\/www.grafio.ee\/#\/schema\/logo\/image\/\"}}]}<\/script>\n<!-- \/ Yoast SEO plugin. -->","yoast_head_json":{"title":"Riidenagi Hanoi valge - Grafio.ee","robots":{"index":"index","follow":"follow","max-snippet":"max-snippet:-1","max-image-preview":"max-image-preview:large","max-video-preview":"max-video-preview:-1"},"canonical":"https:\/\/www.grafio.ee\/toode\/riidenagi-hanoi-valge\/","og_locale":"en_GB","og_type":"article","og_title":"Riidenagi Hanoi valge - Grafio.ee","og_description":"*Riidenagi Hanoi toru metallist, v\u00e4rvitud valgeks *konksud metallist,v\u00e4rvitud valgeks, puitnupud, v\u00e4rvitud valgeks,lakitud *vihmavarjuhoidja kroomitud, puitnupp v\u00e4rvitud valgeks, lakitud *marmorkivi, v\u00e4rvus valge &nbsp; Toote m\u00f5\u00f5t:dm.38*K.174cm Pakendi m\u00f5\u00f5t:L.51*S.42*K.8cm,","og_url":"https:\/\/www.grafio.ee\/toode\/riidenagi-hanoi-valge\/","og_site_name":"Grafio.ee","article_modified_time":"2025-10-03T12:15:54+00:00","og_image":[{"width":1200,"height":1600,"url":"https:\/\/grafio.ee\/wp-content\/uploads\/2024\/05\/hanoi-valge.jpeg","type":"image\/jpeg"}],"twitter_card":"summary_large_image","twitter_misc":{"Estimated reading time":"1 minute"},"schema":{"@context":"https:\/\/schema.org","@graph":[{"@type":"WebPage","@id":"https:\/\/www.grafio.ee\/toode\/riidenagi-hanoi-valge\/","url":"https:\/\/www.grafio.ee\/toode\/riidenagi-hanoi-valge\/","name":"Riidenagi Hanoi valge - Grafio.ee","isPartOf":{"@id":"https:\/\/www.grafio.ee\/#website"},"primaryImageOfPage":{"@id":"https:\/\/www.grafio.ee\/toode\/riidenagi-hanoi-valge\/#primaryimage"},"image":{"@id":"https:\/\/www.grafio.ee\/toode\/riidenagi-hanoi-valge\/#primaryimage"},"thumbnailUrl":"https:\/\/www.grafio.ee\/wp-content\/uploads\/2024\/05\/hanoi-valge.jpeg","datePublished":"2024-05-28T15:23:02+00:00","dateModified":"2025-10-03T12:15:54+00:00","breadcrumb":{"@id":"https:\/\/www.grafio.ee\/toode\/riidenagi-hanoi-valge\/#breadcrumb"},"inLanguage":"en-GB","potentialAction":[{"@type":"ReadAction","target":["https:\/\/www.grafio.ee\/toode\/riidenagi-hanoi-valge\/"]}]},{"@type":"ImageObject","inLanguage":"en-GB","@id":"https:\/\/www.grafio.ee\/toode\/riidenagi-hanoi-valge\/#primaryimage","url":"https:\/\/www.grafio.ee\/wp-content\/uploads\/2024\/05\/hanoi-valge.jpeg","contentUrl":"https:\/\/www.grafio.ee\/wp-content\/uploads\/2024\/05\/hanoi-valge.jpeg","width":1200,"height":1600},{"@type":"BreadcrumbList","@id":"https:\/\/www.grafio.ee\/toode\/riidenagi-hanoi-valge\/#breadcrumb","itemListElement":[{"@type":"ListItem","position":1,"name":"Home","item":"https:\/\/www.grafio.ee\/"},{"@type":"ListItem","position":2,"name":"K\u00f5ik tooted","item":"https:\/\/www.grafio.ee\/shop\/"},{"@type":"ListItem","position":3,"name":"Riidenagi Hanoi valge"}]},{"@type":"WebSite","@id":"https:\/\/www.grafio.ee\/#website","url":"https:\/\/www.grafio.ee\/","name":"Grafio.ee","description":"sisustus","publisher":{"@id":"https:\/\/www.grafio.ee\/#organization"},"potentialAction":[{"@type":"SearchAction","target":{"@type":"EntryPoint","urlTemplate":"https:\/\/www.grafio.ee\/?s={search_term_string}"},"query-input":{"@type":"PropertyValueSpecification","valueRequired":true,"valueName":"search_term_string"}}],"inLanguage":"en-GB"},{"@type":"Organization","@id":"https:\/\/www.grafio.ee\/#organization","name":"Grafio.ee","url":"https:\/\/www.grafio.ee\/","logo":{"@type":"ImageObject","inLanguage":"en-GB","@id":"https:\/\/www.grafio.ee\/#\/schema\/logo\/image\/","url":"https:\/\/www.grafio.ee\/wp-content\/uploads\/2024\/06\/grafio-logo-black-01b-01.svg","contentUrl":"https:\/\/www.grafio.ee\/wp-content\/uploads\/2024\/06\/grafio-logo-black-01b-01.svg","width":1000,"height":413,"caption":"Grafio.ee"},"image":{"@id":"https:\/\/www.grafio.ee\/#\/schema\/logo\/image\/"}}]}},"_links":{"self":[{"href":"https:\/\/grafio.ee\/en\/wp-json\/wp\/v2\/product\/609","targetHints":{"allow":["GET"]}}],"collection":[{"href":"https:\/\/grafio.ee\/en\/wp-json\/wp\/v2\/product"}],"about":[{"href":"https:\/\/grafio.ee\/en\/wp-json\/wp\/v2\/types\/product"}],"wp:featuredmedia":[{"embeddable":true,"href":"https:\/\/grafio.ee\/en\/wp-json\/wp\/v2\/media\/610"}],"wp:attachment":[{"href":"https:\/\/grafio.ee\/en\/wp-json\/wp\/v2\/media?parent=609"}],"wp:term":[{"taxonomy":"product_brand","embeddable":true,"href":"https:\/\/grafio.ee\/en\/wp-json\/wp\/v2\/product_brand?post=609"},{"taxonomy":"product_cat","embeddable":true,"href":"https:\/\/grafio.ee\/en\/wp-json\/wp\/v2\/product_cat?post=609"},{"taxonomy":"product_tag","embeddable":true,"href":"https:\/\/grafio.ee\/en\/wp-json\/wp\/v2\/product_tag?post=609"}],"curies":[{"name":"wp","href":"https:\/\/api.w.org\/{rel}","templated":true}]}}