{"id":830,"date":"2024-06-04T08:23:11","date_gmt":"2024-06-04T08:23:11","guid":{"rendered":"https:\/\/grafio.ee\/?post_type=product&#038;p=830"},"modified":"2024-11-28T12:35:17","modified_gmt":"2024-11-28T09:35:17","slug":"kontoritool-seattle-must-pu","status":"publish","type":"product","link":"https:\/\/grafio.ee\/en\/product\/kontoritool-seattle-must-pu\/","title":{"rendered":"Office chair Seattle black PU"},"content":{"rendered":"<p>Maksimaalne kandev\u00f5ime 120kg<\/p>","protected":false},"excerpt":{"rendered":"<p>*Comfortable chair covered with black artificial leather<\/p>\n<p>*Frame metal<\/p>\n<p>*Polyfoam for cushioning on the armrests, covered with black synthetic leather<\/p>\n<p>*The height of the seat is adjustable using a gas pump mechanism<\/p>\n<p>*The swing mechanism allows fixation at any angle<\/p>\n<p>*Plastic bace, coated with aluminum paint<\/p>\n<p>*Weight capacity 130 kg<\/p>\n<p>Item size:L.65*56*H.110-120cm<\/p>\n<p>Package size:L.78*40*H.66cm, 16kg<\/p>\n<p>&nbsp;<\/p>","protected":false},"featured_media":831,"template":"","meta":{"site-sidebar-layout":"default","site-content-layout":"","ast-site-content-layout":"default","site-content-style":"default","site-sidebar-style":"default","ast-global-header-display":"","ast-banner-title-visibility":"","ast-main-header-display":"","ast-hfb-above-header-display":"","ast-hfb-below-header-display":"","ast-hfb-mobile-header-display":"","site-post-title":"","ast-breadcrumbs-content":"","ast-featured-img":"","footer-sml-layout":"","ast-disable-related-posts":"","theme-transparent-header-meta":"default","adv-header-id-meta":"","stick-header-meta":"","header-above-stick-meta":"","header-main-stick-meta":"","header-below-stick-meta":"","astra-migrate-meta-layouts":"set","ast-page-background-enabled":"default","ast-page-background-meta":{"desktop":{"background-color":"var(--ast-global-color-4)","background-image":"","background-repeat":"repeat","background-position":"center center","background-size":"auto","background-attachment":"scroll","background-type":"","background-media":"","overlay-type":"","overlay-color":"","overlay-opacity":"","overlay-gradient":""},"tablet":{"background-color":"","background-image":"","background-repeat":"repeat","background-position":"center center","background-size":"auto","background-attachment":"scroll","background-type":"","background-media":"","overlay-type":"","overlay-color":"","overlay-opacity":"","overlay-gradient":""},"mobile":{"background-color":"","background-image":"","background-repeat":"repeat","background-position":"center center","background-size":"auto","background-attachment":"scroll","background-type":"","background-media":"","overlay-type":"","overlay-color":"","overlay-opacity":"","overlay-gradient":""}},"ast-content-background-meta":{"desktop":{"background-color":"var(--ast-global-color-5)","background-image":"","background-repeat":"repeat","background-position":"center center","background-size":"auto","background-attachment":"scroll","background-type":"","background-media":"","overlay-type":"","overlay-color":"","overlay-opacity":"","overlay-gradient":""},"tablet":{"background-color":"var(--ast-global-color-5)","background-image":"","background-repeat":"repeat","background-position":"center center","background-size":"auto","background-attachment":"scroll","background-type":"","background-media":"","overlay-type":"","overlay-color":"","overlay-opacity":"","overlay-gradient":""},"mobile":{"background-color":"var(--ast-global-color-5)","background-image":"","background-repeat":"repeat","background-position":"center center","background-size":"auto","background-attachment":"scroll","background-type":"","background-media":"","overlay-type":"","overlay-color":"","overlay-opacity":"","overlay-gradient":""}}},"product_brand":[],"product_cat":[16,17,25],"product_tag":[],"class_list":{"0":"post-830","1":"product","2":"type-product","3":"status-publish","4":"has-post-thumbnail","6":"product_cat-koik-tooted","7":"product_cat-kontor","8":"product_cat-kontoritoolid","9":"product_shipping_class-up-to-20kg","10":"desktop-align-left","11":"tablet-align-left","12":"mobile-align-left","14":"first","15":"outofstock","16":"shipping-taxable","17":"purchasable","18":"product-type-simple"},"yoast_head":"<!-- This site is optimized with the Yoast SEO plugin v27.2 - https:\/\/yoast.com\/product\/yoast-seo-wordpress\/ -->\n<title>Kontoritool Seattle must PU - Grafio.ee<\/title>\n<meta name=\"robots\" content=\"index, follow, max-snippet:-1, max-image-preview:large, max-video-preview:-1\" \/>\n<link rel=\"canonical\" href=\"https:\/\/grafio.ee\/en\/product\/kontoritool-seattle-must-pu\/\" \/>\n<meta property=\"og:locale\" content=\"en_GB\" \/>\n<meta property=\"og:type\" content=\"article\" \/>\n<meta property=\"og:title\" content=\"Kontoritool Seattle must PU - Grafio.ee\" \/>\n<meta property=\"og:description\" content=\"*Mugav juhitool kaetud musta kunstnahaga  *Raam metallist  *K\u00e4etugedel pehmenduseks poroloon, kaetud musta kunstnahaga  *Istme k\u00f5rgus on reguleeritav gaaspumpmehhanismi abil  *Kiikemehhanism v\u00f5imaldab fikseerimist iga nurga all  *Jalarist plastik, kaetud alumiiniumv\u00e4rviga  *Kandev\u00f5ime 130kg  Toote m\u00f5\u00f5t:L.65*S.56*K.110-120cm  Pakendi m\u00f5\u00f5t.L.78*S.40*K.66cm  &nbsp;\" \/>\n<meta property=\"og:url\" content=\"https:\/\/grafio.ee\/en\/product\/kontoritool-seattle-must-pu\/\" \/>\n<meta property=\"og:site_name\" content=\"Grafio.ee\" \/>\n<meta property=\"article:modified_time\" content=\"2024-11-28T09:35:17+00:00\" \/>\n<meta property=\"og:image\" content=\"https:\/\/grafio.ee\/wp-content\/uploads\/2024\/06\/Seattle-must_s.jpg\" \/>\n\t<meta property=\"og:image:width\" content=\"845\" \/>\n\t<meta property=\"og:image:height\" content=\"735\" \/>\n\t<meta property=\"og:image:type\" content=\"image\/jpeg\" \/>\n<meta name=\"twitter:card\" content=\"summary_large_image\" \/>\n<meta name=\"twitter:label1\" content=\"Estimated reading time\" \/>\n\t<meta name=\"twitter:data1\" content=\"1 minute\" \/>\n<script type=\"application\/ld+json\" class=\"yoast-schema-graph\">{\"@context\":\"https:\/\/schema.org\",\"@graph\":[{\"@type\":\"WebPage\",\"@id\":\"https:\/\/grafio.ee\/toode\/kontoritool-seattle-must-pu\/\",\"url\":\"https:\/\/grafio.ee\/toode\/kontoritool-seattle-must-pu\/\",\"name\":\"Kontoritool Seattle must PU - Grafio.ee\",\"isPartOf\":{\"@id\":\"https:\/\/grafio.ee\/#website\"},\"primaryImageOfPage\":{\"@id\":\"https:\/\/grafio.ee\/toode\/kontoritool-seattle-must-pu\/#primaryimage\"},\"image\":{\"@id\":\"https:\/\/grafio.ee\/toode\/kontoritool-seattle-must-pu\/#primaryimage\"},\"thumbnailUrl\":\"https:\/\/www.grafio.ee\/wp-content\/uploads\/2024\/06\/Seattle-must_s.jpg\",\"datePublished\":\"2024-06-04T08:23:11+00:00\",\"dateModified\":\"2024-11-28T09:35:17+00:00\",\"breadcrumb\":{\"@id\":\"https:\/\/grafio.ee\/toode\/kontoritool-seattle-must-pu\/#breadcrumb\"},\"inLanguage\":\"en-GB\",\"potentialAction\":[{\"@type\":\"ReadAction\",\"target\":[\"https:\/\/grafio.ee\/toode\/kontoritool-seattle-must-pu\/\"]}]},{\"@type\":\"ImageObject\",\"inLanguage\":\"en-GB\",\"@id\":\"https:\/\/grafio.ee\/toode\/kontoritool-seattle-must-pu\/#primaryimage\",\"url\":\"https:\/\/www.grafio.ee\/wp-content\/uploads\/2024\/06\/Seattle-must_s.jpg\",\"contentUrl\":\"https:\/\/www.grafio.ee\/wp-content\/uploads\/2024\/06\/Seattle-must_s.jpg\",\"width\":845,\"height\":735},{\"@type\":\"BreadcrumbList\",\"@id\":\"https:\/\/grafio.ee\/toode\/kontoritool-seattle-must-pu\/#breadcrumb\",\"itemListElement\":[{\"@type\":\"ListItem\",\"position\":1,\"name\":\"Home\",\"item\":\"https:\/\/grafio.ee\/\"},{\"@type\":\"ListItem\",\"position\":2,\"name\":\"K\u00f5ik tooted\",\"item\":\"https:\/\/www.grafio.ee\/en\/shop\/\"},{\"@type\":\"ListItem\",\"position\":3,\"name\":\"Kontoritool Seattle must PU\"}]},{\"@type\":\"WebSite\",\"@id\":\"https:\/\/grafio.ee\/#website\",\"url\":\"https:\/\/grafio.ee\/\",\"name\":\"Grafio.ee\",\"description\":\"sisustus\",\"publisher\":{\"@id\":\"https:\/\/grafio.ee\/#organization\"},\"potentialAction\":[{\"@type\":\"SearchAction\",\"target\":{\"@type\":\"EntryPoint\",\"urlTemplate\":\"https:\/\/grafio.ee\/?s={search_term_string}\"},\"query-input\":{\"@type\":\"PropertyValueSpecification\",\"valueRequired\":true,\"valueName\":\"search_term_string\"}}],\"inLanguage\":\"en-GB\"},{\"@type\":\"Organization\",\"@id\":\"https:\/\/grafio.ee\/#organization\",\"name\":\"Grafio.ee\",\"url\":\"https:\/\/grafio.ee\/\",\"logo\":{\"@type\":\"ImageObject\",\"inLanguage\":\"en-GB\",\"@id\":\"https:\/\/grafio.ee\/#\/schema\/logo\/image\/\",\"url\":\"https:\/\/www.grafio.ee\/wp-content\/uploads\/2024\/06\/grafio-logo-black-01b-01.svg\",\"contentUrl\":\"https:\/\/www.grafio.ee\/wp-content\/uploads\/2024\/06\/grafio-logo-black-01b-01.svg\",\"width\":1000,\"height\":413,\"caption\":\"Grafio.ee\"},\"image\":{\"@id\":\"https:\/\/grafio.ee\/#\/schema\/logo\/image\/\"}}]}<\/script>\n<!-- \/ Yoast SEO plugin. -->","yoast_head_json":{"title":"Kontoritool Seattle must PU - Grafio.ee","robots":{"index":"index","follow":"follow","max-snippet":"max-snippet:-1","max-image-preview":"max-image-preview:large","max-video-preview":"max-video-preview:-1"},"canonical":"https:\/\/grafio.ee\/en\/product\/kontoritool-seattle-must-pu\/","og_locale":"en_GB","og_type":"article","og_title":"Kontoritool Seattle must PU - Grafio.ee","og_description":"*Mugav juhitool kaetud musta kunstnahaga  *Raam metallist  *K\u00e4etugedel pehmenduseks poroloon, kaetud musta kunstnahaga  *Istme k\u00f5rgus on reguleeritav gaaspumpmehhanismi abil  *Kiikemehhanism v\u00f5imaldab fikseerimist iga nurga all  *Jalarist plastik, kaetud alumiiniumv\u00e4rviga  *Kandev\u00f5ime 130kg  Toote m\u00f5\u00f5t:L.65*S.56*K.110-120cm  Pakendi m\u00f5\u00f5t.L.78*S.40*K.66cm  &nbsp;","og_url":"https:\/\/grafio.ee\/en\/product\/kontoritool-seattle-must-pu\/","og_site_name":"Grafio.ee","article_modified_time":"2024-11-28T09:35:17+00:00","og_image":[{"width":845,"height":735,"url":"https:\/\/grafio.ee\/wp-content\/uploads\/2024\/06\/Seattle-must_s.jpg","type":"image\/jpeg"}],"twitter_card":"summary_large_image","twitter_misc":{"Estimated reading time":"1 minute"},"schema":{"@context":"https:\/\/schema.org","@graph":[{"@type":"WebPage","@id":"https:\/\/grafio.ee\/toode\/kontoritool-seattle-must-pu\/","url":"https:\/\/grafio.ee\/toode\/kontoritool-seattle-must-pu\/","name":"Kontoritool Seattle must PU - Grafio.ee","isPartOf":{"@id":"https:\/\/grafio.ee\/#website"},"primaryImageOfPage":{"@id":"https:\/\/grafio.ee\/toode\/kontoritool-seattle-must-pu\/#primaryimage"},"image":{"@id":"https:\/\/grafio.ee\/toode\/kontoritool-seattle-must-pu\/#primaryimage"},"thumbnailUrl":"https:\/\/www.grafio.ee\/wp-content\/uploads\/2024\/06\/Seattle-must_s.jpg","datePublished":"2024-06-04T08:23:11+00:00","dateModified":"2024-11-28T09:35:17+00:00","breadcrumb":{"@id":"https:\/\/grafio.ee\/toode\/kontoritool-seattle-must-pu\/#breadcrumb"},"inLanguage":"en-GB","potentialAction":[{"@type":"ReadAction","target":["https:\/\/grafio.ee\/toode\/kontoritool-seattle-must-pu\/"]}]},{"@type":"ImageObject","inLanguage":"en-GB","@id":"https:\/\/grafio.ee\/toode\/kontoritool-seattle-must-pu\/#primaryimage","url":"https:\/\/www.grafio.ee\/wp-content\/uploads\/2024\/06\/Seattle-must_s.jpg","contentUrl":"https:\/\/www.grafio.ee\/wp-content\/uploads\/2024\/06\/Seattle-must_s.jpg","width":845,"height":735},{"@type":"BreadcrumbList","@id":"https:\/\/grafio.ee\/toode\/kontoritool-seattle-must-pu\/#breadcrumb","itemListElement":[{"@type":"ListItem","position":1,"name":"Home","item":"https:\/\/grafio.ee\/"},{"@type":"ListItem","position":2,"name":"K\u00f5ik tooted","item":"https:\/\/www.grafio.ee\/en\/shop\/"},{"@type":"ListItem","position":3,"name":"Kontoritool Seattle must PU"}]},{"@type":"WebSite","@id":"https:\/\/grafio.ee\/#website","url":"https:\/\/grafio.ee\/","name":"Grafio.ee","description":"sisustus","publisher":{"@id":"https:\/\/grafio.ee\/#organization"},"potentialAction":[{"@type":"SearchAction","target":{"@type":"EntryPoint","urlTemplate":"https:\/\/grafio.ee\/?s={search_term_string}"},"query-input":{"@type":"PropertyValueSpecification","valueRequired":true,"valueName":"search_term_string"}}],"inLanguage":"en-GB"},{"@type":"Organization","@id":"https:\/\/grafio.ee\/#organization","name":"Grafio.ee","url":"https:\/\/grafio.ee\/","logo":{"@type":"ImageObject","inLanguage":"en-GB","@id":"https:\/\/grafio.ee\/#\/schema\/logo\/image\/","url":"https:\/\/www.grafio.ee\/wp-content\/uploads\/2024\/06\/grafio-logo-black-01b-01.svg","contentUrl":"https:\/\/www.grafio.ee\/wp-content\/uploads\/2024\/06\/grafio-logo-black-01b-01.svg","width":1000,"height":413,"caption":"Grafio.ee"},"image":{"@id":"https:\/\/grafio.ee\/#\/schema\/logo\/image\/"}}]}},"_links":{"self":[{"href":"https:\/\/grafio.ee\/en\/wp-json\/wp\/v2\/product\/830","targetHints":{"allow":["GET"]}}],"collection":[{"href":"https:\/\/grafio.ee\/en\/wp-json\/wp\/v2\/product"}],"about":[{"href":"https:\/\/grafio.ee\/en\/wp-json\/wp\/v2\/types\/product"}],"wp:featuredmedia":[{"embeddable":true,"href":"https:\/\/grafio.ee\/en\/wp-json\/wp\/v2\/media\/831"}],"wp:attachment":[{"href":"https:\/\/grafio.ee\/en\/wp-json\/wp\/v2\/media?parent=830"}],"wp:term":[{"taxonomy":"product_brand","embeddable":true,"href":"https:\/\/grafio.ee\/en\/wp-json\/wp\/v2\/product_brand?post=830"},{"taxonomy":"product_cat","embeddable":true,"href":"https:\/\/grafio.ee\/en\/wp-json\/wp\/v2\/product_cat?post=830"},{"taxonomy":"product_tag","embeddable":true,"href":"https:\/\/grafio.ee\/en\/wp-json\/wp\/v2\/product_tag?post=830"}],"curies":[{"name":"wp","href":"https:\/\/api.w.org\/{rel}","templated":true}]}}