{"id":848,"date":"2024-06-04T09:29:08","date_gmt":"2024-06-04T09:29:08","guid":{"rendered":"https:\/\/grafio.ee\/?post_type=product&#038;p=848"},"modified":"2025-09-17T11:33:01","modified_gmt":"2025-09-17T08:33:01","slug":"kontoritool-madison-must-vorkkangas","status":"publish","type":"product","link":"https:\/\/grafio.ee\/en\/product\/kontoritool-madison-must-vorkkangas\/","title":{"rendered":"Office chair Madison black mesh fabric"},"content":{"rendered":"<p>Maksimaalne kandev\u00f5ime 120kg<\/p>","protected":false},"excerpt":{"rendered":"<p style=\"line-height: 19.6px;\">*Seat black mesh fabric, backrest black mesh<\/p>\n<p style=\"line-height: 19.6px;\">*several adjustable parts make the chair comfortable<\/p>\n<p style=\"line-height: 19.6px;\">*backrest height adjustable  in 5 position<\/p>\n<p style=\"line-height: 19.6px;\">*back curvature cushion adjustment<\/p>\n<p style=\"line-height: 19.6px;\">*adjusting the backrest angle using a separate lever<\/p>\n<p style=\"line-height: 19.6px;\">*seat height adjustment using the gas pump mechanism<\/p>\n<p style=\"line-height: 19.6px;\">*armrest adjustment up-down<\/p>\n<p style=\"line-height: 19.6px;\">*headrest tilt angle adjustment<\/p>\n<p style=\"line-height: 19.6px;\">*chrome on the footrest<\/p>\n<p style=\"line-height: 19.6px;\">*maximum load capacity  120 kg<\/p>","protected":false},"featured_media":849,"template":"","meta":{"site-sidebar-layout":"default","site-content-layout":"","ast-site-content-layout":"default","site-content-style":"default","site-sidebar-style":"default","ast-global-header-display":"","ast-banner-title-visibility":"","ast-main-header-display":"","ast-hfb-above-header-display":"","ast-hfb-below-header-display":"","ast-hfb-mobile-header-display":"","site-post-title":"","ast-breadcrumbs-content":"","ast-featured-img":"","footer-sml-layout":"","ast-disable-related-posts":"","theme-transparent-header-meta":"default","adv-header-id-meta":"","stick-header-meta":"","header-above-stick-meta":"","header-main-stick-meta":"","header-below-stick-meta":"","astra-migrate-meta-layouts":"set","ast-page-background-enabled":"default","ast-page-background-meta":{"desktop":{"background-color":"var(--ast-global-color-4)","background-image":"","background-repeat":"repeat","background-position":"center center","background-size":"auto","background-attachment":"scroll","background-type":"","background-media":"","overlay-type":"","overlay-color":"","overlay-opacity":"","overlay-gradient":""},"tablet":{"background-color":"","background-image":"","background-repeat":"repeat","background-position":"center center","background-size":"auto","background-attachment":"scroll","background-type":"","background-media":"","overlay-type":"","overlay-color":"","overlay-opacity":"","overlay-gradient":""},"mobile":{"background-color":"","background-image":"","background-repeat":"repeat","background-position":"center center","background-size":"auto","background-attachment":"scroll","background-type":"","background-media":"","overlay-type":"","overlay-color":"","overlay-opacity":"","overlay-gradient":""}},"ast-content-background-meta":{"desktop":{"background-color":"var(--ast-global-color-5)","background-image":"","background-repeat":"repeat","background-position":"center center","background-size":"auto","background-attachment":"scroll","background-type":"","background-media":"","overlay-type":"","overlay-color":"","overlay-opacity":"","overlay-gradient":""},"tablet":{"background-color":"var(--ast-global-color-5)","background-image":"","background-repeat":"repeat","background-position":"center center","background-size":"auto","background-attachment":"scroll","background-type":"","background-media":"","overlay-type":"","overlay-color":"","overlay-opacity":"","overlay-gradient":""},"mobile":{"background-color":"var(--ast-global-color-5)","background-image":"","background-repeat":"repeat","background-position":"center center","background-size":"auto","background-attachment":"scroll","background-type":"","background-media":"","overlay-type":"","overlay-color":"","overlay-opacity":"","overlay-gradient":""}}},"product_brand":[],"product_cat":[16,17,25],"product_tag":[],"class_list":{"0":"post-848","1":"product","2":"type-product","3":"status-publish","4":"has-post-thumbnail","6":"product_cat-koik-tooted","7":"product_cat-kontor","8":"product_cat-kontoritoolid","9":"product_shipping_class-up-to-20kg","10":"desktop-align-left","11":"tablet-align-left","12":"mobile-align-left","14":"first","15":"instock","16":"shipping-taxable","17":"purchasable","18":"product-type-simple"},"yoast_head":"<!-- This site is optimized with the Yoast SEO plugin v27.4 - https:\/\/yoast.com\/product\/yoast-seo-wordpress\/ -->\n<title>Kontoritool Madison must v\u00f5rkkangas - Grafio.ee<\/title>\n<meta name=\"robots\" content=\"index, follow, max-snippet:-1, max-image-preview:large, max-video-preview:-1\" \/>\n<link rel=\"canonical\" href=\"https:\/\/grafio.ee\/en\/product\/kontoritool-madison-must-vorkkangas\/\" \/>\n<meta property=\"og:locale\" content=\"en_GB\" \/>\n<meta property=\"og:type\" content=\"article\" \/>\n<meta property=\"og:title\" content=\"Kontoritool Madison must v\u00f5rkkangas - Grafio.ee\" \/>\n<meta property=\"og:description\" content=\"*Kontoritool on kaetud musta v\u00f5rkkangaga *tooli teevad mugavaks mitmed reguleeritavad osad *seljatoe k\u00f5rguse reguleerimine 5 positisooni *seljakumeruse padja reguleerimine *seljatoe kaldenurga reguleerimine eraldi kangi abil *istumisk\u00f5rguse reguleerimine gaaspumpmehhanismi abil *k\u00e4etugede reguleerimine \u00fcles-alla *peatoe kaldenurga reguleerimine *jalarist kroomitud *maksimaalne kandev\u00f5ime kuni 120 kg\" \/>\n<meta property=\"og:url\" content=\"https:\/\/grafio.ee\/en\/product\/kontoritool-madison-must-vorkkangas\/\" \/>\n<meta property=\"og:site_name\" content=\"Grafio.ee\" \/>\n<meta property=\"article:modified_time\" content=\"2025-09-17T08:33:01+00:00\" \/>\n<meta property=\"og:image\" content=\"https:\/\/www.grafio.ee\/wp-content\/uploads\/2024\/06\/Madisonmust-kangas-.jpg\" \/>\n\t<meta property=\"og:image:width\" content=\"1216\" \/>\n\t<meta property=\"og:image:height\" content=\"1824\" \/>\n\t<meta property=\"og:image:type\" content=\"image\/jpeg\" \/>\n<meta name=\"twitter:card\" content=\"summary_large_image\" \/>\n<meta name=\"twitter:label1\" content=\"Estimated reading time\" \/>\n\t<meta name=\"twitter:data1\" content=\"1 minute\" \/>\n<script type=\"application\/ld+json\" class=\"yoast-schema-graph\">{\"@context\":\"https:\\\/\\\/schema.org\",\"@graph\":[{\"@type\":\"WebPage\",\"@id\":\"https:\\\/\\\/grafio.ee\\\/toode\\\/kontoritool-madison-must-vorkkangas\\\/\",\"url\":\"https:\\\/\\\/grafio.ee\\\/toode\\\/kontoritool-madison-must-vorkkangas\\\/\",\"name\":\"Kontoritool Madison must v\u00f5rkkangas - Grafio.ee\",\"isPartOf\":{\"@id\":\"https:\\\/\\\/grafio.ee\\\/#website\"},\"primaryImageOfPage\":{\"@id\":\"https:\\\/\\\/grafio.ee\\\/toode\\\/kontoritool-madison-must-vorkkangas\\\/#primaryimage\"},\"image\":{\"@id\":\"https:\\\/\\\/grafio.ee\\\/toode\\\/kontoritool-madison-must-vorkkangas\\\/#primaryimage\"},\"thumbnailUrl\":\"https:\\\/\\\/grafio.ee\\\/wp-content\\\/uploads\\\/2024\\\/06\\\/Madisonmust-kangas-.jpg\",\"datePublished\":\"2024-06-04T09:29:08+00:00\",\"dateModified\":\"2025-09-17T08:33:01+00:00\",\"breadcrumb\":{\"@id\":\"https:\\\/\\\/grafio.ee\\\/toode\\\/kontoritool-madison-must-vorkkangas\\\/#breadcrumb\"},\"inLanguage\":\"en-GB\",\"potentialAction\":[{\"@type\":\"ReadAction\",\"target\":[\"https:\\\/\\\/grafio.ee\\\/toode\\\/kontoritool-madison-must-vorkkangas\\\/\"]}]},{\"@type\":\"ImageObject\",\"inLanguage\":\"en-GB\",\"@id\":\"https:\\\/\\\/grafio.ee\\\/toode\\\/kontoritool-madison-must-vorkkangas\\\/#primaryimage\",\"url\":\"https:\\\/\\\/grafio.ee\\\/wp-content\\\/uploads\\\/2024\\\/06\\\/Madisonmust-kangas-.jpg\",\"contentUrl\":\"https:\\\/\\\/grafio.ee\\\/wp-content\\\/uploads\\\/2024\\\/06\\\/Madisonmust-kangas-.jpg\",\"width\":1216,\"height\":1824},{\"@type\":\"BreadcrumbList\",\"@id\":\"https:\\\/\\\/grafio.ee\\\/toode\\\/kontoritool-madison-must-vorkkangas\\\/#breadcrumb\",\"itemListElement\":[{\"@type\":\"ListItem\",\"position\":1,\"name\":\"Home\",\"item\":\"https:\\\/\\\/grafio.ee\\\/\"},{\"@type\":\"ListItem\",\"position\":2,\"name\":\"K\u00f5ik tooted\",\"item\":\"https:\\\/\\\/grafio.ee\\\/shop\\\/\"},{\"@type\":\"ListItem\",\"position\":3,\"name\":\"Kontoritool Madison must v\u00f5rkkangas\"}]},{\"@type\":\"WebSite\",\"@id\":\"https:\\\/\\\/grafio.ee\\\/#website\",\"url\":\"https:\\\/\\\/grafio.ee\\\/\",\"name\":\"Grafio.ee\",\"description\":\"sisustus\",\"publisher\":{\"@id\":\"https:\\\/\\\/grafio.ee\\\/#organization\"},\"potentialAction\":[{\"@type\":\"SearchAction\",\"target\":{\"@type\":\"EntryPoint\",\"urlTemplate\":\"https:\\\/\\\/grafio.ee\\\/?s={search_term_string}\"},\"query-input\":{\"@type\":\"PropertyValueSpecification\",\"valueRequired\":true,\"valueName\":\"search_term_string\"}}],\"inLanguage\":\"en-GB\"},{\"@type\":\"Organization\",\"@id\":\"https:\\\/\\\/grafio.ee\\\/#organization\",\"name\":\"Grafio.ee\",\"url\":\"https:\\\/\\\/grafio.ee\\\/\",\"logo\":{\"@type\":\"ImageObject\",\"inLanguage\":\"en-GB\",\"@id\":\"https:\\\/\\\/grafio.ee\\\/#\\\/schema\\\/logo\\\/image\\\/\",\"url\":\"https:\\\/\\\/grafio.ee\\\/wp-content\\\/uploads\\\/2024\\\/06\\\/grafio-logo-black-01b-01.svg\",\"contentUrl\":\"https:\\\/\\\/grafio.ee\\\/wp-content\\\/uploads\\\/2024\\\/06\\\/grafio-logo-black-01b-01.svg\",\"width\":1000,\"height\":413,\"caption\":\"Grafio.ee\"},\"image\":{\"@id\":\"https:\\\/\\\/grafio.ee\\\/#\\\/schema\\\/logo\\\/image\\\/\"}}]}<\/script>\n<!-- \/ Yoast SEO plugin. -->","yoast_head_json":{"title":"Kontoritool Madison must v\u00f5rkkangas - Grafio.ee","robots":{"index":"index","follow":"follow","max-snippet":"max-snippet:-1","max-image-preview":"max-image-preview:large","max-video-preview":"max-video-preview:-1"},"canonical":"https:\/\/grafio.ee\/en\/product\/kontoritool-madison-must-vorkkangas\/","og_locale":"en_GB","og_type":"article","og_title":"Kontoritool Madison must v\u00f5rkkangas - Grafio.ee","og_description":"*Kontoritool on kaetud musta v\u00f5rkkangaga *tooli teevad mugavaks mitmed reguleeritavad osad *seljatoe k\u00f5rguse reguleerimine 5 positisooni *seljakumeruse padja reguleerimine *seljatoe kaldenurga reguleerimine eraldi kangi abil *istumisk\u00f5rguse reguleerimine gaaspumpmehhanismi abil *k\u00e4etugede reguleerimine \u00fcles-alla *peatoe kaldenurga reguleerimine *jalarist kroomitud *maksimaalne kandev\u00f5ime kuni 120 kg","og_url":"https:\/\/grafio.ee\/en\/product\/kontoritool-madison-must-vorkkangas\/","og_site_name":"Grafio.ee","article_modified_time":"2025-09-17T08:33:01+00:00","og_image":[{"width":1216,"height":1824,"url":"https:\/\/www.grafio.ee\/wp-content\/uploads\/2024\/06\/Madisonmust-kangas-.jpg","type":"image\/jpeg"}],"twitter_card":"summary_large_image","twitter_misc":{"Estimated reading time":"1 minute"},"schema":{"@context":"https:\/\/schema.org","@graph":[{"@type":"WebPage","@id":"https:\/\/grafio.ee\/toode\/kontoritool-madison-must-vorkkangas\/","url":"https:\/\/grafio.ee\/toode\/kontoritool-madison-must-vorkkangas\/","name":"Kontoritool Madison must v\u00f5rkkangas - Grafio.ee","isPartOf":{"@id":"https:\/\/grafio.ee\/#website"},"primaryImageOfPage":{"@id":"https:\/\/grafio.ee\/toode\/kontoritool-madison-must-vorkkangas\/#primaryimage"},"image":{"@id":"https:\/\/grafio.ee\/toode\/kontoritool-madison-must-vorkkangas\/#primaryimage"},"thumbnailUrl":"https:\/\/grafio.ee\/wp-content\/uploads\/2024\/06\/Madisonmust-kangas-.jpg","datePublished":"2024-06-04T09:29:08+00:00","dateModified":"2025-09-17T08:33:01+00:00","breadcrumb":{"@id":"https:\/\/grafio.ee\/toode\/kontoritool-madison-must-vorkkangas\/#breadcrumb"},"inLanguage":"en-GB","potentialAction":[{"@type":"ReadAction","target":["https:\/\/grafio.ee\/toode\/kontoritool-madison-must-vorkkangas\/"]}]},{"@type":"ImageObject","inLanguage":"en-GB","@id":"https:\/\/grafio.ee\/toode\/kontoritool-madison-must-vorkkangas\/#primaryimage","url":"https:\/\/grafio.ee\/wp-content\/uploads\/2024\/06\/Madisonmust-kangas-.jpg","contentUrl":"https:\/\/grafio.ee\/wp-content\/uploads\/2024\/06\/Madisonmust-kangas-.jpg","width":1216,"height":1824},{"@type":"BreadcrumbList","@id":"https:\/\/grafio.ee\/toode\/kontoritool-madison-must-vorkkangas\/#breadcrumb","itemListElement":[{"@type":"ListItem","position":1,"name":"Home","item":"https:\/\/grafio.ee\/"},{"@type":"ListItem","position":2,"name":"K\u00f5ik tooted","item":"https:\/\/grafio.ee\/shop\/"},{"@type":"ListItem","position":3,"name":"Kontoritool Madison must v\u00f5rkkangas"}]},{"@type":"WebSite","@id":"https:\/\/grafio.ee\/#website","url":"https:\/\/grafio.ee\/","name":"Grafio.ee","description":"sisustus","publisher":{"@id":"https:\/\/grafio.ee\/#organization"},"potentialAction":[{"@type":"SearchAction","target":{"@type":"EntryPoint","urlTemplate":"https:\/\/grafio.ee\/?s={search_term_string}"},"query-input":{"@type":"PropertyValueSpecification","valueRequired":true,"valueName":"search_term_string"}}],"inLanguage":"en-GB"},{"@type":"Organization","@id":"https:\/\/grafio.ee\/#organization","name":"Grafio.ee","url":"https:\/\/grafio.ee\/","logo":{"@type":"ImageObject","inLanguage":"en-GB","@id":"https:\/\/grafio.ee\/#\/schema\/logo\/image\/","url":"https:\/\/grafio.ee\/wp-content\/uploads\/2024\/06\/grafio-logo-black-01b-01.svg","contentUrl":"https:\/\/grafio.ee\/wp-content\/uploads\/2024\/06\/grafio-logo-black-01b-01.svg","width":1000,"height":413,"caption":"Grafio.ee"},"image":{"@id":"https:\/\/grafio.ee\/#\/schema\/logo\/image\/"}}]}},"_links":{"self":[{"href":"https:\/\/grafio.ee\/en\/wp-json\/wp\/v2\/product\/848","targetHints":{"allow":["GET"]}}],"collection":[{"href":"https:\/\/grafio.ee\/en\/wp-json\/wp\/v2\/product"}],"about":[{"href":"https:\/\/grafio.ee\/en\/wp-json\/wp\/v2\/types\/product"}],"wp:featuredmedia":[{"embeddable":true,"href":"https:\/\/grafio.ee\/en\/wp-json\/wp\/v2\/media\/849"}],"wp:attachment":[{"href":"https:\/\/grafio.ee\/en\/wp-json\/wp\/v2\/media?parent=848"}],"wp:term":[{"taxonomy":"product_brand","embeddable":true,"href":"https:\/\/grafio.ee\/en\/wp-json\/wp\/v2\/product_brand?post=848"},{"taxonomy":"product_cat","embeddable":true,"href":"https:\/\/grafio.ee\/en\/wp-json\/wp\/v2\/product_cat?post=848"},{"taxonomy":"product_tag","embeddable":true,"href":"https:\/\/grafio.ee\/en\/wp-json\/wp\/v2\/product_tag?post=848"}],"curies":[{"name":"wp","href":"https:\/\/api.w.org\/{rel}","templated":true}]}}