{"id":860,"date":"2024-06-04T10:07:22","date_gmt":"2024-06-04T10:07:22","guid":{"rendered":"https:\/\/grafio.ee\/?post_type=product&#038;p=860"},"modified":"2025-09-17T11:29:05","modified_gmt":"2025-09-17T08:29:05","slug":"kontoritool-virginia-must-vorkkangas","status":"publish","type":"product","link":"https:\/\/grafio.ee\/en\/product\/kontoritool-virginia-must-vorkkangas\/","title":{"rendered":"Office chair Virginia black mesh fabric"},"content":{"rendered":"<p>&nbsp;<\/p>\n<p>Disainerite tungival soovil on n\u00fc\u00fcd Virginia tool saadaval ka musta jalaristiga<\/p>\n<p>Maksimaalne kandev\u00f5ime ikka 140kg<\/p>\n<p>&nbsp;<\/p>\n<p>&nbsp;<\/p>","protected":false},"excerpt":{"rendered":"<p><em><strong>At the request of the designers, the chair is now also available with black footrest<\/strong><\/em><\/p>\n<p>*Chair seat black mesh fabric, backrest black mesh<\/p>\n<p>*Frame metal<\/p>\n<p>*K\u00e4etoed must plastik, reguleeritava k\u00f5rguse ja nurgaga-paremale-vasakule<\/p>\n<p>*Adjusting the height of the back curvature<\/p>\n<p>*Backrest height adjustment, 5 positions<\/p>\n<p>*Headrest tilt angle and height adjustment<\/p>\n<p>*The height of the seat is adjustable using a gas pump mechanism<\/p>\n<p>*Rocking mechanism<\/p>\n<p>*base black plastic<\/p>\n<p>*Weight capacity 140kg<\/p>\n<p>&nbsp;<\/p>\n<p>Item size:L69*59*H.113-129cm<\/p>\n<p>Package size:L.87*39*H.66cm,20kg<\/p>","protected":false},"featured_media":861,"template":"","meta":{"site-sidebar-layout":"default","site-content-layout":"","ast-site-content-layout":"default","site-content-style":"default","site-sidebar-style":"default","ast-global-header-display":"","ast-banner-title-visibility":"","ast-main-header-display":"","ast-hfb-above-header-display":"","ast-hfb-below-header-display":"","ast-hfb-mobile-header-display":"","site-post-title":"","ast-breadcrumbs-content":"","ast-featured-img":"","footer-sml-layout":"","ast-disable-related-posts":"","theme-transparent-header-meta":"default","adv-header-id-meta":"","stick-header-meta":"","header-above-stick-meta":"","header-main-stick-meta":"","header-below-stick-meta":"","astra-migrate-meta-layouts":"set","ast-page-background-enabled":"default","ast-page-background-meta":{"desktop":{"background-color":"var(--ast-global-color-4)","background-image":"","background-repeat":"repeat","background-position":"center center","background-size":"auto","background-attachment":"scroll","background-type":"","background-media":"","overlay-type":"","overlay-color":"","overlay-opacity":"","overlay-gradient":""},"tablet":{"background-color":"","background-image":"","background-repeat":"repeat","background-position":"center center","background-size":"auto","background-attachment":"scroll","background-type":"","background-media":"","overlay-type":"","overlay-color":"","overlay-opacity":"","overlay-gradient":""},"mobile":{"background-color":"","background-image":"","background-repeat":"repeat","background-position":"center center","background-size":"auto","background-attachment":"scroll","background-type":"","background-media":"","overlay-type":"","overlay-color":"","overlay-opacity":"","overlay-gradient":""}},"ast-content-background-meta":{"desktop":{"background-color":"var(--ast-global-color-5)","background-image":"","background-repeat":"repeat","background-position":"center center","background-size":"auto","background-attachment":"scroll","background-type":"","background-media":"","overlay-type":"","overlay-color":"","overlay-opacity":"","overlay-gradient":""},"tablet":{"background-color":"var(--ast-global-color-5)","background-image":"","background-repeat":"repeat","background-position":"center center","background-size":"auto","background-attachment":"scroll","background-type":"","background-media":"","overlay-type":"","overlay-color":"","overlay-opacity":"","overlay-gradient":""},"mobile":{"background-color":"var(--ast-global-color-5)","background-image":"","background-repeat":"repeat","background-position":"center center","background-size":"auto","background-attachment":"scroll","background-type":"","background-media":"","overlay-type":"","overlay-color":"","overlay-opacity":"","overlay-gradient":""}}},"product_brand":[],"product_cat":[16,17,25],"product_tag":[],"class_list":{"0":"post-860","1":"product","2":"type-product","3":"status-publish","4":"has-post-thumbnail","6":"product_cat-koik-tooted","7":"product_cat-kontor","8":"product_cat-kontoritoolid","9":"product_shipping_class-up-to-20kg","10":"desktop-align-left","11":"tablet-align-left","12":"mobile-align-left","14":"first","15":"instock","16":"shipping-taxable","17":"purchasable","18":"product-type-simple"},"yoast_head":"<!-- This site is optimized with the Yoast SEO plugin v27.4 - https:\/\/yoast.com\/product\/yoast-seo-wordpress\/ -->\n<title>Kontoritool Virginia must v\u00f5rkkangas - Grafio.ee<\/title>\n<meta name=\"robots\" content=\"index, follow, max-snippet:-1, max-image-preview:large, max-video-preview:-1\" \/>\n<link rel=\"canonical\" href=\"https:\/\/grafio.ee\/en\/product\/kontoritool-virginia-must-vorkkangas\/\" \/>\n<meta property=\"og:locale\" content=\"en_GB\" \/>\n<meta property=\"og:type\" content=\"article\" \/>\n<meta property=\"og:title\" content=\"Kontoritool Virginia must v\u00f5rkkangas - Grafio.ee\" \/>\n<meta property=\"og:description\" content=\"Disainerite soovil n\u00fc\u00fcd tool ka musta jalaristiga  *Tooli iste must v\u00f5rkkangas, seljatugi must v\u00f5rk  *Raam metallist  *K\u00e4etoed must plastik, reguleeritava k\u00f5rguse ja nurgaga-paremale-vasakule  *Seljakumeruse k\u00f5rguse reguleerimine  *Seljatoe k\u00f5rguse reguleerimine,5positsiooni  *Peatoe kaldenurga ning k\u00f5rguse reguleerimine  *Istme k\u00f5rgus on reguleeritav gaaspumpmehhanismi abil  *Kiikemehhanism  *Jalarist must plastik  *Kandev\u00f5ime 140kg  &nbsp;  Toote m\u00f5\u00f5t:L.69*S.59*K.113-129cm  Pakendi m\u00f5\u00f5t.L.87*S.39*K.66cm\" \/>\n<meta property=\"og:url\" content=\"https:\/\/grafio.ee\/en\/product\/kontoritool-virginia-must-vorkkangas\/\" \/>\n<meta property=\"og:site_name\" content=\"Grafio.ee\" \/>\n<meta property=\"article:modified_time\" content=\"2025-09-17T08:29:05+00:00\" \/>\n<meta property=\"og:image\" content=\"https:\/\/www.grafio.ee\/wp-content\/uploads\/2024\/06\/Virginiaotse-scaled.jpg\" \/>\n\t<meta property=\"og:image:width\" content=\"1674\" \/>\n\t<meta property=\"og:image:height\" content=\"2560\" \/>\n\t<meta property=\"og:image:type\" content=\"image\/jpeg\" \/>\n<meta name=\"twitter:card\" content=\"summary_large_image\" \/>\n<meta name=\"twitter:label1\" content=\"Estimated reading time\" \/>\n\t<meta name=\"twitter:data1\" content=\"1 minute\" \/>\n<script type=\"application\/ld+json\" class=\"yoast-schema-graph\">{\"@context\":\"https:\\\/\\\/schema.org\",\"@graph\":[{\"@type\":\"WebPage\",\"@id\":\"https:\\\/\\\/grafio.ee\\\/en\\\/product\\\/kontoritool-virginia-must-vorkkangas\\\/\",\"url\":\"https:\\\/\\\/grafio.ee\\\/en\\\/product\\\/kontoritool-virginia-must-vorkkangas\\\/\",\"name\":\"Kontoritool Virginia must v\u00f5rkkangas - Grafio.ee\",\"isPartOf\":{\"@id\":\"https:\\\/\\\/grafio.ee\\\/#website\"},\"primaryImageOfPage\":{\"@id\":\"https:\\\/\\\/grafio.ee\\\/en\\\/product\\\/kontoritool-virginia-must-vorkkangas\\\/#primaryimage\"},\"image\":{\"@id\":\"https:\\\/\\\/grafio.ee\\\/en\\\/product\\\/kontoritool-virginia-must-vorkkangas\\\/#primaryimage\"},\"thumbnailUrl\":\"https:\\\/\\\/grafio.ee\\\/wp-content\\\/uploads\\\/2024\\\/06\\\/Virginiaotse-scaled.jpg\",\"datePublished\":\"2024-06-04T10:07:22+00:00\",\"dateModified\":\"2025-09-17T08:29:05+00:00\",\"breadcrumb\":{\"@id\":\"https:\\\/\\\/grafio.ee\\\/en\\\/product\\\/kontoritool-virginia-must-vorkkangas\\\/#breadcrumb\"},\"inLanguage\":\"en-GB\",\"potentialAction\":[{\"@type\":\"ReadAction\",\"target\":[\"https:\\\/\\\/grafio.ee\\\/en\\\/product\\\/kontoritool-virginia-must-vorkkangas\\\/\"]}]},{\"@type\":\"ImageObject\",\"inLanguage\":\"en-GB\",\"@id\":\"https:\\\/\\\/grafio.ee\\\/en\\\/product\\\/kontoritool-virginia-must-vorkkangas\\\/#primaryimage\",\"url\":\"https:\\\/\\\/grafio.ee\\\/wp-content\\\/uploads\\\/2024\\\/06\\\/Virginiaotse-scaled.jpg\",\"contentUrl\":\"https:\\\/\\\/grafio.ee\\\/wp-content\\\/uploads\\\/2024\\\/06\\\/Virginiaotse-scaled.jpg\",\"width\":1674,\"height\":2560},{\"@type\":\"BreadcrumbList\",\"@id\":\"https:\\\/\\\/grafio.ee\\\/en\\\/product\\\/kontoritool-virginia-must-vorkkangas\\\/#breadcrumb\",\"itemListElement\":[{\"@type\":\"ListItem\",\"position\":1,\"name\":\"Home\",\"item\":\"https:\\\/\\\/grafio.ee\\\/\"},{\"@type\":\"ListItem\",\"position\":2,\"name\":\"K\u00f5ik tooted\",\"item\":\"https:\\\/\\\/grafio.ee\\\/shop\\\/\"},{\"@type\":\"ListItem\",\"position\":3,\"name\":\"Kontoritool Virginia must v\u00f5rkkangas\"}]},{\"@type\":\"WebSite\",\"@id\":\"https:\\\/\\\/grafio.ee\\\/#website\",\"url\":\"https:\\\/\\\/grafio.ee\\\/\",\"name\":\"Grafio.ee\",\"description\":\"sisustus\",\"publisher\":{\"@id\":\"https:\\\/\\\/grafio.ee\\\/#organization\"},\"potentialAction\":[{\"@type\":\"SearchAction\",\"target\":{\"@type\":\"EntryPoint\",\"urlTemplate\":\"https:\\\/\\\/grafio.ee\\\/?s={search_term_string}\"},\"query-input\":{\"@type\":\"PropertyValueSpecification\",\"valueRequired\":true,\"valueName\":\"search_term_string\"}}],\"inLanguage\":\"en-GB\"},{\"@type\":\"Organization\",\"@id\":\"https:\\\/\\\/grafio.ee\\\/#organization\",\"name\":\"Grafio.ee\",\"url\":\"https:\\\/\\\/grafio.ee\\\/\",\"logo\":{\"@type\":\"ImageObject\",\"inLanguage\":\"en-GB\",\"@id\":\"https:\\\/\\\/grafio.ee\\\/#\\\/schema\\\/logo\\\/image\\\/\",\"url\":\"https:\\\/\\\/grafio.ee\\\/wp-content\\\/uploads\\\/2024\\\/06\\\/grafio-logo-black-01b-01.svg\",\"contentUrl\":\"https:\\\/\\\/grafio.ee\\\/wp-content\\\/uploads\\\/2024\\\/06\\\/grafio-logo-black-01b-01.svg\",\"width\":1000,\"height\":413,\"caption\":\"Grafio.ee\"},\"image\":{\"@id\":\"https:\\\/\\\/grafio.ee\\\/#\\\/schema\\\/logo\\\/image\\\/\"}}]}<\/script>\n<!-- \/ Yoast SEO plugin. -->","yoast_head_json":{"title":"Kontoritool Virginia must v\u00f5rkkangas - Grafio.ee","robots":{"index":"index","follow":"follow","max-snippet":"max-snippet:-1","max-image-preview":"max-image-preview:large","max-video-preview":"max-video-preview:-1"},"canonical":"https:\/\/grafio.ee\/en\/product\/kontoritool-virginia-must-vorkkangas\/","og_locale":"en_GB","og_type":"article","og_title":"Kontoritool Virginia must v\u00f5rkkangas - Grafio.ee","og_description":"Disainerite soovil n\u00fc\u00fcd tool ka musta jalaristiga  *Tooli iste must v\u00f5rkkangas, seljatugi must v\u00f5rk  *Raam metallist  *K\u00e4etoed must plastik, reguleeritava k\u00f5rguse ja nurgaga-paremale-vasakule  *Seljakumeruse k\u00f5rguse reguleerimine  *Seljatoe k\u00f5rguse reguleerimine,5positsiooni  *Peatoe kaldenurga ning k\u00f5rguse reguleerimine  *Istme k\u00f5rgus on reguleeritav gaaspumpmehhanismi abil  *Kiikemehhanism  *Jalarist must plastik  *Kandev\u00f5ime 140kg  &nbsp;  Toote m\u00f5\u00f5t:L.69*S.59*K.113-129cm  Pakendi m\u00f5\u00f5t.L.87*S.39*K.66cm","og_url":"https:\/\/grafio.ee\/en\/product\/kontoritool-virginia-must-vorkkangas\/","og_site_name":"Grafio.ee","article_modified_time":"2025-09-17T08:29:05+00:00","og_image":[{"width":1674,"height":2560,"url":"https:\/\/www.grafio.ee\/wp-content\/uploads\/2024\/06\/Virginiaotse-scaled.jpg","type":"image\/jpeg"}],"twitter_card":"summary_large_image","twitter_misc":{"Estimated reading time":"1 minute"},"schema":{"@context":"https:\/\/schema.org","@graph":[{"@type":"WebPage","@id":"https:\/\/grafio.ee\/en\/product\/kontoritool-virginia-must-vorkkangas\/","url":"https:\/\/grafio.ee\/en\/product\/kontoritool-virginia-must-vorkkangas\/","name":"Kontoritool Virginia must v\u00f5rkkangas - Grafio.ee","isPartOf":{"@id":"https:\/\/grafio.ee\/#website"},"primaryImageOfPage":{"@id":"https:\/\/grafio.ee\/en\/product\/kontoritool-virginia-must-vorkkangas\/#primaryimage"},"image":{"@id":"https:\/\/grafio.ee\/en\/product\/kontoritool-virginia-must-vorkkangas\/#primaryimage"},"thumbnailUrl":"https:\/\/grafio.ee\/wp-content\/uploads\/2024\/06\/Virginiaotse-scaled.jpg","datePublished":"2024-06-04T10:07:22+00:00","dateModified":"2025-09-17T08:29:05+00:00","breadcrumb":{"@id":"https:\/\/grafio.ee\/en\/product\/kontoritool-virginia-must-vorkkangas\/#breadcrumb"},"inLanguage":"en-GB","potentialAction":[{"@type":"ReadAction","target":["https:\/\/grafio.ee\/en\/product\/kontoritool-virginia-must-vorkkangas\/"]}]},{"@type":"ImageObject","inLanguage":"en-GB","@id":"https:\/\/grafio.ee\/en\/product\/kontoritool-virginia-must-vorkkangas\/#primaryimage","url":"https:\/\/grafio.ee\/wp-content\/uploads\/2024\/06\/Virginiaotse-scaled.jpg","contentUrl":"https:\/\/grafio.ee\/wp-content\/uploads\/2024\/06\/Virginiaotse-scaled.jpg","width":1674,"height":2560},{"@type":"BreadcrumbList","@id":"https:\/\/grafio.ee\/en\/product\/kontoritool-virginia-must-vorkkangas\/#breadcrumb","itemListElement":[{"@type":"ListItem","position":1,"name":"Home","item":"https:\/\/grafio.ee\/"},{"@type":"ListItem","position":2,"name":"K\u00f5ik tooted","item":"https:\/\/grafio.ee\/shop\/"},{"@type":"ListItem","position":3,"name":"Kontoritool Virginia must v\u00f5rkkangas"}]},{"@type":"WebSite","@id":"https:\/\/grafio.ee\/#website","url":"https:\/\/grafio.ee\/","name":"Grafio.ee","description":"sisustus","publisher":{"@id":"https:\/\/grafio.ee\/#organization"},"potentialAction":[{"@type":"SearchAction","target":{"@type":"EntryPoint","urlTemplate":"https:\/\/grafio.ee\/?s={search_term_string}"},"query-input":{"@type":"PropertyValueSpecification","valueRequired":true,"valueName":"search_term_string"}}],"inLanguage":"en-GB"},{"@type":"Organization","@id":"https:\/\/grafio.ee\/#organization","name":"Grafio.ee","url":"https:\/\/grafio.ee\/","logo":{"@type":"ImageObject","inLanguage":"en-GB","@id":"https:\/\/grafio.ee\/#\/schema\/logo\/image\/","url":"https:\/\/grafio.ee\/wp-content\/uploads\/2024\/06\/grafio-logo-black-01b-01.svg","contentUrl":"https:\/\/grafio.ee\/wp-content\/uploads\/2024\/06\/grafio-logo-black-01b-01.svg","width":1000,"height":413,"caption":"Grafio.ee"},"image":{"@id":"https:\/\/grafio.ee\/#\/schema\/logo\/image\/"}}]}},"_links":{"self":[{"href":"https:\/\/grafio.ee\/en\/wp-json\/wp\/v2\/product\/860","targetHints":{"allow":["GET"]}}],"collection":[{"href":"https:\/\/grafio.ee\/en\/wp-json\/wp\/v2\/product"}],"about":[{"href":"https:\/\/grafio.ee\/en\/wp-json\/wp\/v2\/types\/product"}],"wp:featuredmedia":[{"embeddable":true,"href":"https:\/\/grafio.ee\/en\/wp-json\/wp\/v2\/media\/861"}],"wp:attachment":[{"href":"https:\/\/grafio.ee\/en\/wp-json\/wp\/v2\/media?parent=860"}],"wp:term":[{"taxonomy":"product_brand","embeddable":true,"href":"https:\/\/grafio.ee\/en\/wp-json\/wp\/v2\/product_brand?post=860"},{"taxonomy":"product_cat","embeddable":true,"href":"https:\/\/grafio.ee\/en\/wp-json\/wp\/v2\/product_cat?post=860"},{"taxonomy":"product_tag","embeddable":true,"href":"https:\/\/grafio.ee\/en\/wp-json\/wp\/v2\/product_tag?post=860"}],"curies":[{"name":"wp","href":"https:\/\/api.w.org\/{rel}","templated":true}]}}