{"id":872,"date":"2024-06-04T10:43:36","date_gmt":"2024-06-04T10:43:36","guid":{"rendered":"https:\/\/grafio.ee\/?post_type=product&#038;p=872"},"modified":"2025-09-16T09:13:10","modified_gmt":"2025-09-16T06:13:10","slug":"soogitoa-komplekt-monaco-naturaalne","status":"publish","type":"product","link":"https:\/\/grafio.ee\/en\/product\/soogitoa-komplekt-monaco-naturaalne\/","title":{"rendered":"S\u00f6\u00f6gitoakomplekt Monaco naturaalne"},"content":{"rendered":"","protected":false},"excerpt":{"rendered":"<p>*Dining table Monaco rubberwood, color natural<\/p>\n<p>*Color natural<\/p>\n<p>*The table has two screw-down flaps, with width 23cm<\/p>\n<p>*Chair rubberwood, color natural<\/p>\n<p>*Included in set 1table and 4 chair<\/p>\n<p>*Table size:dm.106cm*H.75cm<\/p>\n<p>2additional plates down:L.60*106*H.75cm<\/p>\n<p>1aditional palte down L.83*106*H.75cm<\/p>\n<p>Chair size:L.45*S.45*H.90\/43cm<\/p>\n<p>Table package size::L.108*S.109*H..10cm 23kg<\/p>\n<p>Chair package size:L.47*96*H.18cm; 13kg<\/p>\n<p>3 packages<\/p>","protected":false},"featured_media":822,"template":"","meta":{"site-sidebar-layout":"default","site-content-layout":"","ast-site-content-layout":"default","site-content-style":"default","site-sidebar-style":"default","ast-global-header-display":"","ast-banner-title-visibility":"","ast-main-header-display":"","ast-hfb-above-header-display":"","ast-hfb-below-header-display":"","ast-hfb-mobile-header-display":"","site-post-title":"","ast-breadcrumbs-content":"","ast-featured-img":"","footer-sml-layout":"","ast-disable-related-posts":"","theme-transparent-header-meta":"default","adv-header-id-meta":"","stick-header-meta":"","header-above-stick-meta":"","header-main-stick-meta":"","header-below-stick-meta":"","astra-migrate-meta-layouts":"set","ast-page-background-enabled":"default","ast-page-background-meta":{"desktop":{"background-color":"var(--ast-global-color-4)","background-image":"","background-repeat":"repeat","background-position":"center center","background-size":"auto","background-attachment":"scroll","background-type":"","background-media":"","overlay-type":"","overlay-color":"","overlay-opacity":"","overlay-gradient":""},"tablet":{"background-color":"","background-image":"","background-repeat":"repeat","background-position":"center center","background-size":"auto","background-attachment":"scroll","background-type":"","background-media":"","overlay-type":"","overlay-color":"","overlay-opacity":"","overlay-gradient":""},"mobile":{"background-color":"","background-image":"","background-repeat":"repeat","background-position":"center center","background-size":"auto","background-attachment":"scroll","background-type":"","background-media":"","overlay-type":"","overlay-color":"","overlay-opacity":"","overlay-gradient":""}},"ast-content-background-meta":{"desktop":{"background-color":"var(--ast-global-color-5)","background-image":"","background-repeat":"repeat","background-position":"center center","background-size":"auto","background-attachment":"scroll","background-type":"","background-media":"","overlay-type":"","overlay-color":"","overlay-opacity":"","overlay-gradient":""},"tablet":{"background-color":"var(--ast-global-color-5)","background-image":"","background-repeat":"repeat","background-position":"center center","background-size":"auto","background-attachment":"scroll","background-type":"","background-media":"","overlay-type":"","overlay-color":"","overlay-opacity":"","overlay-gradient":""},"mobile":{"background-color":"var(--ast-global-color-5)","background-image":"","background-repeat":"repeat","background-position":"center center","background-size":"auto","background-attachment":"scroll","background-type":"","background-media":"","overlay-type":"","overlay-color":"","overlay-opacity":"","overlay-gradient":""}}},"product_brand":[],"product_cat":[16,43,27,22,18,28],"product_tag":[],"class_list":{"0":"post-872","1":"product","2":"type-product","3":"status-publish","4":"has-post-thumbnail","6":"product_cat-koik-tooted","7":"product_cat-komplektid","8":"product_cat-lauad","9":"product_cat-sooduspakkumised","10":"product_cat-soogituba","11":"product_cat-toolid","12":"product_shipping_class-up-to-30kg","13":"desktop-align-left","14":"tablet-align-left","15":"mobile-align-left","17":"first","18":"instock","19":"sale","20":"shipping-taxable","21":"purchasable","22":"product-type-simple"},"yoast_head":"<!-- This site is optimized with the Yoast SEO plugin v27.2 - https:\/\/yoast.com\/product\/yoast-seo-wordpress\/ -->\n<title>S\u00f6\u00f6gitoakomplekt Monaco naturaalne - Grafio.ee<\/title>\n<meta name=\"robots\" content=\"index, follow, max-snippet:-1, max-image-preview:large, max-video-preview:-1\" \/>\n<link rel=\"canonical\" href=\"https:\/\/grafio.ee\/en\/product\/soogitoa-komplekt-monaco-naturaalne\/\" \/>\n<meta property=\"og:locale\" content=\"en_GB\" \/>\n<meta property=\"og:type\" content=\"article\" \/>\n<meta property=\"og:title\" content=\"S\u00f6\u00f6gitoakomplekt Monaco naturaalne - Grafio.ee\" \/>\n<meta property=\"og:description\" content=\"*S\u00f6\u00f6gilaud Monaco t\u00e4ispuidust,kummipuu  *V\u00e4rvus naturaalne  *Laual on kaks alla keeratavat klappi, laiusega 23cm  *Tooli t\u00e4ispuidust, v\u00e4rvus naturaalne  *Komplekti kuulub 4 Monaco tooli ja s\u00f6\u00f6gilaud Monaco  Laua m\u00f5\u00f5t:dm.106cm*K.75cm  2lisaplaati all:L.60*S.106*K.75cm  1lisaplaat all:L83*S.106*K.75cm  Tooli m\u00f5\u00f5t:L.45*S.45*H.90\/43cm  Laua pakendi m\u00f5\u00f5t:L.108*S.109*K.10cm, kaal:23kg  Tooli pakendi m\u00f5\u00f5t:L.47*S.96*K.18;12,5kg  3pakki\" \/>\n<meta property=\"og:url\" content=\"https:\/\/grafio.ee\/en\/product\/soogitoa-komplekt-monaco-naturaalne\/\" \/>\n<meta property=\"og:site_name\" content=\"Grafio.ee\" \/>\n<meta property=\"article:modified_time\" content=\"2025-09-16T06:13:10+00:00\" \/>\n<meta property=\"og:image\" content=\"https:\/\/grafio.ee\/wp-content\/uploads\/2024\/06\/Monacokomplekt.jpg\" \/>\n\t<meta property=\"og:image:width\" content=\"2200\" \/>\n\t<meta property=\"og:image:height\" content=\"1650\" \/>\n\t<meta property=\"og:image:type\" content=\"image\/jpeg\" \/>\n<meta name=\"twitter:card\" content=\"summary_large_image\" \/>\n<meta name=\"twitter:label1\" content=\"Estimated reading time\" \/>\n\t<meta name=\"twitter:data1\" content=\"1 minute\" \/>\n<script type=\"application\/ld+json\" class=\"yoast-schema-graph\">{\"@context\":\"https:\/\/schema.org\",\"@graph\":[{\"@type\":\"WebPage\",\"@id\":\"https:\/\/grafio.ee\/en\/product\/soogitoa-komplekt-monaco-naturaalne\/\",\"url\":\"https:\/\/grafio.ee\/en\/product\/soogitoa-komplekt-monaco-naturaalne\/\",\"name\":\"S\u00f6\u00f6gitoakomplekt Monaco naturaalne - Grafio.ee\",\"isPartOf\":{\"@id\":\"https:\/\/grafio.ee\/#website\"},\"primaryImageOfPage\":{\"@id\":\"https:\/\/grafio.ee\/en\/product\/soogitoa-komplekt-monaco-naturaalne\/#primaryimage\"},\"image\":{\"@id\":\"https:\/\/grafio.ee\/en\/product\/soogitoa-komplekt-monaco-naturaalne\/#primaryimage\"},\"thumbnailUrl\":\"https:\/\/grafio.ee\/wp-content\/uploads\/2024\/06\/Monacokomplekt.jpg\",\"datePublished\":\"2024-06-04T10:43:36+00:00\",\"dateModified\":\"2025-09-16T06:13:10+00:00\",\"breadcrumb\":{\"@id\":\"https:\/\/grafio.ee\/en\/product\/soogitoa-komplekt-monaco-naturaalne\/#breadcrumb\"},\"inLanguage\":\"en-GB\",\"potentialAction\":[{\"@type\":\"ReadAction\",\"target\":[\"https:\/\/grafio.ee\/en\/product\/soogitoa-komplekt-monaco-naturaalne\/\"]}]},{\"@type\":\"ImageObject\",\"inLanguage\":\"en-GB\",\"@id\":\"https:\/\/grafio.ee\/en\/product\/soogitoa-komplekt-monaco-naturaalne\/#primaryimage\",\"url\":\"https:\/\/grafio.ee\/wp-content\/uploads\/2024\/06\/Monacokomplekt.jpg\",\"contentUrl\":\"https:\/\/grafio.ee\/wp-content\/uploads\/2024\/06\/Monacokomplekt.jpg\",\"width\":2200,\"height\":1650},{\"@type\":\"BreadcrumbList\",\"@id\":\"https:\/\/grafio.ee\/en\/product\/soogitoa-komplekt-monaco-naturaalne\/#breadcrumb\",\"itemListElement\":[{\"@type\":\"ListItem\",\"position\":1,\"name\":\"Home\",\"item\":\"https:\/\/grafio.ee\/\"},{\"@type\":\"ListItem\",\"position\":2,\"name\":\"K\u00f5ik tooted\",\"item\":\"https:\/\/grafio.ee\/shop\/\"},{\"@type\":\"ListItem\",\"position\":3,\"name\":\"S\u00f6\u00f6gitoakomplekt Monaco naturaalne\"}]},{\"@type\":\"WebSite\",\"@id\":\"https:\/\/grafio.ee\/#website\",\"url\":\"https:\/\/grafio.ee\/\",\"name\":\"Grafio.ee\",\"description\":\"sisustus\",\"publisher\":{\"@id\":\"https:\/\/grafio.ee\/#organization\"},\"potentialAction\":[{\"@type\":\"SearchAction\",\"target\":{\"@type\":\"EntryPoint\",\"urlTemplate\":\"https:\/\/grafio.ee\/?s={search_term_string}\"},\"query-input\":{\"@type\":\"PropertyValueSpecification\",\"valueRequired\":true,\"valueName\":\"search_term_string\"}}],\"inLanguage\":\"en-GB\"},{\"@type\":\"Organization\",\"@id\":\"https:\/\/grafio.ee\/#organization\",\"name\":\"Grafio.ee\",\"url\":\"https:\/\/grafio.ee\/\",\"logo\":{\"@type\":\"ImageObject\",\"inLanguage\":\"en-GB\",\"@id\":\"https:\/\/grafio.ee\/#\/schema\/logo\/image\/\",\"url\":\"https:\/\/grafio.ee\/wp-content\/uploads\/2024\/06\/grafio-logo-black-01b-01.svg\",\"contentUrl\":\"https:\/\/grafio.ee\/wp-content\/uploads\/2024\/06\/grafio-logo-black-01b-01.svg\",\"width\":1000,\"height\":413,\"caption\":\"Grafio.ee\"},\"image\":{\"@id\":\"https:\/\/grafio.ee\/#\/schema\/logo\/image\/\"}}]}<\/script>\n<!-- \/ Yoast SEO plugin. -->","yoast_head_json":{"title":"S\u00f6\u00f6gitoakomplekt Monaco naturaalne - Grafio.ee","robots":{"index":"index","follow":"follow","max-snippet":"max-snippet:-1","max-image-preview":"max-image-preview:large","max-video-preview":"max-video-preview:-1"},"canonical":"https:\/\/grafio.ee\/en\/product\/soogitoa-komplekt-monaco-naturaalne\/","og_locale":"en_GB","og_type":"article","og_title":"S\u00f6\u00f6gitoakomplekt Monaco naturaalne - Grafio.ee","og_description":"*S\u00f6\u00f6gilaud Monaco t\u00e4ispuidust,kummipuu  *V\u00e4rvus naturaalne  *Laual on kaks alla keeratavat klappi, laiusega 23cm  *Tooli t\u00e4ispuidust, v\u00e4rvus naturaalne  *Komplekti kuulub 4 Monaco tooli ja s\u00f6\u00f6gilaud Monaco  Laua m\u00f5\u00f5t:dm.106cm*K.75cm  2lisaplaati all:L.60*S.106*K.75cm  1lisaplaat all:L83*S.106*K.75cm  Tooli m\u00f5\u00f5t:L.45*S.45*H.90\/43cm  Laua pakendi m\u00f5\u00f5t:L.108*S.109*K.10cm, kaal:23kg  Tooli pakendi m\u00f5\u00f5t:L.47*S.96*K.18;12,5kg  3pakki","og_url":"https:\/\/grafio.ee\/en\/product\/soogitoa-komplekt-monaco-naturaalne\/","og_site_name":"Grafio.ee","article_modified_time":"2025-09-16T06:13:10+00:00","og_image":[{"width":2200,"height":1650,"url":"https:\/\/grafio.ee\/wp-content\/uploads\/2024\/06\/Monacokomplekt.jpg","type":"image\/jpeg"}],"twitter_card":"summary_large_image","twitter_misc":{"Estimated reading time":"1 minute"},"schema":{"@context":"https:\/\/schema.org","@graph":[{"@type":"WebPage","@id":"https:\/\/grafio.ee\/en\/product\/soogitoa-komplekt-monaco-naturaalne\/","url":"https:\/\/grafio.ee\/en\/product\/soogitoa-komplekt-monaco-naturaalne\/","name":"S\u00f6\u00f6gitoakomplekt Monaco naturaalne - Grafio.ee","isPartOf":{"@id":"https:\/\/grafio.ee\/#website"},"primaryImageOfPage":{"@id":"https:\/\/grafio.ee\/en\/product\/soogitoa-komplekt-monaco-naturaalne\/#primaryimage"},"image":{"@id":"https:\/\/grafio.ee\/en\/product\/soogitoa-komplekt-monaco-naturaalne\/#primaryimage"},"thumbnailUrl":"https:\/\/grafio.ee\/wp-content\/uploads\/2024\/06\/Monacokomplekt.jpg","datePublished":"2024-06-04T10:43:36+00:00","dateModified":"2025-09-16T06:13:10+00:00","breadcrumb":{"@id":"https:\/\/grafio.ee\/en\/product\/soogitoa-komplekt-monaco-naturaalne\/#breadcrumb"},"inLanguage":"en-GB","potentialAction":[{"@type":"ReadAction","target":["https:\/\/grafio.ee\/en\/product\/soogitoa-komplekt-monaco-naturaalne\/"]}]},{"@type":"ImageObject","inLanguage":"en-GB","@id":"https:\/\/grafio.ee\/en\/product\/soogitoa-komplekt-monaco-naturaalne\/#primaryimage","url":"https:\/\/grafio.ee\/wp-content\/uploads\/2024\/06\/Monacokomplekt.jpg","contentUrl":"https:\/\/grafio.ee\/wp-content\/uploads\/2024\/06\/Monacokomplekt.jpg","width":2200,"height":1650},{"@type":"BreadcrumbList","@id":"https:\/\/grafio.ee\/en\/product\/soogitoa-komplekt-monaco-naturaalne\/#breadcrumb","itemListElement":[{"@type":"ListItem","position":1,"name":"Home","item":"https:\/\/grafio.ee\/"},{"@type":"ListItem","position":2,"name":"K\u00f5ik tooted","item":"https:\/\/grafio.ee\/shop\/"},{"@type":"ListItem","position":3,"name":"S\u00f6\u00f6gitoakomplekt Monaco naturaalne"}]},{"@type":"WebSite","@id":"https:\/\/grafio.ee\/#website","url":"https:\/\/grafio.ee\/","name":"Grafio.ee","description":"sisustus","publisher":{"@id":"https:\/\/grafio.ee\/#organization"},"potentialAction":[{"@type":"SearchAction","target":{"@type":"EntryPoint","urlTemplate":"https:\/\/grafio.ee\/?s={search_term_string}"},"query-input":{"@type":"PropertyValueSpecification","valueRequired":true,"valueName":"search_term_string"}}],"inLanguage":"en-GB"},{"@type":"Organization","@id":"https:\/\/grafio.ee\/#organization","name":"Grafio.ee","url":"https:\/\/grafio.ee\/","logo":{"@type":"ImageObject","inLanguage":"en-GB","@id":"https:\/\/grafio.ee\/#\/schema\/logo\/image\/","url":"https:\/\/grafio.ee\/wp-content\/uploads\/2024\/06\/grafio-logo-black-01b-01.svg","contentUrl":"https:\/\/grafio.ee\/wp-content\/uploads\/2024\/06\/grafio-logo-black-01b-01.svg","width":1000,"height":413,"caption":"Grafio.ee"},"image":{"@id":"https:\/\/grafio.ee\/#\/schema\/logo\/image\/"}}]}},"_links":{"self":[{"href":"https:\/\/grafio.ee\/en\/wp-json\/wp\/v2\/product\/872","targetHints":{"allow":["GET"]}}],"collection":[{"href":"https:\/\/grafio.ee\/en\/wp-json\/wp\/v2\/product"}],"about":[{"href":"https:\/\/grafio.ee\/en\/wp-json\/wp\/v2\/types\/product"}],"wp:featuredmedia":[{"embeddable":true,"href":"https:\/\/grafio.ee\/en\/wp-json\/wp\/v2\/media\/822"}],"wp:attachment":[{"href":"https:\/\/grafio.ee\/en\/wp-json\/wp\/v2\/media?parent=872"}],"wp:term":[{"taxonomy":"product_brand","embeddable":true,"href":"https:\/\/grafio.ee\/en\/wp-json\/wp\/v2\/product_brand?post=872"},{"taxonomy":"product_cat","embeddable":true,"href":"https:\/\/grafio.ee\/en\/wp-json\/wp\/v2\/product_cat?post=872"},{"taxonomy":"product_tag","embeddable":true,"href":"https:\/\/grafio.ee\/en\/wp-json\/wp\/v2\/product_tag?post=872"}],"curies":[{"name":"wp","href":"https:\/\/api.w.org\/{rel}","templated":true}]}}