{"id":878,"date":"2024-06-04T12:06:29","date_gmt":"2024-06-04T12:06:29","guid":{"rendered":"https:\/\/grafio.ee\/?post_type=product&#038;p=878"},"modified":"2025-09-16T09:11:13","modified_gmt":"2025-09-16T06:11:13","slug":"peegel-morano","status":"publish","type":"product","link":"https:\/\/grafio.ee\/en\/product\/peegel-morano\/","title":{"rendered":"Mirror Morano"},"content":{"rendered":"","protected":false},"excerpt":{"rendered":"<p>*Frame MDF, color white, varnished<\/p>\n<p>*Mirror have  black plastic wheels<\/p>\n<p>&nbsp;<\/p>\n<p>Item size:L.35*D.35*H.167cm<\/p>\n<p>&nbsp;<\/p>","protected":false},"featured_media":879,"template":"","meta":{"site-sidebar-layout":"default","site-content-layout":"","ast-site-content-layout":"default","site-content-style":"default","site-sidebar-style":"default","ast-global-header-display":"","ast-banner-title-visibility":"","ast-main-header-display":"","ast-hfb-above-header-display":"","ast-hfb-below-header-display":"","ast-hfb-mobile-header-display":"","site-post-title":"","ast-breadcrumbs-content":"","ast-featured-img":"","footer-sml-layout":"","ast-disable-related-posts":"","theme-transparent-header-meta":"default","adv-header-id-meta":"","stick-header-meta":"","header-above-stick-meta":"","header-main-stick-meta":"","header-below-stick-meta":"","astra-migrate-meta-layouts":"set","ast-page-background-enabled":"default","ast-page-background-meta":{"desktop":{"background-color":"var(--ast-global-color-4)","background-image":"","background-repeat":"repeat","background-position":"center center","background-size":"auto","background-attachment":"scroll","background-type":"","background-media":"","overlay-type":"","overlay-color":"","overlay-opacity":"","overlay-gradient":""},"tablet":{"background-color":"","background-image":"","background-repeat":"repeat","background-position":"center center","background-size":"auto","background-attachment":"scroll","background-type":"","background-media":"","overlay-type":"","overlay-color":"","overlay-opacity":"","overlay-gradient":""},"mobile":{"background-color":"","background-image":"","background-repeat":"repeat","background-position":"center center","background-size":"auto","background-attachment":"scroll","background-type":"","background-media":"","overlay-type":"","overlay-color":"","overlay-opacity":"","overlay-gradient":""}},"ast-content-background-meta":{"desktop":{"background-color":"var(--ast-global-color-5)","background-image":"","background-repeat":"repeat","background-position":"center center","background-size":"auto","background-attachment":"scroll","background-type":"","background-media":"","overlay-type":"","overlay-color":"","overlay-opacity":"","overlay-gradient":""},"tablet":{"background-color":"var(--ast-global-color-5)","background-image":"","background-repeat":"repeat","background-position":"center center","background-size":"auto","background-attachment":"scroll","background-type":"","background-media":"","overlay-type":"","overlay-color":"","overlay-opacity":"","overlay-gradient":""},"mobile":{"background-color":"var(--ast-global-color-5)","background-image":"","background-repeat":"repeat","background-position":"center center","background-size":"auto","background-attachment":"scroll","background-type":"","background-media":"","overlay-type":"","overlay-color":"","overlay-opacity":"","overlay-gradient":""}}},"product_brand":[],"product_cat":[34,16,44],"product_tag":[],"class_list":{"0":"post-878","1":"product","2":"type-product","3":"status-publish","4":"has-post-thumbnail","6":"product_cat-esik","7":"product_cat-koik-tooted","8":"product_cat-varia","9":"product_shipping_class-up-to-10kg","10":"desktop-align-left","11":"tablet-align-left","12":"mobile-align-left","14":"first","15":"instock","16":"sale","17":"shipping-taxable","18":"purchasable","19":"product-type-simple"},"yoast_head":"<!-- This site is optimized with the Yoast SEO plugin v27.2 - https:\/\/yoast.com\/product\/yoast-seo-wordpress\/ -->\n<title>Peegel Morano - Grafio.ee<\/title>\n<meta name=\"robots\" content=\"index, follow, max-snippet:-1, max-image-preview:large, max-video-preview:-1\" \/>\n<link rel=\"canonical\" href=\"https:\/\/grafio.ee\/en\/product\/peegel-morano\/\" \/>\n<meta property=\"og:locale\" content=\"en_GB\" \/>\n<meta property=\"og:type\" content=\"article\" \/>\n<meta property=\"og:title\" content=\"Peegel Morano - Grafio.ee\" \/>\n<meta property=\"og:description\" content=\"*Peegliraam MDF plaat, v\u00e4rvitud valgeks, lakitud  *Peegel on kergesti liigutatav plastikust rataste abil  &nbsp;  Toote m\u00f5\u00f5t:L.35*S.35*K.167cm  &nbsp;\" \/>\n<meta property=\"og:url\" content=\"https:\/\/grafio.ee\/en\/product\/peegel-morano\/\" \/>\n<meta property=\"og:site_name\" content=\"Grafio.ee\" \/>\n<meta property=\"article:modified_time\" content=\"2025-09-16T06:11:13+00:00\" \/>\n<meta property=\"og:image\" content=\"https:\/\/www.grafio.ee\/wp-content\/uploads\/2024\/06\/Moranovalge.jpg\" \/>\n\t<meta property=\"og:image:width\" content=\"667\" \/>\n\t<meta property=\"og:image:height\" content=\"1000\" \/>\n\t<meta property=\"og:image:type\" content=\"image\/jpeg\" \/>\n<meta name=\"twitter:card\" content=\"summary_large_image\" \/>\n<meta name=\"twitter:label1\" content=\"Estimated reading time\" \/>\n\t<meta name=\"twitter:data1\" content=\"1 minute\" \/>\n<script type=\"application\/ld+json\" class=\"yoast-schema-graph\">{\"@context\":\"https:\/\/schema.org\",\"@graph\":[{\"@type\":\"WebPage\",\"@id\":\"https:\/\/grafio.ee\/toode\/peegel-morano\/\",\"url\":\"https:\/\/grafio.ee\/toode\/peegel-morano\/\",\"name\":\"Peegel Morano - Grafio.ee\",\"isPartOf\":{\"@id\":\"https:\/\/grafio.ee\/#website\"},\"primaryImageOfPage\":{\"@id\":\"https:\/\/grafio.ee\/toode\/peegel-morano\/#primaryimage\"},\"image\":{\"@id\":\"https:\/\/grafio.ee\/toode\/peegel-morano\/#primaryimage\"},\"thumbnailUrl\":\"https:\/\/grafio.ee\/wp-content\/uploads\/2024\/06\/Moranovalge.jpg\",\"datePublished\":\"2024-06-04T12:06:29+00:00\",\"dateModified\":\"2025-09-16T06:11:13+00:00\",\"breadcrumb\":{\"@id\":\"https:\/\/grafio.ee\/toode\/peegel-morano\/#breadcrumb\"},\"inLanguage\":\"en-GB\",\"potentialAction\":[{\"@type\":\"ReadAction\",\"target\":[\"https:\/\/grafio.ee\/toode\/peegel-morano\/\"]}]},{\"@type\":\"ImageObject\",\"inLanguage\":\"en-GB\",\"@id\":\"https:\/\/grafio.ee\/toode\/peegel-morano\/#primaryimage\",\"url\":\"https:\/\/grafio.ee\/wp-content\/uploads\/2024\/06\/Moranovalge.jpg\",\"contentUrl\":\"https:\/\/grafio.ee\/wp-content\/uploads\/2024\/06\/Moranovalge.jpg\",\"width\":667,\"height\":1000},{\"@type\":\"BreadcrumbList\",\"@id\":\"https:\/\/grafio.ee\/toode\/peegel-morano\/#breadcrumb\",\"itemListElement\":[{\"@type\":\"ListItem\",\"position\":1,\"name\":\"Home\",\"item\":\"https:\/\/grafio.ee\/\"},{\"@type\":\"ListItem\",\"position\":2,\"name\":\"K\u00f5ik tooted\",\"item\":\"https:\/\/grafio.ee\/shop\/\"},{\"@type\":\"ListItem\",\"position\":3,\"name\":\"Peegel Morano\"}]},{\"@type\":\"WebSite\",\"@id\":\"https:\/\/grafio.ee\/#website\",\"url\":\"https:\/\/grafio.ee\/\",\"name\":\"Grafio.ee\",\"description\":\"sisustus\",\"publisher\":{\"@id\":\"https:\/\/grafio.ee\/#organization\"},\"potentialAction\":[{\"@type\":\"SearchAction\",\"target\":{\"@type\":\"EntryPoint\",\"urlTemplate\":\"https:\/\/grafio.ee\/?s={search_term_string}\"},\"query-input\":{\"@type\":\"PropertyValueSpecification\",\"valueRequired\":true,\"valueName\":\"search_term_string\"}}],\"inLanguage\":\"en-GB\"},{\"@type\":\"Organization\",\"@id\":\"https:\/\/grafio.ee\/#organization\",\"name\":\"Grafio.ee\",\"url\":\"https:\/\/grafio.ee\/\",\"logo\":{\"@type\":\"ImageObject\",\"inLanguage\":\"en-GB\",\"@id\":\"https:\/\/grafio.ee\/#\/schema\/logo\/image\/\",\"url\":\"https:\/\/grafio.ee\/wp-content\/uploads\/2024\/06\/grafio-logo-black-01b-01.svg\",\"contentUrl\":\"https:\/\/grafio.ee\/wp-content\/uploads\/2024\/06\/grafio-logo-black-01b-01.svg\",\"width\":1000,\"height\":413,\"caption\":\"Grafio.ee\"},\"image\":{\"@id\":\"https:\/\/grafio.ee\/#\/schema\/logo\/image\/\"}}]}<\/script>\n<!-- \/ Yoast SEO plugin. -->","yoast_head_json":{"title":"Peegel Morano - Grafio.ee","robots":{"index":"index","follow":"follow","max-snippet":"max-snippet:-1","max-image-preview":"max-image-preview:large","max-video-preview":"max-video-preview:-1"},"canonical":"https:\/\/grafio.ee\/en\/product\/peegel-morano\/","og_locale":"en_GB","og_type":"article","og_title":"Peegel Morano - Grafio.ee","og_description":"*Peegliraam MDF plaat, v\u00e4rvitud valgeks, lakitud  *Peegel on kergesti liigutatav plastikust rataste abil  &nbsp;  Toote m\u00f5\u00f5t:L.35*S.35*K.167cm  &nbsp;","og_url":"https:\/\/grafio.ee\/en\/product\/peegel-morano\/","og_site_name":"Grafio.ee","article_modified_time":"2025-09-16T06:11:13+00:00","og_image":[{"width":667,"height":1000,"url":"https:\/\/www.grafio.ee\/wp-content\/uploads\/2024\/06\/Moranovalge.jpg","type":"image\/jpeg"}],"twitter_card":"summary_large_image","twitter_misc":{"Estimated reading time":"1 minute"},"schema":{"@context":"https:\/\/schema.org","@graph":[{"@type":"WebPage","@id":"https:\/\/grafio.ee\/toode\/peegel-morano\/","url":"https:\/\/grafio.ee\/toode\/peegel-morano\/","name":"Peegel Morano - Grafio.ee","isPartOf":{"@id":"https:\/\/grafio.ee\/#website"},"primaryImageOfPage":{"@id":"https:\/\/grafio.ee\/toode\/peegel-morano\/#primaryimage"},"image":{"@id":"https:\/\/grafio.ee\/toode\/peegel-morano\/#primaryimage"},"thumbnailUrl":"https:\/\/grafio.ee\/wp-content\/uploads\/2024\/06\/Moranovalge.jpg","datePublished":"2024-06-04T12:06:29+00:00","dateModified":"2025-09-16T06:11:13+00:00","breadcrumb":{"@id":"https:\/\/grafio.ee\/toode\/peegel-morano\/#breadcrumb"},"inLanguage":"en-GB","potentialAction":[{"@type":"ReadAction","target":["https:\/\/grafio.ee\/toode\/peegel-morano\/"]}]},{"@type":"ImageObject","inLanguage":"en-GB","@id":"https:\/\/grafio.ee\/toode\/peegel-morano\/#primaryimage","url":"https:\/\/grafio.ee\/wp-content\/uploads\/2024\/06\/Moranovalge.jpg","contentUrl":"https:\/\/grafio.ee\/wp-content\/uploads\/2024\/06\/Moranovalge.jpg","width":667,"height":1000},{"@type":"BreadcrumbList","@id":"https:\/\/grafio.ee\/toode\/peegel-morano\/#breadcrumb","itemListElement":[{"@type":"ListItem","position":1,"name":"Home","item":"https:\/\/grafio.ee\/"},{"@type":"ListItem","position":2,"name":"K\u00f5ik tooted","item":"https:\/\/grafio.ee\/shop\/"},{"@type":"ListItem","position":3,"name":"Peegel Morano"}]},{"@type":"WebSite","@id":"https:\/\/grafio.ee\/#website","url":"https:\/\/grafio.ee\/","name":"Grafio.ee","description":"sisustus","publisher":{"@id":"https:\/\/grafio.ee\/#organization"},"potentialAction":[{"@type":"SearchAction","target":{"@type":"EntryPoint","urlTemplate":"https:\/\/grafio.ee\/?s={search_term_string}"},"query-input":{"@type":"PropertyValueSpecification","valueRequired":true,"valueName":"search_term_string"}}],"inLanguage":"en-GB"},{"@type":"Organization","@id":"https:\/\/grafio.ee\/#organization","name":"Grafio.ee","url":"https:\/\/grafio.ee\/","logo":{"@type":"ImageObject","inLanguage":"en-GB","@id":"https:\/\/grafio.ee\/#\/schema\/logo\/image\/","url":"https:\/\/grafio.ee\/wp-content\/uploads\/2024\/06\/grafio-logo-black-01b-01.svg","contentUrl":"https:\/\/grafio.ee\/wp-content\/uploads\/2024\/06\/grafio-logo-black-01b-01.svg","width":1000,"height":413,"caption":"Grafio.ee"},"image":{"@id":"https:\/\/grafio.ee\/#\/schema\/logo\/image\/"}}]}},"_links":{"self":[{"href":"https:\/\/grafio.ee\/en\/wp-json\/wp\/v2\/product\/878","targetHints":{"allow":["GET"]}}],"collection":[{"href":"https:\/\/grafio.ee\/en\/wp-json\/wp\/v2\/product"}],"about":[{"href":"https:\/\/grafio.ee\/en\/wp-json\/wp\/v2\/types\/product"}],"wp:featuredmedia":[{"embeddable":true,"href":"https:\/\/grafio.ee\/en\/wp-json\/wp\/v2\/media\/879"}],"wp:attachment":[{"href":"https:\/\/grafio.ee\/en\/wp-json\/wp\/v2\/media?parent=878"}],"wp:term":[{"taxonomy":"product_brand","embeddable":true,"href":"https:\/\/grafio.ee\/en\/wp-json\/wp\/v2\/product_brand?post=878"},{"taxonomy":"product_cat","embeddable":true,"href":"https:\/\/grafio.ee\/en\/wp-json\/wp\/v2\/product_cat?post=878"},{"taxonomy":"product_tag","embeddable":true,"href":"https:\/\/grafio.ee\/en\/wp-json\/wp\/v2\/product_tag?post=878"}],"curies":[{"name":"wp","href":"https:\/\/api.w.org\/{rel}","templated":true}]}}