{"id":899,"date":"2024-06-11T10:16:49","date_gmt":"2024-06-11T10:16:49","guid":{"rendered":"https:\/\/grafio.ee\/?post_type=product&#038;p=899"},"modified":"2025-09-16T09:00:14","modified_gmt":"2025-09-16T06:00:14","slug":"tool-lusia-hele-wenge","status":"publish","type":"product","link":"https:\/\/grafio.ee\/en\/product\/tool-lusia-hele-wenge\/","title":{"rendered":"Tool Lusia valge p\u00f6\u00f6k"},"content":{"rendered":"","protected":false},"excerpt":{"rendered":"<p>*Tooli karkass t\u00e4ispsuit, valge p\u00f6\u00f6k<\/p>\n<p>*iste ja seljatugi poroloon, kaetud hele halli kangaga<\/p>\n<p>*m\u00fc\u00fcgil 2tk pakis, kuvatud hind 1t\u00fcki kohta<\/p>\n<p>*tellimisel lisada kogus 2tk<\/p>","protected":false},"featured_media":884,"template":"","meta":{"site-sidebar-layout":"default","site-content-layout":"","ast-site-content-layout":"default","site-content-style":"default","site-sidebar-style":"default","ast-global-header-display":"","ast-banner-title-visibility":"","ast-main-header-display":"","ast-hfb-above-header-display":"","ast-hfb-below-header-display":"","ast-hfb-mobile-header-display":"","site-post-title":"","ast-breadcrumbs-content":"","ast-featured-img":"","footer-sml-layout":"","ast-disable-related-posts":"","theme-transparent-header-meta":"default","adv-header-id-meta":"","stick-header-meta":"","header-above-stick-meta":"","header-main-stick-meta":"","header-below-stick-meta":"","astra-migrate-meta-layouts":"set","ast-page-background-enabled":"default","ast-page-background-meta":{"desktop":{"background-color":"var(--ast-global-color-4)","background-image":"","background-repeat":"repeat","background-position":"center center","background-size":"auto","background-attachment":"scroll","background-type":"","background-media":"","overlay-type":"","overlay-color":"","overlay-opacity":"","overlay-gradient":""},"tablet":{"background-color":"","background-image":"","background-repeat":"repeat","background-position":"center center","background-size":"auto","background-attachment":"scroll","background-type":"","background-media":"","overlay-type":"","overlay-color":"","overlay-opacity":"","overlay-gradient":""},"mobile":{"background-color":"","background-image":"","background-repeat":"repeat","background-position":"center center","background-size":"auto","background-attachment":"scroll","background-type":"","background-media":"","overlay-type":"","overlay-color":"","overlay-opacity":"","overlay-gradient":""}},"ast-content-background-meta":{"desktop":{"background-color":"var(--ast-global-color-5)","background-image":"","background-repeat":"repeat","background-position":"center center","background-size":"auto","background-attachment":"scroll","background-type":"","background-media":"","overlay-type":"","overlay-color":"","overlay-opacity":"","overlay-gradient":""},"tablet":{"background-color":"var(--ast-global-color-5)","background-image":"","background-repeat":"repeat","background-position":"center center","background-size":"auto","background-attachment":"scroll","background-type":"","background-media":"","overlay-type":"","overlay-color":"","overlay-opacity":"","overlay-gradient":""},"mobile":{"background-color":"var(--ast-global-color-5)","background-image":"","background-repeat":"repeat","background-position":"center center","background-size":"auto","background-attachment":"scroll","background-type":"","background-media":"","overlay-type":"","overlay-color":"","overlay-opacity":"","overlay-gradient":""}}},"product_brand":[],"product_cat":[16,18,28],"product_tag":[],"class_list":{"0":"post-899","1":"product","2":"type-product","3":"status-publish","4":"has-post-thumbnail","6":"product_cat-koik-tooted","7":"product_cat-soogituba","8":"product_cat-toolid","9":"product_shipping_class-up-to-10kg","10":"desktop-align-left","11":"tablet-align-left","12":"mobile-align-left","14":"first","15":"instock","16":"shipping-taxable","17":"purchasable","18":"product-type-simple"},"yoast_head":"<!-- This site is optimized with the Yoast SEO plugin v27.2 - https:\/\/yoast.com\/product\/yoast-seo-wordpress\/ -->\n<title>Tool Lusia valge p\u00f6\u00f6k - Grafio.ee<\/title>\n<meta name=\"robots\" content=\"index, follow, max-snippet:-1, max-image-preview:large, max-video-preview:-1\" \/>\n<link rel=\"canonical\" href=\"https:\/\/grafio.ee\/en\/product\/tool-lusia-hele-wenge\/\" \/>\n<meta property=\"og:locale\" content=\"en_GB\" \/>\n<meta property=\"og:type\" content=\"article\" \/>\n<meta property=\"og:title\" content=\"Tool Lusia valge p\u00f6\u00f6k - Grafio.ee\" \/>\n<meta property=\"og:description\" content=\"*Tooli karkass t\u00e4ispsuit, valge p\u00f6\u00f6k  *iste ja seljatugi poroloon, kaetud hele halli kangaga  *m\u00fc\u00fcgil 2tk pakis, kuvatud hind 1t\u00fcki kohta  *tellimisel lisada kogus 2tk\" \/>\n<meta property=\"og:url\" content=\"https:\/\/grafio.ee\/en\/product\/tool-lusia-hele-wenge\/\" \/>\n<meta property=\"og:site_name\" content=\"Grafio.ee\" \/>\n<meta property=\"article:modified_time\" content=\"2025-09-16T06:00:14+00:00\" \/>\n<meta property=\"og:image\" content=\"https:\/\/grafio.ee\/wp-content\/uploads\/2024\/06\/Lusia-scaled.jpg\" \/>\n\t<meta property=\"og:image:width\" content=\"1695\" \/>\n\t<meta property=\"og:image:height\" content=\"2560\" \/>\n\t<meta property=\"og:image:type\" content=\"image\/jpeg\" \/>\n<meta name=\"twitter:card\" content=\"summary_large_image\" \/>\n<meta name=\"twitter:label1\" content=\"Estimated reading time\" \/>\n\t<meta name=\"twitter:data1\" content=\"1 minute\" \/>\n<script type=\"application\/ld+json\" class=\"yoast-schema-graph\">{\"@context\":\"https:\/\/schema.org\",\"@graph\":[{\"@type\":\"WebPage\",\"@id\":\"https:\/\/grafio.ee\/toode\/tool-lusia-hele-wenge\/\",\"url\":\"https:\/\/grafio.ee\/toode\/tool-lusia-hele-wenge\/\",\"name\":\"Tool Lusia valge p\u00f6\u00f6k - Grafio.ee\",\"isPartOf\":{\"@id\":\"https:\/\/www.grafio.ee\/#website\"},\"primaryImageOfPage\":{\"@id\":\"https:\/\/grafio.ee\/toode\/tool-lusia-hele-wenge\/#primaryimage\"},\"image\":{\"@id\":\"https:\/\/grafio.ee\/toode\/tool-lusia-hele-wenge\/#primaryimage\"},\"thumbnailUrl\":\"https:\/\/grafio.ee\/wp-content\/uploads\/2024\/06\/Lusia-scaled.jpg\",\"datePublished\":\"2024-06-11T10:16:49+00:00\",\"dateModified\":\"2025-09-16T06:00:14+00:00\",\"breadcrumb\":{\"@id\":\"https:\/\/grafio.ee\/toode\/tool-lusia-hele-wenge\/#breadcrumb\"},\"inLanguage\":\"en-GB\",\"potentialAction\":[{\"@type\":\"ReadAction\",\"target\":[\"https:\/\/grafio.ee\/toode\/tool-lusia-hele-wenge\/\"]}]},{\"@type\":\"ImageObject\",\"inLanguage\":\"en-GB\",\"@id\":\"https:\/\/grafio.ee\/toode\/tool-lusia-hele-wenge\/#primaryimage\",\"url\":\"https:\/\/grafio.ee\/wp-content\/uploads\/2024\/06\/Lusia-scaled.jpg\",\"contentUrl\":\"https:\/\/grafio.ee\/wp-content\/uploads\/2024\/06\/Lusia-scaled.jpg\",\"width\":1695,\"height\":2560},{\"@type\":\"BreadcrumbList\",\"@id\":\"https:\/\/grafio.ee\/toode\/tool-lusia-hele-wenge\/#breadcrumb\",\"itemListElement\":[{\"@type\":\"ListItem\",\"position\":1,\"name\":\"Home\",\"item\":\"https:\/\/www.grafio.ee\/\"},{\"@type\":\"ListItem\",\"position\":2,\"name\":\"K\u00f5ik tooted\",\"item\":\"https:\/\/www.grafio.ee\/shop\/\"},{\"@type\":\"ListItem\",\"position\":3,\"name\":\"Tool Lusia valge p\u00f6\u00f6k\"}]},{\"@type\":\"WebSite\",\"@id\":\"https:\/\/www.grafio.ee\/#website\",\"url\":\"https:\/\/www.grafio.ee\/\",\"name\":\"Grafio.ee\",\"description\":\"sisustus\",\"publisher\":{\"@id\":\"https:\/\/www.grafio.ee\/#organization\"},\"potentialAction\":[{\"@type\":\"SearchAction\",\"target\":{\"@type\":\"EntryPoint\",\"urlTemplate\":\"https:\/\/www.grafio.ee\/?s={search_term_string}\"},\"query-input\":{\"@type\":\"PropertyValueSpecification\",\"valueRequired\":true,\"valueName\":\"search_term_string\"}}],\"inLanguage\":\"en-GB\"},{\"@type\":\"Organization\",\"@id\":\"https:\/\/www.grafio.ee\/#organization\",\"name\":\"Grafio.ee\",\"url\":\"https:\/\/www.grafio.ee\/\",\"logo\":{\"@type\":\"ImageObject\",\"inLanguage\":\"en-GB\",\"@id\":\"https:\/\/www.grafio.ee\/#\/schema\/logo\/image\/\",\"url\":\"https:\/\/grafio.ee\/wp-content\/uploads\/2024\/06\/grafio-logo-black-01b-01.svg\",\"contentUrl\":\"https:\/\/grafio.ee\/wp-content\/uploads\/2024\/06\/grafio-logo-black-01b-01.svg\",\"width\":1000,\"height\":413,\"caption\":\"Grafio.ee\"},\"image\":{\"@id\":\"https:\/\/www.grafio.ee\/#\/schema\/logo\/image\/\"}}]}<\/script>\n<!-- \/ Yoast SEO plugin. -->","yoast_head_json":{"title":"Tool Lusia valge p\u00f6\u00f6k - Grafio.ee","robots":{"index":"index","follow":"follow","max-snippet":"max-snippet:-1","max-image-preview":"max-image-preview:large","max-video-preview":"max-video-preview:-1"},"canonical":"https:\/\/grafio.ee\/en\/product\/tool-lusia-hele-wenge\/","og_locale":"en_GB","og_type":"article","og_title":"Tool Lusia valge p\u00f6\u00f6k - Grafio.ee","og_description":"*Tooli karkass t\u00e4ispsuit, valge p\u00f6\u00f6k  *iste ja seljatugi poroloon, kaetud hele halli kangaga  *m\u00fc\u00fcgil 2tk pakis, kuvatud hind 1t\u00fcki kohta  *tellimisel lisada kogus 2tk","og_url":"https:\/\/grafio.ee\/en\/product\/tool-lusia-hele-wenge\/","og_site_name":"Grafio.ee","article_modified_time":"2025-09-16T06:00:14+00:00","og_image":[{"width":1695,"height":2560,"url":"https:\/\/grafio.ee\/wp-content\/uploads\/2024\/06\/Lusia-scaled.jpg","type":"image\/jpeg"}],"twitter_card":"summary_large_image","twitter_misc":{"Estimated reading time":"1 minute"},"schema":{"@context":"https:\/\/schema.org","@graph":[{"@type":"WebPage","@id":"https:\/\/grafio.ee\/toode\/tool-lusia-hele-wenge\/","url":"https:\/\/grafio.ee\/toode\/tool-lusia-hele-wenge\/","name":"Tool Lusia valge p\u00f6\u00f6k - Grafio.ee","isPartOf":{"@id":"https:\/\/www.grafio.ee\/#website"},"primaryImageOfPage":{"@id":"https:\/\/grafio.ee\/toode\/tool-lusia-hele-wenge\/#primaryimage"},"image":{"@id":"https:\/\/grafio.ee\/toode\/tool-lusia-hele-wenge\/#primaryimage"},"thumbnailUrl":"https:\/\/grafio.ee\/wp-content\/uploads\/2024\/06\/Lusia-scaled.jpg","datePublished":"2024-06-11T10:16:49+00:00","dateModified":"2025-09-16T06:00:14+00:00","breadcrumb":{"@id":"https:\/\/grafio.ee\/toode\/tool-lusia-hele-wenge\/#breadcrumb"},"inLanguage":"en-GB","potentialAction":[{"@type":"ReadAction","target":["https:\/\/grafio.ee\/toode\/tool-lusia-hele-wenge\/"]}]},{"@type":"ImageObject","inLanguage":"en-GB","@id":"https:\/\/grafio.ee\/toode\/tool-lusia-hele-wenge\/#primaryimage","url":"https:\/\/grafio.ee\/wp-content\/uploads\/2024\/06\/Lusia-scaled.jpg","contentUrl":"https:\/\/grafio.ee\/wp-content\/uploads\/2024\/06\/Lusia-scaled.jpg","width":1695,"height":2560},{"@type":"BreadcrumbList","@id":"https:\/\/grafio.ee\/toode\/tool-lusia-hele-wenge\/#breadcrumb","itemListElement":[{"@type":"ListItem","position":1,"name":"Home","item":"https:\/\/www.grafio.ee\/"},{"@type":"ListItem","position":2,"name":"K\u00f5ik tooted","item":"https:\/\/www.grafio.ee\/shop\/"},{"@type":"ListItem","position":3,"name":"Tool Lusia valge p\u00f6\u00f6k"}]},{"@type":"WebSite","@id":"https:\/\/www.grafio.ee\/#website","url":"https:\/\/www.grafio.ee\/","name":"Grafio.ee","description":"sisustus","publisher":{"@id":"https:\/\/www.grafio.ee\/#organization"},"potentialAction":[{"@type":"SearchAction","target":{"@type":"EntryPoint","urlTemplate":"https:\/\/www.grafio.ee\/?s={search_term_string}"},"query-input":{"@type":"PropertyValueSpecification","valueRequired":true,"valueName":"search_term_string"}}],"inLanguage":"en-GB"},{"@type":"Organization","@id":"https:\/\/www.grafio.ee\/#organization","name":"Grafio.ee","url":"https:\/\/www.grafio.ee\/","logo":{"@type":"ImageObject","inLanguage":"en-GB","@id":"https:\/\/www.grafio.ee\/#\/schema\/logo\/image\/","url":"https:\/\/grafio.ee\/wp-content\/uploads\/2024\/06\/grafio-logo-black-01b-01.svg","contentUrl":"https:\/\/grafio.ee\/wp-content\/uploads\/2024\/06\/grafio-logo-black-01b-01.svg","width":1000,"height":413,"caption":"Grafio.ee"},"image":{"@id":"https:\/\/www.grafio.ee\/#\/schema\/logo\/image\/"}}]}},"_links":{"self":[{"href":"https:\/\/grafio.ee\/en\/wp-json\/wp\/v2\/product\/899","targetHints":{"allow":["GET"]}}],"collection":[{"href":"https:\/\/grafio.ee\/en\/wp-json\/wp\/v2\/product"}],"about":[{"href":"https:\/\/grafio.ee\/en\/wp-json\/wp\/v2\/types\/product"}],"wp:featuredmedia":[{"embeddable":true,"href":"https:\/\/grafio.ee\/en\/wp-json\/wp\/v2\/media\/884"}],"wp:attachment":[{"href":"https:\/\/grafio.ee\/en\/wp-json\/wp\/v2\/media?parent=899"}],"wp:term":[{"taxonomy":"product_brand","embeddable":true,"href":"https:\/\/grafio.ee\/en\/wp-json\/wp\/v2\/product_brand?post=899"},{"taxonomy":"product_cat","embeddable":true,"href":"https:\/\/grafio.ee\/en\/wp-json\/wp\/v2\/product_cat?post=899"},{"taxonomy":"product_tag","embeddable":true,"href":"https:\/\/grafio.ee\/en\/wp-json\/wp\/v2\/product_tag?post=899"}],"curies":[{"name":"wp","href":"https:\/\/api.w.org\/{rel}","templated":true}]}}