{"id":908,"date":"2024-06-18T07:51:20","date_gmt":"2024-06-18T07:51:20","guid":{"rendered":"https:\/\/grafio.ee\/?post_type=product&#038;p=908"},"modified":"2026-04-17T12:36:43","modified_gmt":"2026-04-17T09:36:43","slug":"mootoriga-soegrill","status":"publish","type":"product","link":"https:\/\/grafio.ee\/en\/product\/mootoriga-soegrill\/","title":{"rendered":"Mootoriga s\u00f6egrill"},"content":{"rendered":"<p>Uudne grillimis moodus mugavatele inimestele.<\/p>\n<p>Paned liha vardasse ja lased grillil\u00a0 grillimise t\u00f6\u00f6 enda eest \u00e4ra teha.<\/p>\n<p>Tulemus j\u00e4\u00e4b mahlane ja maitsev!<\/p>","protected":false},"excerpt":{"rendered":"<p>Toote m\u00f5\u00f5t:L.70*36*K.85cm<\/p>\n<ul class=\"list\">\n<li>P\u00f6\u00f6rlevate varrastega s\u00f6egrill muudab grillimise eriti mugavamaks kuna liha ei k\u00f5rbe \u00e4ra varraste pideva p\u00f6\u00f6rlemise t\u00f5ttu<\/li>\n<li>Komplekti kuulub 3 \u00fclemist varrast l\u00e4bim\u00f5\u00f5duga 8 mm ja 7 alumist varrast l\u00e4bim\u00f5\u00f5duga 3 mm, k\u00e4epidemed puidust<\/li>\n<li>3 \u00fclemise varda kandev\u00f5ime kuni 1 kg varda kohta ja 7 alumise varda kandev\u00f5ime 500 g varda kohta<\/li>\n<li>M\u00f5lema varda komplektid saab panna eraldi p\u00f6\u00f6rlema t\u00f5stes mootori kas 3 se varda mehhanismi k\u00fclge v\u00f5i 7 se varda mehhanismi k\u00fclge<\/li>\n<li>\u00dclemiste varraste k\u00f5rgust on v\u00f5imalik reguleerida<\/li>\n<li>Komplektis mootor patareiga, 1 patareiga t\u00f6\u00f6tab kuni 10 tundi<\/li>\n<li>Grillvann on valmistatud 2,5mm terasest<\/li>\n<li>Jalgade k\u00f5rgus 51 cm, kergesti demonteeritavad, v\u00f5imaldab grill asetada ka kivist t\u00f6\u00f6pinnale<\/li>\n<li>V\u00e4rvus: sinine<\/li>\n<li>Toodetud: K\u00fcprosel<\/li>\n<li>NB! Kaan ei kuulu komplekti, on eraldi ostetav, 3 viimast pilti illustreerivad<\/li>\n<li><\/li>\n<\/ul>","protected":false},"featured_media":910,"template":"","meta":{"site-sidebar-layout":"default","site-content-layout":"","ast-site-content-layout":"default","site-content-style":"default","site-sidebar-style":"default","ast-global-header-display":"","ast-banner-title-visibility":"","ast-main-header-display":"","ast-hfb-above-header-display":"","ast-hfb-below-header-display":"","ast-hfb-mobile-header-display":"","site-post-title":"","ast-breadcrumbs-content":"","ast-featured-img":"","footer-sml-layout":"","ast-disable-related-posts":"","theme-transparent-header-meta":"default","adv-header-id-meta":"","stick-header-meta":"","header-above-stick-meta":"","header-main-stick-meta":"","header-below-stick-meta":"","astra-migrate-meta-layouts":"set","ast-page-background-enabled":"default","ast-page-background-meta":{"desktop":{"background-color":"var(--ast-global-color-4)","background-image":"","background-repeat":"repeat","background-position":"center center","background-size":"auto","background-attachment":"scroll","background-type":"","background-media":"","overlay-type":"","overlay-color":"","overlay-opacity":"","overlay-gradient":""},"tablet":{"background-color":"","background-image":"","background-repeat":"repeat","background-position":"center center","background-size":"auto","background-attachment":"scroll","background-type":"","background-media":"","overlay-type":"","overlay-color":"","overlay-opacity":"","overlay-gradient":""},"mobile":{"background-color":"","background-image":"","background-repeat":"repeat","background-position":"center center","background-size":"auto","background-attachment":"scroll","background-type":"","background-media":"","overlay-type":"","overlay-color":"","overlay-opacity":"","overlay-gradient":""}},"ast-content-background-meta":{"desktop":{"background-color":"var(--ast-global-color-5)","background-image":"","background-repeat":"repeat","background-position":"center center","background-size":"auto","background-attachment":"scroll","background-type":"","background-media":"","overlay-type":"","overlay-color":"","overlay-opacity":"","overlay-gradient":""},"tablet":{"background-color":"var(--ast-global-color-5)","background-image":"","background-repeat":"repeat","background-position":"center center","background-size":"auto","background-attachment":"scroll","background-type":"","background-media":"","overlay-type":"","overlay-color":"","overlay-opacity":"","overlay-gradient":""},"mobile":{"background-color":"var(--ast-global-color-5)","background-image":"","background-repeat":"repeat","background-position":"center center","background-size":"auto","background-attachment":"scroll","background-type":"","background-media":"","overlay-type":"","overlay-color":"","overlay-opacity":"","overlay-gradient":""}}},"product_brand":[],"product_cat":[16,44],"product_tag":[],"class_list":{"0":"post-908","1":"product","2":"type-product","3":"status-publish","4":"has-post-thumbnail","6":"product_cat-koik-tooted","7":"product_cat-varia","8":"product_shipping_class-up-to-20kg","9":"desktop-align-left","10":"tablet-align-left","11":"mobile-align-left","13":"first","14":"instock","15":"shipping-taxable","16":"purchasable","17":"product-type-simple"},"yoast_head":"<!-- This site is optimized with the Yoast SEO plugin v27.4 - https:\/\/yoast.com\/product\/yoast-seo-wordpress\/ -->\n<title>Mootoriga s\u00f6egrill - Grafio.ee<\/title>\n<meta name=\"robots\" content=\"index, follow, max-snippet:-1, max-image-preview:large, max-video-preview:-1\" \/>\n<link rel=\"canonical\" href=\"https:\/\/grafio.ee\/en\/product\/mootoriga-soegrill\/\" \/>\n<meta property=\"og:locale\" content=\"en_GB\" \/>\n<meta property=\"og:type\" content=\"article\" \/>\n<meta property=\"og:title\" content=\"Mootoriga s\u00f6egrill - Grafio.ee\" \/>\n<meta property=\"og:description\" content=\"Toote m\u00f5\u00f5t:L.70*36*K.85cm   P\u00f6\u00f6rlevate varrastega s\u00f6egrill muudab grillimise eriti mugavamaks kuna liha ei k\u00f5rbe \u00e4ra varraste pideva p\u00f6\u00f6rlemise t\u00f5ttu  Komplekti kuulub 3 \u00fclemist varrast l\u00e4bim\u00f5\u00f5duga 8 mm ja 7 alumist varrast l\u00e4bim\u00f5\u00f5duga 3 mm, k\u00e4epidemed puidust  3 \u00fclemise varda kandev\u00f5ime kuni 1 kg varda kohta ja 7 alumise varda kandev\u00f5ime 500 g varda kohta  M\u00f5lema varda komplektid saab panna eraldi p\u00f6\u00f6rlema t\u00f5stes mootori kas 3 se varda mehhanismi k\u00fclge v\u00f5i 7 se varda mehhanismi k\u00fclge  \u00dclemiste varraste k\u00f5rgust on v\u00f5imalik reguleerida  Komplektis mootor patareiga, 1 patareiga t\u00f6\u00f6tab kuni 10 tundi  Grillvann on valmistatud 2,5mm terasest  Jalgade k\u00f5rgus 51 cm, kergesti demonteeritavad, v\u00f5imaldab grill asetada ka kivist t\u00f6\u00f6pinnale  V\u00e4rvus: sinine  Toodetud: K\u00fcprosel  NB! Kaan ei kuulu komplekti, on eraldi ostetav, 3 viimast pilti illustreerivad\" \/>\n<meta property=\"og:url\" content=\"https:\/\/grafio.ee\/en\/product\/mootoriga-soegrill\/\" \/>\n<meta property=\"og:site_name\" content=\"Grafio.ee\" \/>\n<meta property=\"article:modified_time\" content=\"2026-04-17T09:36:43+00:00\" \/>\n<meta property=\"og:image\" content=\"https:\/\/grafio.ee\/wp-content\/uploads\/2024\/06\/Small-Classic-BBQ-.jpg\" \/>\n\t<meta property=\"og:image:width\" content=\"871\" \/>\n\t<meta property=\"og:image:height\" content=\"1134\" \/>\n\t<meta property=\"og:image:type\" content=\"image\/jpeg\" \/>\n<meta name=\"twitter:card\" content=\"summary_large_image\" \/>\n<meta name=\"twitter:label1\" content=\"Estimated reading time\" \/>\n\t<meta name=\"twitter:data1\" content=\"1 minute\" \/>\n<script type=\"application\/ld+json\" class=\"yoast-schema-graph\">{\"@context\":\"https:\\\/\\\/schema.org\",\"@graph\":[{\"@type\":\"WebPage\",\"@id\":\"https:\\\/\\\/grafio.ee\\\/en\\\/product\\\/mootoriga-soegrill\\\/\",\"url\":\"https:\\\/\\\/grafio.ee\\\/en\\\/product\\\/mootoriga-soegrill\\\/\",\"name\":\"Mootoriga s\u00f6egrill - Grafio.ee\",\"isPartOf\":{\"@id\":\"https:\\\/\\\/grafio.ee\\\/en\\\/#website\"},\"primaryImageOfPage\":{\"@id\":\"https:\\\/\\\/grafio.ee\\\/en\\\/product\\\/mootoriga-soegrill\\\/#primaryimage\"},\"image\":{\"@id\":\"https:\\\/\\\/grafio.ee\\\/en\\\/product\\\/mootoriga-soegrill\\\/#primaryimage\"},\"thumbnailUrl\":\"https:\\\/\\\/grafio.ee\\\/wp-content\\\/uploads\\\/2024\\\/06\\\/Small-Classic-BBQ-.jpg\",\"datePublished\":\"2024-06-18T07:51:20+00:00\",\"dateModified\":\"2026-04-17T09:36:43+00:00\",\"breadcrumb\":{\"@id\":\"https:\\\/\\\/grafio.ee\\\/en\\\/product\\\/mootoriga-soegrill\\\/#breadcrumb\"},\"inLanguage\":\"en-GB\",\"potentialAction\":[{\"@type\":\"ReadAction\",\"target\":[\"https:\\\/\\\/grafio.ee\\\/en\\\/product\\\/mootoriga-soegrill\\\/\"]}]},{\"@type\":\"ImageObject\",\"inLanguage\":\"en-GB\",\"@id\":\"https:\\\/\\\/grafio.ee\\\/en\\\/product\\\/mootoriga-soegrill\\\/#primaryimage\",\"url\":\"https:\\\/\\\/grafio.ee\\\/wp-content\\\/uploads\\\/2024\\\/06\\\/Small-Classic-BBQ-.jpg\",\"contentUrl\":\"https:\\\/\\\/grafio.ee\\\/wp-content\\\/uploads\\\/2024\\\/06\\\/Small-Classic-BBQ-.jpg\",\"width\":871,\"height\":1134,\"caption\":\"SONY DSC\"},{\"@type\":\"BreadcrumbList\",\"@id\":\"https:\\\/\\\/grafio.ee\\\/en\\\/product\\\/mootoriga-soegrill\\\/#breadcrumb\",\"itemListElement\":[{\"@type\":\"ListItem\",\"position\":1,\"name\":\"Home\",\"item\":\"https:\\\/\\\/www.grafio.ee\\\/en\\\/\"},{\"@type\":\"ListItem\",\"position\":2,\"name\":\"K\u00f5ik tooted\",\"item\":\"https:\\\/\\\/www.grafio.ee\\\/en\\\/shop\\\/\"},{\"@type\":\"ListItem\",\"position\":3,\"name\":\"Mootoriga s\u00f6egrill\"}]},{\"@type\":\"WebSite\",\"@id\":\"https:\\\/\\\/grafio.ee\\\/en\\\/#website\",\"url\":\"https:\\\/\\\/grafio.ee\\\/en\\\/\",\"name\":\"Grafio.ee\",\"description\":\"sisustus\",\"publisher\":{\"@id\":\"https:\\\/\\\/grafio.ee\\\/en\\\/#organization\"},\"potentialAction\":[{\"@type\":\"SearchAction\",\"target\":{\"@type\":\"EntryPoint\",\"urlTemplate\":\"https:\\\/\\\/grafio.ee\\\/en\\\/?s={search_term_string}\"},\"query-input\":{\"@type\":\"PropertyValueSpecification\",\"valueRequired\":true,\"valueName\":\"search_term_string\"}}],\"inLanguage\":\"en-GB\"},{\"@type\":\"Organization\",\"@id\":\"https:\\\/\\\/grafio.ee\\\/en\\\/#organization\",\"name\":\"Grafio.ee\",\"url\":\"https:\\\/\\\/grafio.ee\\\/en\\\/\",\"logo\":{\"@type\":\"ImageObject\",\"inLanguage\":\"en-GB\",\"@id\":\"https:\\\/\\\/grafio.ee\\\/en\\\/#\\\/schema\\\/logo\\\/image\\\/\",\"url\":\"https:\\\/\\\/grafio.ee\\\/wp-content\\\/uploads\\\/2024\\\/06\\\/grafio-logo-black-01b-01.svg\",\"contentUrl\":\"https:\\\/\\\/grafio.ee\\\/wp-content\\\/uploads\\\/2024\\\/06\\\/grafio-logo-black-01b-01.svg\",\"width\":1000,\"height\":413,\"caption\":\"Grafio.ee\"},\"image\":{\"@id\":\"https:\\\/\\\/grafio.ee\\\/en\\\/#\\\/schema\\\/logo\\\/image\\\/\"}}]}<\/script>\n<!-- \/ Yoast SEO plugin. -->","yoast_head_json":{"title":"Mootoriga s\u00f6egrill - Grafio.ee","robots":{"index":"index","follow":"follow","max-snippet":"max-snippet:-1","max-image-preview":"max-image-preview:large","max-video-preview":"max-video-preview:-1"},"canonical":"https:\/\/grafio.ee\/en\/product\/mootoriga-soegrill\/","og_locale":"en_GB","og_type":"article","og_title":"Mootoriga s\u00f6egrill - Grafio.ee","og_description":"Toote m\u00f5\u00f5t:L.70*36*K.85cm   P\u00f6\u00f6rlevate varrastega s\u00f6egrill muudab grillimise eriti mugavamaks kuna liha ei k\u00f5rbe \u00e4ra varraste pideva p\u00f6\u00f6rlemise t\u00f5ttu  Komplekti kuulub 3 \u00fclemist varrast l\u00e4bim\u00f5\u00f5duga 8 mm ja 7 alumist varrast l\u00e4bim\u00f5\u00f5duga 3 mm, k\u00e4epidemed puidust  3 \u00fclemise varda kandev\u00f5ime kuni 1 kg varda kohta ja 7 alumise varda kandev\u00f5ime 500 g varda kohta  M\u00f5lema varda komplektid saab panna eraldi p\u00f6\u00f6rlema t\u00f5stes mootori kas 3 se varda mehhanismi k\u00fclge v\u00f5i 7 se varda mehhanismi k\u00fclge  \u00dclemiste varraste k\u00f5rgust on v\u00f5imalik reguleerida  Komplektis mootor patareiga, 1 patareiga t\u00f6\u00f6tab kuni 10 tundi  Grillvann on valmistatud 2,5mm terasest  Jalgade k\u00f5rgus 51 cm, kergesti demonteeritavad, v\u00f5imaldab grill asetada ka kivist t\u00f6\u00f6pinnale  V\u00e4rvus: sinine  Toodetud: K\u00fcprosel  NB! Kaan ei kuulu komplekti, on eraldi ostetav, 3 viimast pilti illustreerivad","og_url":"https:\/\/grafio.ee\/en\/product\/mootoriga-soegrill\/","og_site_name":"Grafio.ee","article_modified_time":"2026-04-17T09:36:43+00:00","og_image":[{"width":871,"height":1134,"url":"https:\/\/grafio.ee\/wp-content\/uploads\/2024\/06\/Small-Classic-BBQ-.jpg","type":"image\/jpeg"}],"twitter_card":"summary_large_image","twitter_misc":{"Estimated reading time":"1 minute"},"schema":{"@context":"https:\/\/schema.org","@graph":[{"@type":"WebPage","@id":"https:\/\/grafio.ee\/en\/product\/mootoriga-soegrill\/","url":"https:\/\/grafio.ee\/en\/product\/mootoriga-soegrill\/","name":"Mootoriga s\u00f6egrill - Grafio.ee","isPartOf":{"@id":"https:\/\/grafio.ee\/en\/#website"},"primaryImageOfPage":{"@id":"https:\/\/grafio.ee\/en\/product\/mootoriga-soegrill\/#primaryimage"},"image":{"@id":"https:\/\/grafio.ee\/en\/product\/mootoriga-soegrill\/#primaryimage"},"thumbnailUrl":"https:\/\/grafio.ee\/wp-content\/uploads\/2024\/06\/Small-Classic-BBQ-.jpg","datePublished":"2024-06-18T07:51:20+00:00","dateModified":"2026-04-17T09:36:43+00:00","breadcrumb":{"@id":"https:\/\/grafio.ee\/en\/product\/mootoriga-soegrill\/#breadcrumb"},"inLanguage":"en-GB","potentialAction":[{"@type":"ReadAction","target":["https:\/\/grafio.ee\/en\/product\/mootoriga-soegrill\/"]}]},{"@type":"ImageObject","inLanguage":"en-GB","@id":"https:\/\/grafio.ee\/en\/product\/mootoriga-soegrill\/#primaryimage","url":"https:\/\/grafio.ee\/wp-content\/uploads\/2024\/06\/Small-Classic-BBQ-.jpg","contentUrl":"https:\/\/grafio.ee\/wp-content\/uploads\/2024\/06\/Small-Classic-BBQ-.jpg","width":871,"height":1134,"caption":"SONY DSC"},{"@type":"BreadcrumbList","@id":"https:\/\/grafio.ee\/en\/product\/mootoriga-soegrill\/#breadcrumb","itemListElement":[{"@type":"ListItem","position":1,"name":"Home","item":"https:\/\/www.grafio.ee\/en\/"},{"@type":"ListItem","position":2,"name":"K\u00f5ik tooted","item":"https:\/\/www.grafio.ee\/en\/shop\/"},{"@type":"ListItem","position":3,"name":"Mootoriga s\u00f6egrill"}]},{"@type":"WebSite","@id":"https:\/\/grafio.ee\/en\/#website","url":"https:\/\/grafio.ee\/en\/","name":"Grafio.ee","description":"sisustus","publisher":{"@id":"https:\/\/grafio.ee\/en\/#organization"},"potentialAction":[{"@type":"SearchAction","target":{"@type":"EntryPoint","urlTemplate":"https:\/\/grafio.ee\/en\/?s={search_term_string}"},"query-input":{"@type":"PropertyValueSpecification","valueRequired":true,"valueName":"search_term_string"}}],"inLanguage":"en-GB"},{"@type":"Organization","@id":"https:\/\/grafio.ee\/en\/#organization","name":"Grafio.ee","url":"https:\/\/grafio.ee\/en\/","logo":{"@type":"ImageObject","inLanguage":"en-GB","@id":"https:\/\/grafio.ee\/en\/#\/schema\/logo\/image\/","url":"https:\/\/grafio.ee\/wp-content\/uploads\/2024\/06\/grafio-logo-black-01b-01.svg","contentUrl":"https:\/\/grafio.ee\/wp-content\/uploads\/2024\/06\/grafio-logo-black-01b-01.svg","width":1000,"height":413,"caption":"Grafio.ee"},"image":{"@id":"https:\/\/grafio.ee\/en\/#\/schema\/logo\/image\/"}}]}},"_links":{"self":[{"href":"https:\/\/grafio.ee\/en\/wp-json\/wp\/v2\/product\/908","targetHints":{"allow":["GET"]}}],"collection":[{"href":"https:\/\/grafio.ee\/en\/wp-json\/wp\/v2\/product"}],"about":[{"href":"https:\/\/grafio.ee\/en\/wp-json\/wp\/v2\/types\/product"}],"wp:featuredmedia":[{"embeddable":true,"href":"https:\/\/grafio.ee\/en\/wp-json\/wp\/v2\/media\/910"}],"wp:attachment":[{"href":"https:\/\/grafio.ee\/en\/wp-json\/wp\/v2\/media?parent=908"}],"wp:term":[{"taxonomy":"product_brand","embeddable":true,"href":"https:\/\/grafio.ee\/en\/wp-json\/wp\/v2\/product_brand?post=908"},{"taxonomy":"product_cat","embeddable":true,"href":"https:\/\/grafio.ee\/en\/wp-json\/wp\/v2\/product_cat?post=908"},{"taxonomy":"product_tag","embeddable":true,"href":"https:\/\/grafio.ee\/en\/wp-json\/wp\/v2\/product_tag?post=908"}],"curies":[{"name":"wp","href":"https:\/\/api.w.org\/{rel}","templated":true}]}}